{"id":149855,"date":"2024-01-17T13:31:46","date_gmt":"2025-05-25T12:37:24","guid":{"rendered":"https:\/\/kingarms.ee\/product\/jostas-soma\/"},"modified":"2025-08-03T13:07:45","modified_gmt":"2025-08-03T10:07:45","slug":"jostas-soma","status":"publish","type":"product","link":"https:\/\/kingarms.ee\/lv\/product\/jostas-soma\/","title":{"rendered":"Jostas soma"},"content":{"rendered":"","protected":false},"excerpt":{"rendered":"<p>Jostas soma ar \u016bdens pudeli<\/p>\n<p>regul\u0113jama piesprau\u017eama jostasvieta<br \/>\n1 r\u0101v\u0113jsl\u0113dz\u0113ja kabata katr\u0101 pus\u0113<br \/>\n1 acu kabata dz\u0113rienu pudelei<br \/>\nregul\u0113jama siksna fiks\u0101cijai<br \/>\n1 galven\u0101 atvilktne ar 1 izvelkamu atvilktni<br \/>\nar r\u0101v\u0113jsl\u0113dz\u0113ju<br \/>\n1 kabata ar r\u0101v\u0113jsl\u0113dz\u0113ju<br \/>\n1 aug\u0161\u0113jais rokturis<br \/>\nsh. pudele (ca 500 ml) Izgatavota no PVC<br \/>\nGalven\u0101s kameras izm\u0113ri:<br \/>\napm. 21 x 16 x 6 cm (L x W x S)<br \/>\nSvars: apm. 330 g<\/p>\n<p>Materi\u0101ls:<br \/>\n100% poliesters<br \/>\n\u200b<\/p>\n","protected":false},"featured_media":133884,"template":"","meta":{"_acf_changed":false},"product_brand":[],"product_cat":[1098,1103,1102],"product_tag":[],"class_list":{"0":"post-149855","1":"product","2":"type-product","3":"status-publish","4":"has-post-thumbnail","6":"product_cat-maisini-somas-un-siksnas","7":"product_cat-somas-lv","8":"product_cat-udens-maisini","10":"first","11":"instock","12":"taxable","13":"shipping-taxable","14":"purchasable","15":"product-type-simple"},"acf":[],"_links":{"self":[{"href":"https:\/\/kingarms.ee\/lv\/wp-json\/wp\/v2\/product\/149855","targetHints":{"allow":["GET"]}}],"collection":[{"href":"https:\/\/kingarms.ee\/lv\/wp-json\/wp\/v2\/product"}],"about":[{"href":"https:\/\/kingarms.ee\/lv\/wp-json\/wp\/v2\/types\/product"}],"wp:featuredmedia":[{"embeddable":true,"href":"https:\/\/kingarms.ee\/lv\/wp-json\/wp\/v2\/media\/133884"}],"wp:attachment":[{"href":"https:\/\/kingarms.ee\/lv\/wp-json\/wp\/v2\/media?parent=149855"}],"wp:term":[{"taxonomy":"product_brand","embeddable":true,"href":"https:\/\/kingarms.ee\/lv\/wp-json\/wp\/v2\/product_brand?post=149855"},{"taxonomy":"product_cat","embeddable":true,"href":"https:\/\/kingarms.ee\/lv\/wp-json\/wp\/v2\/product_cat?post=149855"},{"taxonomy":"product_tag","embeddable":true,"href":"https:\/\/kingarms.ee\/lv\/wp-json\/wp\/v2\/product_tag?post=149855"}],"curies":[{"name":"wp","href":"https:\/\/api.w.org\/{rel}","templated":true}]}}