{"id":149861,"date":"2024-01-17T13:25:54","date_gmt":"2025-05-25T12:38:26","guid":{"rendered":"https:\/\/kingarms.ee\/product\/elmabur\/"},"modified":"2025-08-03T13:09:47","modified_gmt":"2025-08-03T10:09:47","slug":"elmabur","status":"publish","type":"product","link":"https:\/\/kingarms.ee\/lv\/product\/elmabur\/","title":{"rendered":"Elmabur"},"content":{"rendered":"","protected":false},"excerpt":{"rendered":"<p>Elmabur<\/p>\n<p>lieto\u0161anai ar labo roku<br \/>\n2 regul\u0113jamas, no\u0146emamas k\u0101ju siksnas ar<br \/>\nnoklik\u0161\u0137iniet uz aizv\u0113r\u0161anas un elast\u012bg\u0101 ielikt\u0146a<br \/>\nno\u0146emama, regul\u0113jama siksna ar<br \/>\nnoklik\u0161\u0137iniet uz Aizv\u0113rt<br \/>\n\u0101\u0137a cilpas stiprin\u0101jums jostas cilpai<br \/>\nsiksnas l\u012bdz apm. 7 cm<br \/>\nmaci\u0146\u0161 ar regul\u0113jamu \u0101\u0137i un cilpu<br \/>\nun 2 nospiediet pogas<br \/>\ns\u0101niski piestiprin\u0101ta \u017eurn\u0101la soma<br \/>\nno\u0146emams, regul\u0113jams \u0101\u0137a cilpas stiprin\u0101jums<\/p>\n<p>Materi\u0101ls:<br \/>\n100% poliesters<\/p>\n","protected":false},"featured_media":134394,"template":"","meta":{"_acf_changed":false},"product_brand":[],"product_cat":[1026],"product_tag":[],"class_list":{"0":"post-149861","1":"product","2":"type-product","3":"status-publish","4":"has-post-thumbnail","6":"product_cat-barkstisti","8":"first","9":"instock","10":"taxable","11":"shipping-taxable","12":"purchasable","13":"product-type-simple"},"acf":[],"_links":{"self":[{"href":"https:\/\/kingarms.ee\/lv\/wp-json\/wp\/v2\/product\/149861","targetHints":{"allow":["GET"]}}],"collection":[{"href":"https:\/\/kingarms.ee\/lv\/wp-json\/wp\/v2\/product"}],"about":[{"href":"https:\/\/kingarms.ee\/lv\/wp-json\/wp\/v2\/types\/product"}],"wp:featuredmedia":[{"embeddable":true,"href":"https:\/\/kingarms.ee\/lv\/wp-json\/wp\/v2\/media\/134394"}],"wp:attachment":[{"href":"https:\/\/kingarms.ee\/lv\/wp-json\/wp\/v2\/media?parent=149861"}],"wp:term":[{"taxonomy":"product_brand","embeddable":true,"href":"https:\/\/kingarms.ee\/lv\/wp-json\/wp\/v2\/product_brand?post=149861"},{"taxonomy":"product_cat","embeddable":true,"href":"https:\/\/kingarms.ee\/lv\/wp-json\/wp\/v2\/product_cat?post=149861"},{"taxonomy":"product_tag","embeddable":true,"href":"https:\/\/kingarms.ee\/lv\/wp-json\/wp\/v2\/product_tag?post=149861"}],"curies":[{"name":"wp","href":"https:\/\/api.w.org\/{rel}","templated":true}]}}