{"id":149866,"date":"2022-09-12T17:12:34","date_gmt":"2025-05-25T12:38:48","guid":{"rendered":"https:\/\/kingarms.ee\/product\/nakts-noverosanas-ierice-l-shine-ls-650-6x50\/"},"modified":"2025-05-25T15:38:48","modified_gmt":"2025-05-25T12:38:48","slug":"nakts-noverosanas-ierice-l-shine-ls-650-6x50","status":"publish","type":"product","link":"https:\/\/kingarms.ee\/lv\/product\/nakts-noverosanas-ierice-l-shine-ls-650-6x50\/","title":{"rendered":"Nakts nov\u0113ro\u0161anas ier\u012bce-L-Shine LS-650 6&#215;50"},"content":{"rendered":"<p><img loading=\"lazy\" decoding=\"async\" class=\"alignnone size-medium wp-image-61541\" src=\"https:\/\/kingarms.ee\/wp-content\/uploads\/2022\/09\/monokular-cyfrowy-noktowizor-l-shine-ls-650-6x50-1-300x300.jpeg\" alt=\"\" width=\"300\" height=\"300\" srcset=\"https:\/\/kingarms.ee\/wp-content\/uploads\/2022\/09\/monokular-cyfrowy-noktowizor-l-shine-ls-650-6x50-1-300x300.jpeg 300w, https:\/\/kingarms.ee\/wp-content\/uploads\/2022\/09\/monokular-cyfrowy-noktowizor-l-shine-ls-650-6x50-1-150x150.jpeg 150w, https:\/\/kingarms.ee\/wp-content\/uploads\/2022\/09\/monokular-cyfrowy-noktowizor-l-shine-ls-650-6x50-1-768x768.jpeg 768w, https:\/\/kingarms.ee\/wp-content\/uploads\/2022\/09\/monokular-cyfrowy-noktowizor-l-shine-ls-650-6x50-1-500x500.jpeg 500w, https:\/\/kingarms.ee\/wp-content\/uploads\/2022\/09\/monokular-cyfrowy-noktowizor-l-shine-ls-650-6x50-1.jpeg 950w\" sizes=\"auto, (max-width: 300px) 100vw, 300px\" \/><\/p>\n","protected":false},"excerpt":{"rendered":"<p>Nakts nov\u0113ro\u0161anas ier\u012bce-L-Shine LS-650 6&#215;50<\/p>\n<p>L-Shine LS-650 ir neliela digit\u0101l\u0101 rise Vision izst\u0101de, kas paredz\u0113ta dienas un nakts nov\u0113ro\u0161anai. Pateicoties efekt\u012bvajam 5 Mpx CMOS sensoram, efekt\u012bvais nov\u0113ro\u0161anas diapazons sasniedz 500 m (p\u0101rbaud\u012bts). Tas kop\u0101 ar film\u0113\u0161anas un \u0161au\u0161anas iesp\u0113ju dod medniekiem, dabas nov\u0113rot\u0101jiem un priv\u0101tiem detekt\u012bviem lielu r\u012bc\u012bbas potenci\u0101lu.  <\/p>\n<p>L-Shine LS 650 digit\u0101l\u0101s nakts redzam\u012bbas ier\u012bces specifik\u0101cija<br \/>\nSkata le\u0146\u0137a lauks J\u0101, 4 gr\u0101di<br \/>\n1.5 TFT LCD ekr\u0101ns<br \/>\nAtbalsts microSD atmi\u0146as kart\u0113m l\u012bdz 32 GB<br \/>\n850 nm infrasarkan\u0101 gaisma<br \/>\nSkata lauka platums ca 100 m att\u0101lum\u0101 ir ca 6,8 m<br \/>\nDigit\u0101l\u0101 t\u0101lummai\u0146a l\u012bdz 5x<br \/>\nMaksim\u0101lais diapazons ir 500 m (p\u0101rbaud\u012bts)<br \/>\nAcu att\u0101lums 20 mm<br \/>\nPalielin\u0101jums 6-30 x<br \/>\nOptisk\u0101 t\u0101lummai\u0146a 6x t\u0101lummai\u0146a<br \/>\nOkul\u0101ra platums 18 mm<br \/>\nFotoatt\u0113lu iz\u0161\u0137irtsp\u0113ja 2592 * 1944 1600 * 1200 640 * 480<br \/>\nBaro\u0161anas avots 4 x AA<br \/>\nIzm\u0113ri 208 mm<br \/>\nSvars 765 g<br \/>\nObjekt\u012bva diametrs 50 mm 1<\/p>\n","protected":false},"featured_media":123300,"template":"","meta":{"_acf_changed":false},"product_brand":[],"product_cat":[1040],"product_tag":[],"class_list":{"0":"post-149866","1":"product","2":"type-product","3":"status-publish","4":"has-post-thumbnail","6":"product_cat-nakts-laika-aprikojums","8":"first","9":"instock","10":"taxable","11":"shipping-taxable","12":"purchasable","13":"product-type-simple"},"acf":[],"_links":{"self":[{"href":"https:\/\/kingarms.ee\/lv\/wp-json\/wp\/v2\/product\/149866","targetHints":{"allow":["GET"]}}],"collection":[{"href":"https:\/\/kingarms.ee\/lv\/wp-json\/wp\/v2\/product"}],"about":[{"href":"https:\/\/kingarms.ee\/lv\/wp-json\/wp\/v2\/types\/product"}],"wp:featuredmedia":[{"embeddable":true,"href":"https:\/\/kingarms.ee\/lv\/wp-json\/wp\/v2\/media\/123300"}],"wp:attachment":[{"href":"https:\/\/kingarms.ee\/lv\/wp-json\/wp\/v2\/media?parent=149866"}],"wp:term":[{"taxonomy":"product_brand","embeddable":true,"href":"https:\/\/kingarms.ee\/lv\/wp-json\/wp\/v2\/product_brand?post=149866"},{"taxonomy":"product_cat","embeddable":true,"href":"https:\/\/kingarms.ee\/lv\/wp-json\/wp\/v2\/product_cat?post=149866"},{"taxonomy":"product_tag","embeddable":true,"href":"https:\/\/kingarms.ee\/lv\/wp-json\/wp\/v2\/product_tag?post=149866"}],"curies":[{"name":"wp","href":"https:\/\/api.w.org\/{rel}","templated":true}]}}