{"id":149868,"date":"2024-01-17T13:15:57","date_gmt":"2025-05-25T12:39:27","guid":{"rendered":"https:\/\/kingarms.ee\/product\/plecu-soma-2\/"},"modified":"2025-08-03T13:11:46","modified_gmt":"2025-08-03T10:11:46","slug":"plecu-soma-2","status":"publish","type":"product","link":"https:\/\/kingarms.ee\/lv\/product\/plecu-soma-2\/","title":{"rendered":"Plecu soma"},"content":{"rendered":"","protected":false},"excerpt":{"rendered":"<p>Plecu soma<\/p>\n<p>regul\u0113jama, no\u0146emama klik\u0161\u0137u siksna<br \/>\njostas stiprin\u0101jums aizmugur\u0113 un aug\u0161pus\u0113<br \/>\njostas stiprin\u0101jums jost\u0101m l\u012bdz apm. 5 cm nospie\u017eot<br \/>\npogas un jostas l\u012bdz apm. 12 cm att\u0101lum\u0101<br \/>\n\u0101\u0137a cilpas stiprin\u0101jums<br \/>\n2 integr\u0113tas bl\u012bv\u0113juma jostas<br \/>\np\u0101rn\u0113s\u0101\u0161anas rokturis un 2 klik\u0161\u0137u aizv\u0113r\u0161ana<br \/>\nliela galven\u0101 atvilktne ar r\u0101v\u0113jsl\u0113dz\u0113ju un acu kabatu<br \/>\n2 s\u0101nos piestiprin\u0101tas kabatas ar r\u0101v\u0113jsl\u0113dz\u0113ju un<br \/>\nstiprin\u0101juma cilpas<br \/>\nfiks\u0113ta priek\u0161\u0113j\u0101 kabata ar 3 izvelkamiem nodal\u012bjumiem<br \/>\nun piestiprin\u0101tas cilpi\u0146as un 1 z\u012bmu\u013ca tur\u0113t\u0101js<br \/>\nab\u0101s pus\u0113s<br \/>\nIzm\u0113ri: apm. 30 x 15 x 7 cm (L x W x S)<br \/>\nSvars: apm. 550 g<\/p>\n<p>Materi\u0101ls:<br \/>\n100% poliesters<\/p>\n","protected":false},"featured_media":133860,"template":"","meta":{"_acf_changed":false},"product_brand":[],"product_cat":[1098,1099],"product_tag":[],"class_list":{"0":"post-149868","1":"product","2":"type-product","3":"status-publish","4":"has-post-thumbnail","6":"product_cat-maisini-somas-un-siksnas","7":"product_cat-plecu-somas","9":"first","10":"instock","11":"taxable","12":"shipping-taxable","13":"purchasable","14":"product-type-simple"},"acf":[],"_links":{"self":[{"href":"https:\/\/kingarms.ee\/lv\/wp-json\/wp\/v2\/product\/149868","targetHints":{"allow":["GET"]}}],"collection":[{"href":"https:\/\/kingarms.ee\/lv\/wp-json\/wp\/v2\/product"}],"about":[{"href":"https:\/\/kingarms.ee\/lv\/wp-json\/wp\/v2\/types\/product"}],"wp:featuredmedia":[{"embeddable":true,"href":"https:\/\/kingarms.ee\/lv\/wp-json\/wp\/v2\/media\/133860"}],"wp:attachment":[{"href":"https:\/\/kingarms.ee\/lv\/wp-json\/wp\/v2\/media?parent=149868"}],"wp:term":[{"taxonomy":"product_brand","embeddable":true,"href":"https:\/\/kingarms.ee\/lv\/wp-json\/wp\/v2\/product_brand?post=149868"},{"taxonomy":"product_cat","embeddable":true,"href":"https:\/\/kingarms.ee\/lv\/wp-json\/wp\/v2\/product_cat?post=149868"},{"taxonomy":"product_tag","embeddable":true,"href":"https:\/\/kingarms.ee\/lv\/wp-json\/wp\/v2\/product_tag?post=149868"}],"curies":[{"name":"wp","href":"https:\/\/api.w.org\/{rel}","templated":true}]}}