{"id":149874,"date":"2024-01-17T12:48:26","date_gmt":"2025-05-25T12:41:05","guid":{"rendered":"https:\/\/kingarms.ee\/product\/liela-pirmas-palidzibas-soma-3\/"},"modified":"2025-08-03T13:16:45","modified_gmt":"2025-08-03T10:16:45","slug":"liela-pirmas-palidzibas-soma-3","status":"publish","type":"product","link":"https:\/\/kingarms.ee\/lv\/product\/liela-pirmas-palidzibas-soma-3\/","title":{"rendered":"Liela pirm\u0101s pal\u012bdz\u012bbas soma"},"content":{"rendered":"","protected":false},"excerpt":{"rendered":"<p>Liela pirm\u0101s pal\u012bdz\u012bbas soma<\/p>\n<p>no\u0146emama \u0101\u0137a cilpas Molle gult\u0146u pl\u0101ksne<br \/>\nun 2 D-gredzeni un 2 Molle mont\u0101\u017eas siksnas<br \/>\naizmugur\u0113 ar nospie\u0161anas pogu<br \/>\nno\u0146emama un regul\u0113jama plecu siksna<br \/>\npriek\u0161\u0113j\u0101s Molle mont\u0101\u017eas cilpas<br \/>\nregul\u0113jama dro\u0161\u012bbas siksna ar \u0101\u0137a cilpu<br \/>\nno\u0146emams rokturis, sarkans<br \/>\n\u0101\u0137a un cilpas mar\u0137\u0113jums<br \/>\nlooping panelis ar pl\u0101ksteri &#8220;Pirm\u0101 pal\u012bdz\u012bba&#8221;.<br \/>\n1 galven\u0101 atvilktne ar divvirzienu sl\u0113dzeni<br \/>\nda\u017e\u0101das izgriezt\u0101s \u0161\u016bnas un<br \/>\ngumijas cilpas iek\u0161pus\u0113<br \/>\nPieg\u0101d\u0101ts bez satura!<br \/>\nIzm\u0113ri: apm. 21 x 22 x 12 cm (L x W x S)<\/p>\n<p>Materi\u0101ls:<br \/>\n100% poliesters<\/p>\n","protected":false},"featured_media":134350,"template":"","meta":{"_acf_changed":false},"product_brand":[],"product_cat":[1104,1098],"product_tag":[],"class_list":{"0":"post-149874","1":"product","2":"type-product","3":"status-publish","4":"has-post-thumbnail","6":"product_cat-kabatas","7":"product_cat-maisini-somas-un-siksnas","9":"first","10":"instock","11":"taxable","12":"shipping-taxable","13":"purchasable","14":"product-type-simple"},"acf":[],"_links":{"self":[{"href":"https:\/\/kingarms.ee\/lv\/wp-json\/wp\/v2\/product\/149874","targetHints":{"allow":["GET"]}}],"collection":[{"href":"https:\/\/kingarms.ee\/lv\/wp-json\/wp\/v2\/product"}],"about":[{"href":"https:\/\/kingarms.ee\/lv\/wp-json\/wp\/v2\/types\/product"}],"wp:featuredmedia":[{"embeddable":true,"href":"https:\/\/kingarms.ee\/lv\/wp-json\/wp\/v2\/media\/134350"}],"wp:attachment":[{"href":"https:\/\/kingarms.ee\/lv\/wp-json\/wp\/v2\/media?parent=149874"}],"wp:term":[{"taxonomy":"product_brand","embeddable":true,"href":"https:\/\/kingarms.ee\/lv\/wp-json\/wp\/v2\/product_brand?post=149874"},{"taxonomy":"product_cat","embeddable":true,"href":"https:\/\/kingarms.ee\/lv\/wp-json\/wp\/v2\/product_cat?post=149874"},{"taxonomy":"product_tag","embeddable":true,"href":"https:\/\/kingarms.ee\/lv\/wp-json\/wp\/v2\/product_tag?post=149874"}],"curies":[{"name":"wp","href":"https:\/\/api.w.org\/{rel}","templated":true}]}}