{"id":149879,"date":"2024-01-17T12:25:05","date_gmt":"2025-05-25T12:41:19","guid":{"rendered":"https:\/\/kingarms.ee\/product\/udens-maisins-2-5-l-2\/"},"modified":"2025-08-03T13:21:16","modified_gmt":"2025-08-03T10:21:16","slug":"udens-maisins-2-5-l-2","status":"publish","type":"product","link":"https:\/\/kingarms.ee\/lv\/product\/udens-maisins-2-5-l-2\/","title":{"rendered":"\u016adens maisi\u0146\u0161 2.5 l<br><br>"},"content":{"rendered":"","protected":false},"excerpt":{"rendered":"<p>\u016adens maisi\u0146\u0161 2.5 l<\/p>\n<p>regul\u0113jamas plecu siksnas ar 2 D-gredzeniem<br \/>\nun 1 klik\u0161\u0137a sl\u0113g\u0161ana<br \/>\nregul\u0113jama kr\u016b\u0161u siksna<br \/>\naizmugure ar speci\u0101li struktur\u0113tu polster\u0113jumu<br \/>\nventil\u0101cijai un ievelkamai kamerai<br \/>\n1 rokturis aug\u0161pus\u0113 un priek\u0161\u0101<br \/>\n4 s\u0101nu D-gredzeni<br \/>\nIzm\u0113ri: apm. 22 x 45 x 2,5 cm (L x W x S)<br \/>\nSvars: apm. 500 g<\/p>\n<p>Materi\u0101ls:<br \/>\n100% poliesters<\/p>\n","protected":false},"featured_media":134362,"template":"","meta":{"_acf_changed":false},"product_brand":[],"product_cat":[1098,1102],"product_tag":[],"class_list":{"0":"post-149879","1":"product","2":"type-product","3":"status-publish","4":"has-post-thumbnail","6":"product_cat-maisini-somas-un-siksnas","7":"product_cat-udens-maisini","9":"first","10":"instock","11":"taxable","12":"shipping-taxable","13":"purchasable","14":"product-type-simple"},"acf":[],"_links":{"self":[{"href":"https:\/\/kingarms.ee\/lv\/wp-json\/wp\/v2\/product\/149879","targetHints":{"allow":["GET"]}}],"collection":[{"href":"https:\/\/kingarms.ee\/lv\/wp-json\/wp\/v2\/product"}],"about":[{"href":"https:\/\/kingarms.ee\/lv\/wp-json\/wp\/v2\/types\/product"}],"wp:featuredmedia":[{"embeddable":true,"href":"https:\/\/kingarms.ee\/lv\/wp-json\/wp\/v2\/media\/134362"}],"wp:attachment":[{"href":"https:\/\/kingarms.ee\/lv\/wp-json\/wp\/v2\/media?parent=149879"}],"wp:term":[{"taxonomy":"product_brand","embeddable":true,"href":"https:\/\/kingarms.ee\/lv\/wp-json\/wp\/v2\/product_brand?post=149879"},{"taxonomy":"product_cat","embeddable":true,"href":"https:\/\/kingarms.ee\/lv\/wp-json\/wp\/v2\/product_cat?post=149879"},{"taxonomy":"product_tag","embeddable":true,"href":"https:\/\/kingarms.ee\/lv\/wp-json\/wp\/v2\/product_tag?post=149879"}],"curies":[{"name":"wp","href":"https:\/\/api.w.org\/{rel}","templated":true}]}}