{"id":149880,"date":"2022-07-27T13:36:13","date_gmt":"2025-05-25T12:41:36","guid":{"rendered":"https:\/\/kingarms.ee\/product\/gulammaiss-extreme-mil-tec\/"},"modified":"2025-05-25T15:41:36","modified_gmt":"2025-05-25T12:41:36","slug":"gulammaiss-extreme-mil-tec","status":"publish","type":"product","link":"https:\/\/kingarms.ee\/lv\/product\/gulammaiss-extreme-mil-tec\/","title":{"rendered":"Gu\u013cammaiss-Extreme (Mil-Tec)"},"content":{"rendered":"<p><img loading=\"lazy\" decoding=\"async\" class=\"alignnone size-medium wp-image-61128\" src=\"https:\/\/kingarms.ee\/wp-content\/uploads\/2022\/07\/4780_1-300x168.png\" alt=\"\" width=\"300\" height=\"168\" srcset=\"https:\/\/kingarms.ee\/wp-content\/uploads\/2022\/07\/4780_1-300x168.png 300w, https:\/\/kingarms.ee\/wp-content\/uploads\/2022\/07\/4780_1-500x281.png 500w, https:\/\/kingarms.ee\/wp-content\/uploads\/2022\/07\/4780_1-150x84.png 150w, https:\/\/kingarms.ee\/wp-content\/uploads\/2022\/07\/4780_1.png 638w\" sizes=\"auto, (max-width: 300px) 100vw, 300px\" \/><\/p>\n","protected":false},"excerpt":{"rendered":"<p>Gu\u013cammaiss-Extreme (Mil-Tec)<\/p>\n<p>Tehniskie dati:<br \/>\n&#8211; augstas kvalit\u0101tes gu\u013cammaiss no v\u0101cu ra\u017eot\u0101ja Mil-Tecalam<br \/>\n&#8211; integr\u0113ta kapuce un silta apkakle ar auklu<br \/>\n&#8211; 2-way stick guard R\u0101v\u0113jsl\u0113dz\u0113js (\u0101\u0137a un cilpas sl\u0113g\u0161ana)<br \/>\n&#8211; transporta soma<br \/>\n&#8211; gu\u013cammaiss ir izmantojams ar\u012b k\u0101 sega<\/p>\n<p>Izm\u0113ri: 190 x 75 cm<br \/>\nIepakojuma izm\u0113rs: 37 x 19 cm<br \/>\nSvars: apm. 1000 g<br \/>\nExtreme diapazons: l\u012bdz ca. -5 gr\u0101di  <\/p>\n<p>Materi\u0101ls:<br \/>\n&#8211; \u0100r\u0113jais: 100% poliesters<br \/>\n&#8211; odere: 100% poliesters<br \/>\n&#8211; pild\u012bjums: 100% poliesters<br \/>\n&#8211; transporta soma: 100% poliesters.<\/p>\n","protected":false},"featured_media":133193,"template":"","meta":{"_acf_changed":false},"product_brand":[],"product_cat":[1096],"product_tag":[],"class_list":{"0":"post-149880","1":"product","2":"type-product","3":"status-publish","4":"has-post-thumbnail","6":"product_cat-gulammaisi","8":"first","9":"instock","10":"taxable","11":"shipping-taxable","12":"purchasable","13":"product-type-simple"},"acf":[],"_links":{"self":[{"href":"https:\/\/kingarms.ee\/lv\/wp-json\/wp\/v2\/product\/149880","targetHints":{"allow":["GET"]}}],"collection":[{"href":"https:\/\/kingarms.ee\/lv\/wp-json\/wp\/v2\/product"}],"about":[{"href":"https:\/\/kingarms.ee\/lv\/wp-json\/wp\/v2\/types\/product"}],"wp:featuredmedia":[{"embeddable":true,"href":"https:\/\/kingarms.ee\/lv\/wp-json\/wp\/v2\/media\/133193"}],"wp:attachment":[{"href":"https:\/\/kingarms.ee\/lv\/wp-json\/wp\/v2\/media?parent=149880"}],"wp:term":[{"taxonomy":"product_brand","embeddable":true,"href":"https:\/\/kingarms.ee\/lv\/wp-json\/wp\/v2\/product_brand?post=149880"},{"taxonomy":"product_cat","embeddable":true,"href":"https:\/\/kingarms.ee\/lv\/wp-json\/wp\/v2\/product_cat?post=149880"},{"taxonomy":"product_tag","embeddable":true,"href":"https:\/\/kingarms.ee\/lv\/wp-json\/wp\/v2\/product_tag?post=149880"}],"curies":[{"name":"wp","href":"https:\/\/api.w.org\/{rel}","templated":true}]}}