{"id":149887,"date":"2024-01-17T12:06:01","date_gmt":"2025-05-25T12:43:26","guid":{"rendered":"https:\/\/kingarms.ee\/product\/dzelonstieples-50m\/"},"modified":"2025-08-03T13:24:57","modified_gmt":"2025-08-03T10:24:57","slug":"dzelonstieples-50m","status":"publish","type":"product","link":"https:\/\/kingarms.ee\/lv\/product\/dzelonstieples-50m\/","title":{"rendered":"Dzelo\u0146stieples 50m"},"content":{"rendered":"","protected":false},"excerpt":{"rendered":"<p>Dzelo\u0146stieples 50m<\/p>\n<p>Nato stieple, uzlabota dzelo\u0146stieples<br \/>\nmalas tiek aizst\u0101tas ar met\u0101la asme\u0146iem<br \/>\nnesl\u012bp\u0113ts ar parastajiem instrumentiem<br \/>\n\u0100r\u0113jais diametrs: apm. 30 cm<br \/>\nAsmens garums: apm. 12 mm<br \/>\nAsmens platums: Apm. 15 mm<br \/>\nAt\u0161\u0137ir\u012bba starp diviem asme\u0146iem: apm. 26 mm<br \/>\nMateri\u0101ls: cinkots met\u0101ls<br \/>\nStieples garums: apm. 50 m<br \/>\nIeteicamais pagarin\u0101juma garums: apm. 10 m<br \/>\nRu\u013c\u013ca svars: apm. 5 kg<\/p>\n","protected":false},"featured_media":134286,"template":"","meta":{"_acf_changed":false},"product_brand":[],"product_cat":[1119],"product_tag":[],"class_list":{"0":"post-149887","1":"product","2":"type-product","3":"status-publish","4":"has-post-thumbnail","6":"product_cat-celojumu-preces","8":"first","9":"instock","10":"taxable","11":"shipping-taxable","12":"purchasable","13":"product-type-simple"},"acf":[],"_links":{"self":[{"href":"https:\/\/kingarms.ee\/lv\/wp-json\/wp\/v2\/product\/149887","targetHints":{"allow":["GET"]}}],"collection":[{"href":"https:\/\/kingarms.ee\/lv\/wp-json\/wp\/v2\/product"}],"about":[{"href":"https:\/\/kingarms.ee\/lv\/wp-json\/wp\/v2\/types\/product"}],"wp:featuredmedia":[{"embeddable":true,"href":"https:\/\/kingarms.ee\/lv\/wp-json\/wp\/v2\/media\/134286"}],"wp:attachment":[{"href":"https:\/\/kingarms.ee\/lv\/wp-json\/wp\/v2\/media?parent=149887"}],"wp:term":[{"taxonomy":"product_brand","embeddable":true,"href":"https:\/\/kingarms.ee\/lv\/wp-json\/wp\/v2\/product_brand?post=149887"},{"taxonomy":"product_cat","embeddable":true,"href":"https:\/\/kingarms.ee\/lv\/wp-json\/wp\/v2\/product_cat?post=149887"},{"taxonomy":"product_tag","embeddable":true,"href":"https:\/\/kingarms.ee\/lv\/wp-json\/wp\/v2\/product_tag?post=149887"}],"curies":[{"name":"wp","href":"https:\/\/api.w.org\/{rel}","templated":true}]}}