{"id":149892,"date":"2022-07-18T13:33:46","date_gmt":"2025-05-25T12:46:09","guid":{"rendered":"https:\/\/kingarms.ee\/product\/horizontala-lietderiba-maisins-multicam-royal\/"},"modified":"2025-05-25T15:46:09","modified_gmt":"2025-05-25T12:46:09","slug":"horizontala-lietderiba-maisins-multicam-royal","status":"publish","type":"product","link":"https:\/\/kingarms.ee\/lv\/product\/horizontala-lietderiba-maisins-multicam-royal\/","title":{"rendered":"HORIZONT\u0100L\u0100 LIETDER\u012aBA MAISI\u0145\u0160 MULTICAM ROYAL"},"content":{"rendered":"","protected":false},"excerpt":{"rendered":"<p>HORIZONT\u0100L\u0100 LIETDER\u012aBA MAISI\u0145\u0160 MULTICAM ROYAL<\/p>\n<p>Horizont\u0101lais lietder\u012bbas maisi\u0146\u0161<br \/>\nPoliesters<br \/>\nViena zip sl\u0113g\u0161ana<br \/>\nMolle sist\u0113mas stiprin\u0101jums<br \/>\nPriek\u0161\u0113j\u0101 molle sist\u0113ma<br \/>\nIzm\u0113ri 210mm x 130mm x 90mm<br \/>\nMulticam kr\u0101sa<\/p>\n","protected":false},"featured_media":123067,"template":"","meta":{"_acf_changed":false},"product_brand":[],"product_cat":[1104,1098],"product_tag":[],"class_list":{"0":"post-149892","1":"product","2":"type-product","3":"status-publish","4":"has-post-thumbnail","6":"product_cat-kabatas","7":"product_cat-maisini-somas-un-siksnas","9":"first","10":"instock","11":"taxable","12":"shipping-taxable","13":"purchasable","14":"product-type-simple"},"acf":[],"_links":{"self":[{"href":"https:\/\/kingarms.ee\/lv\/wp-json\/wp\/v2\/product\/149892","targetHints":{"allow":["GET"]}}],"collection":[{"href":"https:\/\/kingarms.ee\/lv\/wp-json\/wp\/v2\/product"}],"about":[{"href":"https:\/\/kingarms.ee\/lv\/wp-json\/wp\/v2\/types\/product"}],"wp:featuredmedia":[{"embeddable":true,"href":"https:\/\/kingarms.ee\/lv\/wp-json\/wp\/v2\/media\/123067"}],"wp:attachment":[{"href":"https:\/\/kingarms.ee\/lv\/wp-json\/wp\/v2\/media?parent=149892"}],"wp:term":[{"taxonomy":"product_brand","embeddable":true,"href":"https:\/\/kingarms.ee\/lv\/wp-json\/wp\/v2\/product_brand?post=149892"},{"taxonomy":"product_cat","embeddable":true,"href":"https:\/\/kingarms.ee\/lv\/wp-json\/wp\/v2\/product_cat?post=149892"},{"taxonomy":"product_tag","embeddable":true,"href":"https:\/\/kingarms.ee\/lv\/wp-json\/wp\/v2\/product_tag?post=149892"}],"curies":[{"name":"wp","href":"https:\/\/api.w.org\/{rel}","templated":true}]}}