{"id":149893,"date":"2024-01-15T13:26:32","date_gmt":"2025-05-25T12:46:28","guid":{"rendered":"https:\/\/kingarms.ee\/product\/papira-ierocis-zombiju-slepkava\/"},"modified":"2025-08-03T13:37:04","modified_gmt":"2025-08-03T10:37:04","slug":"papira-ierocis-zombiju-slepkava","status":"publish","type":"product","link":"https:\/\/kingarms.ee\/lv\/product\/papira-ierocis-zombiju-slepkava\/","title":{"rendered":"Pap\u012bra Ierocis Zombiju Slepkava"},"content":{"rendered":"","protected":false},"excerpt":{"rendered":"<p>Pap\u012bra Ierocis Zombiju Slepkava<\/p>\n<p><span style=\"font-weight: 400;\">B\u016bvniecieBas Pabeigt: 138 Gabals<\/span><\/p>\n<p><span style=\"font-weight: 400;\">BovniecieBas Lay: Apmezram 4 stendi<\/span><\/p>\n<p>Materi\u0101ls: Plastmasa<\/p>\n<p>Papl\u0101tes ietilp\u012bba: 6gab<\/p>\n<p><span style=\"font-weight: 400;\">Pilniegi dro\u0161s b\u0113rni\u0113ms<\/span><\/p>\n<p><span style=\"font-weight: 400;\">Shau\u0161anas Att\u0101lums: LEdz 20 Metriem<\/span><\/p>\n<p><span style=\"font-weight: 400;\">Mainamais Mask\u0113\u0161anas modelis: J\u0101<\/span><\/p>\n<p><span style=\"font-weight: 400;\">Pieg\u0101d\u0101ts ar: 6 k\u0101rtrid\u017eiem, 50 m\u012bksto m\u0113nesi (8 mm), plastmasas forma, lai pagatavotu m\u0113nesi<\/span><\/p>\n<p><span style=\"font-weight: 400;\">Garums: 70 cm<\/span><\/p>\n<p><span style=\"font-weight: 400;\">Nepiecie\u0161amie piederumi: l\u012bme, l\u012bmlente, karst\u0101 l\u012bme, skr\u016bvgriezis<\/span><\/p>\n<p><span style=\"font-weight: 400;\">Mont\u0101\u017eas instrukcijas ir pieejamas ar\u012b vietn\u0113<\/span> <a href=\"http:\/\/bit.ly\/\/buildurPS\"><span style=\"font-weight: 400;\">Youtube-lietot\u0101ja rokasgr\u0101mata<\/span><\/a><\/p>\n","protected":false},"featured_media":133592,"template":"","meta":{"_acf_changed":false},"product_brand":[],"product_cat":[997],"product_tag":[],"class_list":{"0":"post-149893","1":"product","2":"type-product","3":"status-publish","4":"has-post-thumbnail","6":"product_cat-papira-pistoles","8":"first","9":"onbackorder","10":"taxable","11":"shipping-taxable","12":"product-type-simple"},"acf":[],"_links":{"self":[{"href":"https:\/\/kingarms.ee\/lv\/wp-json\/wp\/v2\/product\/149893","targetHints":{"allow":["GET"]}}],"collection":[{"href":"https:\/\/kingarms.ee\/lv\/wp-json\/wp\/v2\/product"}],"about":[{"href":"https:\/\/kingarms.ee\/lv\/wp-json\/wp\/v2\/types\/product"}],"wp:featuredmedia":[{"embeddable":true,"href":"https:\/\/kingarms.ee\/lv\/wp-json\/wp\/v2\/media\/133592"}],"wp:attachment":[{"href":"https:\/\/kingarms.ee\/lv\/wp-json\/wp\/v2\/media?parent=149893"}],"wp:term":[{"taxonomy":"product_brand","embeddable":true,"href":"https:\/\/kingarms.ee\/lv\/wp-json\/wp\/v2\/product_brand?post=149893"},{"taxonomy":"product_cat","embeddable":true,"href":"https:\/\/kingarms.ee\/lv\/wp-json\/wp\/v2\/product_cat?post=149893"},{"taxonomy":"product_tag","embeddable":true,"href":"https:\/\/kingarms.ee\/lv\/wp-json\/wp\/v2\/product_tag?post=149893"}],"curies":[{"name":"wp","href":"https:\/\/api.w.org\/{rel}","templated":true}]}}