{"id":149904,"date":"2023-12-21T23:05:21","date_gmt":"2025-05-25T12:50:23","guid":{"rendered":"https:\/\/kingarms.ee\/product\/m4-tipa-akumulatoru-banka-wosport\/"},"modified":"2025-08-03T13:56:09","modified_gmt":"2025-08-03T10:56:09","slug":"m4-tipa-akumulatoru-banka-wosport","status":"publish","type":"product","link":"https:\/\/kingarms.ee\/lv\/product\/m4-tipa-akumulatoru-banka-wosport\/","title":{"rendered":"M4 tipa akumulatoru banka (WOSPORT)"},"content":{"rendered":"<p><img loading=\"lazy\" decoding=\"async\" class=\"alignnone size-full wp-image-89757\" src=\"https:\/\/kingarms.ee\/wp-content\/uploads\/2023\/12\/wosport-mag-power-bank-black-wo-ex038b.jpeg\" alt=\"\" width=\"1000\" height=\"1000\" srcset=\"https:\/\/kingarms.ee\/wp-content\/uploads\/2023\/12\/wosport-mag-power-bank-black-wo-ex038b.jpeg 1000w, https:\/\/kingarms.ee\/wp-content\/uploads\/2023\/12\/wosport-mag-power-bank-black-wo-ex038b-300x300.jpeg 300w, https:\/\/kingarms.ee\/wp-content\/uploads\/2023\/12\/wosport-mag-power-bank-black-wo-ex038b-150x150.jpeg 150w, https:\/\/kingarms.ee\/wp-content\/uploads\/2023\/12\/wosport-mag-power-bank-black-wo-ex038b-768x768.jpeg 768w, https:\/\/kingarms.ee\/wp-content\/uploads\/2023\/12\/wosport-mag-power-bank-black-wo-ex038b-500x500.jpeg 500w\" sizes=\"auto, (max-width: 1000px) 100vw, 1000px\" \/><\/p>\n","protected":false},"excerpt":{"rendered":"<p>M4 tipa akumulatoru banka (WOSPORT)<br \/>\nM4 papl\u0101tes izskats akumulatora banka<br \/>\nDarbojas ar 3x 18650 baterij\u0101m (nav iek\u013cautas komplekt\u0101)<br \/>\nJa ir baterijas, jauda ir 14400 mAh<br \/>\nIzgatavots no neilona<br \/>\nAkumulatora l\u0101d\u0113t\u0101ja indikators<br \/>\nIeeja: USB-C<br \/>\nIzeja: USB-A<br \/>\nUSB-A &#8211; &gt;iek\u013cauts USB-C kabelis<br \/>\nIzm\u0113ri: 200mm X 80mm X 25mm<br \/>\nSvars: 162g<br \/>\nKr\u0101sa ir melna<\/p>\n","protected":false},"featured_media":133133,"template":"","meta":{"_acf_changed":false},"product_brand":[],"product_cat":[1056,1130,1120],"product_tag":[],"class_list":{"0":"post-149904","1":"product","2":"type-product","3":"status-publish","4":"has-post-thumbnail","6":"product_cat-batterses","7":"product_cat-cits-lv","8":"product_cat-energijas-banka","10":"first","11":"instock","12":"taxable","13":"shipping-taxable","14":"purchasable","15":"product-type-simple"},"acf":[],"_links":{"self":[{"href":"https:\/\/kingarms.ee\/lv\/wp-json\/wp\/v2\/product\/149904","targetHints":{"allow":["GET"]}}],"collection":[{"href":"https:\/\/kingarms.ee\/lv\/wp-json\/wp\/v2\/product"}],"about":[{"href":"https:\/\/kingarms.ee\/lv\/wp-json\/wp\/v2\/types\/product"}],"wp:featuredmedia":[{"embeddable":true,"href":"https:\/\/kingarms.ee\/lv\/wp-json\/wp\/v2\/media\/133133"}],"wp:attachment":[{"href":"https:\/\/kingarms.ee\/lv\/wp-json\/wp\/v2\/media?parent=149904"}],"wp:term":[{"taxonomy":"product_brand","embeddable":true,"href":"https:\/\/kingarms.ee\/lv\/wp-json\/wp\/v2\/product_brand?post=149904"},{"taxonomy":"product_cat","embeddable":true,"href":"https:\/\/kingarms.ee\/lv\/wp-json\/wp\/v2\/product_cat?post=149904"},{"taxonomy":"product_tag","embeddable":true,"href":"https:\/\/kingarms.ee\/lv\/wp-json\/wp\/v2\/product_tag?post=149904"}],"curies":[{"name":"wp","href":"https:\/\/api.w.org\/{rel}","templated":true}]}}