{"id":149907,"date":"2023-12-05T20:41:41","date_gmt":"2025-05-25T12:50:59","guid":{"rendered":"https:\/\/kingarms.ee\/product\/m18-rokas-granata-zala-gbb\/"},"modified":"2025-08-03T14:05:27","modified_gmt":"2025-08-03T11:05:27","slug":"m18-rokas-granata-zala-gbb","status":"publish","type":"product","link":"https:\/\/kingarms.ee\/lv\/product\/m18-rokas-granata-zala-gbb\/","title":{"rendered":"M18 rokas gran\u0101ta za\u013ca (GBB)"},"content":{"rendered":"<p><img loading=\"lazy\" decoding=\"async\" class=\"alignnone size-full wp-image-85752\" src=\"https:\/\/kingarms.ee\/wp-content\/uploads\/2023\/12\/grenade-a-mains-green-18-billes-full-metal-a-minuterie-reglable-a-gaz-airsoft.jpeg\" alt=\"\" width=\"600\" height=\"600\" srcset=\"https:\/\/kingarms.ee\/wp-content\/uploads\/2023\/12\/grenade-a-mains-green-18-billes-full-metal-a-minuterie-reglable-a-gaz-airsoft.jpeg 600w, https:\/\/kingarms.ee\/wp-content\/uploads\/2023\/12\/grenade-a-mains-green-18-billes-full-metal-a-minuterie-reglable-a-gaz-airsoft-300x300.jpeg 300w, https:\/\/kingarms.ee\/wp-content\/uploads\/2023\/12\/grenade-a-mains-green-18-billes-full-metal-a-minuterie-reglable-a-gaz-airsoft-150x150.jpeg 150w, https:\/\/kingarms.ee\/wp-content\/uploads\/2023\/12\/grenade-a-mains-green-18-billes-full-metal-a-minuterie-reglable-a-gaz-airsoft-500x500.jpeg 500w\" sizes=\"auto, (max-width: 600px) 100vw, 600px\" \/><\/p>\n","protected":false},"excerpt":{"rendered":"<p>M18 rokas gran\u0101ta za\u013ca (GBB)<\/p>\n<p>Rokas gran\u0101ta za\u013c\u0161 M18 stils<br \/>\nMet\u0101lisks<br \/>\nGran\u0101ts rodas, pateicoties za\u013cajai g\u0101zei (GBB)<br \/>\nJauda 18 lodes 6mm vai 4.5 mm<br \/>\nRegul\u0113jams augs<br \/>\nIzm\u0113ri 55mm x 55mm x 135mm<br \/>\nSvars 370g<\/p>\n","protected":false},"featured_media":132810,"template":"","meta":{"_acf_changed":false},"product_brand":[],"product_cat":[1118],"product_tag":[],"class_list":{"0":"post-149907","1":"product","2":"type-product","3":"status-publish","4":"has-post-thumbnail","6":"product_cat-granata","8":"first","9":"onbackorder","10":"taxable","11":"shipping-taxable","12":"product-type-simple"},"acf":[],"_links":{"self":[{"href":"https:\/\/kingarms.ee\/lv\/wp-json\/wp\/v2\/product\/149907","targetHints":{"allow":["GET"]}}],"collection":[{"href":"https:\/\/kingarms.ee\/lv\/wp-json\/wp\/v2\/product"}],"about":[{"href":"https:\/\/kingarms.ee\/lv\/wp-json\/wp\/v2\/types\/product"}],"wp:featuredmedia":[{"embeddable":true,"href":"https:\/\/kingarms.ee\/lv\/wp-json\/wp\/v2\/media\/132810"}],"wp:attachment":[{"href":"https:\/\/kingarms.ee\/lv\/wp-json\/wp\/v2\/media?parent=149907"}],"wp:term":[{"taxonomy":"product_brand","embeddable":true,"href":"https:\/\/kingarms.ee\/lv\/wp-json\/wp\/v2\/product_brand?post=149907"},{"taxonomy":"product_cat","embeddable":true,"href":"https:\/\/kingarms.ee\/lv\/wp-json\/wp\/v2\/product_cat?post=149907"},{"taxonomy":"product_tag","embeddable":true,"href":"https:\/\/kingarms.ee\/lv\/wp-json\/wp\/v2\/product_tag?post=149907"}],"curies":[{"name":"wp","href":"https:\/\/api.w.org\/{rel}","templated":true}]}}