{"id":149909,"date":"2023-12-05T18:25:51","date_gmt":"2025-05-25T12:52:08","guid":{"rendered":"https:\/\/kingarms.ee\/product\/plaksnes-nesejs-zals-emersongear\/"},"modified":"2025-08-03T14:16:48","modified_gmt":"2025-08-03T11:16:48","slug":"plaksnes-nesejs-zals-emersongear","status":"publish","type":"product","link":"https:\/\/kingarms.ee\/lv\/product\/plaksnes-nesejs-zals-emersongear\/","title":{"rendered":"Pl\u0101ksnes Nes\u0113js-Za\u013c\u0161 (EmersonGear)"},"content":{"rendered":"<p><img loading=\"lazy\" decoding=\"async\" class=\"alignnone size-full wp-image-85588\" src=\"https:\/\/kingarms.ee\/wp-content\/uploads\/2023\/12\/emersongear-tactical-vest-foliage-green-em7356fg.jpeg\" alt=\"\" width=\"600\" height=\"600\" srcset=\"https:\/\/kingarms.ee\/wp-content\/uploads\/2023\/12\/emersongear-tactical-vest-foliage-green-em7356fg.jpeg 600w, https:\/\/kingarms.ee\/wp-content\/uploads\/2023\/12\/emersongear-tactical-vest-foliage-green-em7356fg-300x300.jpeg 300w, https:\/\/kingarms.ee\/wp-content\/uploads\/2023\/12\/emersongear-tactical-vest-foliage-green-em7356fg-150x150.jpeg 150w, https:\/\/kingarms.ee\/wp-content\/uploads\/2023\/12\/emersongear-tactical-vest-foliage-green-em7356fg-500x500.jpeg 500w\" sizes=\"auto, (max-width: 600px) 100vw, 600px\" \/><\/p>\n","protected":false},"excerpt":{"rendered":"<p>Pl\u0101ksnes Nes\u0113js-Za\u013c\u0161 (EmersonGear)<\/p>\n<p>Taustes veste<br \/>\nMateri\u0101ls cordura 500d<br \/>\nPiem\u0113rots viduk\u013ca gaismai 100-120 cm<br \/>\n3x papl\u0101tes kabatas (22x10x3cm)<br \/>\n1 radio soma katr\u0101 pus\u0113<br \/>\nMolle sist\u0113ma aizmugur\u0113 un ab\u0101s pus\u0113s<br \/>\nPriek\u0161\u0113jais velcro<br \/>\nBallistisko pl\u0101k\u0161\u0146u uzst\u0101d\u012b\u0161anas iesp\u0113ja (nav iek\u013cauta)<br \/>\nKop\u0113jais svars 1200g<\/p>\n","protected":false},"featured_media":131333,"template":"","meta":{"_acf_changed":false},"product_brand":[],"product_cat":[1093],"product_tag":[],"class_list":{"0":"post-149909","1":"product","2":"type-product","3":"status-publish","4":"has-post-thumbnail","6":"product_cat-vestes-un-zirglietas","8":"first","9":"instock","10":"taxable","11":"shipping-taxable","12":"purchasable","13":"product-type-simple"},"acf":[],"_links":{"self":[{"href":"https:\/\/kingarms.ee\/lv\/wp-json\/wp\/v2\/product\/149909","targetHints":{"allow":["GET"]}}],"collection":[{"href":"https:\/\/kingarms.ee\/lv\/wp-json\/wp\/v2\/product"}],"about":[{"href":"https:\/\/kingarms.ee\/lv\/wp-json\/wp\/v2\/types\/product"}],"wp:featuredmedia":[{"embeddable":true,"href":"https:\/\/kingarms.ee\/lv\/wp-json\/wp\/v2\/media\/131333"}],"wp:attachment":[{"href":"https:\/\/kingarms.ee\/lv\/wp-json\/wp\/v2\/media?parent=149909"}],"wp:term":[{"taxonomy":"product_brand","embeddable":true,"href":"https:\/\/kingarms.ee\/lv\/wp-json\/wp\/v2\/product_brand?post=149909"},{"taxonomy":"product_cat","embeddable":true,"href":"https:\/\/kingarms.ee\/lv\/wp-json\/wp\/v2\/product_cat?post=149909"},{"taxonomy":"product_tag","embeddable":true,"href":"https:\/\/kingarms.ee\/lv\/wp-json\/wp\/v2\/product_tag?post=149909"}],"curies":[{"name":"wp","href":"https:\/\/api.w.org\/{rel}","templated":true}]}}