{"id":149910,"date":"2023-12-05T17:58:41","date_gmt":"2025-05-25T12:52:25","guid":{"rendered":"https:\/\/kingarms.ee\/product\/sck-siksnas-nazis-cw-832-5\/"},"modified":"2025-08-03T14:19:26","modified_gmt":"2025-08-03T11:19:26","slug":"sck-siksnas-nazis-cw-832-5","status":"publish","type":"product","link":"https:\/\/kingarms.ee\/lv\/product\/sck-siksnas-nazis-cw-832-5\/","title":{"rendered":"SCK siksnas nazis (CW-832-5)"},"content":{"rendered":"<p><img loading=\"lazy\" decoding=\"async\" class=\"alignnone size-full wp-image-85553\" src=\"https:\/\/kingarms.ee\/wp-content\/uploads\/2023\/12\/sck-belt-knife-cw-832-5.jpeg\" alt=\"\" width=\"1000\" height=\"1000\" srcset=\"https:\/\/kingarms.ee\/wp-content\/uploads\/2023\/12\/sck-belt-knife-cw-832-5.jpeg 1000w, https:\/\/kingarms.ee\/wp-content\/uploads\/2023\/12\/sck-belt-knife-cw-832-5-300x300.jpeg 300w, https:\/\/kingarms.ee\/wp-content\/uploads\/2023\/12\/sck-belt-knife-cw-832-5-150x150.jpeg 150w, https:\/\/kingarms.ee\/wp-content\/uploads\/2023\/12\/sck-belt-knife-cw-832-5-768x768.jpeg 768w, https:\/\/kingarms.ee\/wp-content\/uploads\/2023\/12\/sck-belt-knife-cw-832-5-500x500.jpeg 500w\" sizes=\"auto, (max-width: 1000px) 100vw, 1000px\" \/><\/p>\n","protected":false},"excerpt":{"rendered":"<p>SCK siksnas nazis (CW-832-5)<\/p>\n<p>Zona<br \/>\nNer\u016bs\u0113jo\u0161\u0101 t\u0113rauda black blade<br \/>\nPolim\u0113ru gumijas dienas roka<br \/>\nCietas polim\u0113ru rokas ar aug\u0161stilba cilp\u0101m un skav\u0101m<br \/>\nAsmens garums 110mm<br \/>\nSvars: 100g<\/p>\n","protected":false},"featured_media":131321,"template":"","meta":{"_acf_changed":false},"product_brand":[],"product_cat":[991],"product_tag":[],"class_list":{"0":"post-149910","1":"product","2":"type-product","3":"status-publish","4":"has-post-thumbnail","6":"product_cat-nazi","8":"first","9":"instock","10":"taxable","11":"shipping-taxable","12":"purchasable","13":"product-type-simple"},"acf":[],"_links":{"self":[{"href":"https:\/\/kingarms.ee\/lv\/wp-json\/wp\/v2\/product\/149910","targetHints":{"allow":["GET"]}}],"collection":[{"href":"https:\/\/kingarms.ee\/lv\/wp-json\/wp\/v2\/product"}],"about":[{"href":"https:\/\/kingarms.ee\/lv\/wp-json\/wp\/v2\/types\/product"}],"wp:featuredmedia":[{"embeddable":true,"href":"https:\/\/kingarms.ee\/lv\/wp-json\/wp\/v2\/media\/131321"}],"wp:attachment":[{"href":"https:\/\/kingarms.ee\/lv\/wp-json\/wp\/v2\/media?parent=149910"}],"wp:term":[{"taxonomy":"product_brand","embeddable":true,"href":"https:\/\/kingarms.ee\/lv\/wp-json\/wp\/v2\/product_brand?post=149910"},{"taxonomy":"product_cat","embeddable":true,"href":"https:\/\/kingarms.ee\/lv\/wp-json\/wp\/v2\/product_cat?post=149910"},{"taxonomy":"product_tag","embeddable":true,"href":"https:\/\/kingarms.ee\/lv\/wp-json\/wp\/v2\/product_tag?post=149910"}],"curies":[{"name":"wp","href":"https:\/\/api.w.org\/{rel}","templated":true}]}}