{"id":149912,"date":"2023-12-05T17:43:23","date_gmt":"2025-05-25T12:53:03","guid":{"rendered":"https:\/\/kingarms.ee\/product\/nazis-sck\/"},"modified":"2025-08-03T14:21:54","modified_gmt":"2025-08-03T11:21:54","slug":"nazis-sck","status":"publish","type":"product","link":"https:\/\/kingarms.ee\/lv\/product\/nazis-sck\/","title":{"rendered":"Nazis SCK"},"content":{"rendered":"<p><img loading=\"lazy\" decoding=\"async\" class=\"alignnone size-full wp-image-85546\" src=\"https:\/\/kingarms.ee\/wp-content\/uploads\/2023\/12\/sck-belt-knife-cw-823-1-1.jpeg\" alt=\"\" width=\"1000\" height=\"1000\" srcset=\"https:\/\/kingarms.ee\/wp-content\/uploads\/2023\/12\/sck-belt-knife-cw-823-1-1.jpeg 1000w, https:\/\/kingarms.ee\/wp-content\/uploads\/2023\/12\/sck-belt-knife-cw-823-1-1-300x300.jpeg 300w, https:\/\/kingarms.ee\/wp-content\/uploads\/2023\/12\/sck-belt-knife-cw-823-1-1-150x150.jpeg 150w, https:\/\/kingarms.ee\/wp-content\/uploads\/2023\/12\/sck-belt-knife-cw-823-1-1-768x768.jpeg 768w, https:\/\/kingarms.ee\/wp-content\/uploads\/2023\/12\/sck-belt-knife-cw-823-1-1-500x500.jpeg 500w\" sizes=\"auto, (max-width: 1000px) 100vw, 1000px\" \/><\/p>\n","protected":false},"excerpt":{"rendered":"<p>Nazis SCK<\/p>\n<p>Zona<br \/>\nNer\u016bs\u0113jo\u0161\u0101 t\u0113rauda black blade<br \/>\nPolim\u0113ru gumijas rokturis<br \/>\nStiprin\u0101jums hardcortas polim\u0113rs augsts<br \/>\nAsmens garums 110mm<br \/>\nSvars: 110 g (145 g ar \u010daumalu)<\/p>\n","protected":false},"featured_media":131317,"template":"","meta":{"_acf_changed":false},"product_brand":[],"product_cat":[991],"product_tag":[],"class_list":{"0":"post-149912","1":"product","2":"type-product","3":"status-publish","4":"has-post-thumbnail","6":"product_cat-nazi","8":"first","9":"instock","10":"taxable","11":"shipping-taxable","12":"purchasable","13":"product-type-simple"},"acf":[],"_links":{"self":[{"href":"https:\/\/kingarms.ee\/lv\/wp-json\/wp\/v2\/product\/149912","targetHints":{"allow":["GET"]}}],"collection":[{"href":"https:\/\/kingarms.ee\/lv\/wp-json\/wp\/v2\/product"}],"about":[{"href":"https:\/\/kingarms.ee\/lv\/wp-json\/wp\/v2\/types\/product"}],"wp:featuredmedia":[{"embeddable":true,"href":"https:\/\/kingarms.ee\/lv\/wp-json\/wp\/v2\/media\/131317"}],"wp:attachment":[{"href":"https:\/\/kingarms.ee\/lv\/wp-json\/wp\/v2\/media?parent=149912"}],"wp:term":[{"taxonomy":"product_brand","embeddable":true,"href":"https:\/\/kingarms.ee\/lv\/wp-json\/wp\/v2\/product_brand?post=149912"},{"taxonomy":"product_cat","embeddable":true,"href":"https:\/\/kingarms.ee\/lv\/wp-json\/wp\/v2\/product_cat?post=149912"},{"taxonomy":"product_tag","embeddable":true,"href":"https:\/\/kingarms.ee\/lv\/wp-json\/wp\/v2\/product_tag?post=149912"}],"curies":[{"name":"wp","href":"https:\/\/api.w.org\/{rel}","templated":true}]}}