{"id":149913,"date":"2023-11-28T14:05:28","date_gmt":"2025-05-25T12:53:06","guid":{"rendered":"https:\/\/kingarms.ee\/product\/skatiedies-uz-izdzithanas-rockspradz\/"},"modified":"2025-08-03T14:24:21","modified_gmt":"2025-08-03T11:24:21","slug":"skatiedies-uz-izdzithanas-rockspradz","status":"publish","type":"product","link":"https:\/\/kingarms.ee\/lv\/product\/skatiedies-uz-izdzithanas-rockspradz\/","title":{"rendered":"SKATIEDIES UZ Izdz\u012bthanas Rockspr\u0101dz"},"content":{"rendered":"<p><img loading=\"lazy\" decoding=\"async\" class=\"alignnone size-full wp-image-85223\" src=\"https:\/\/kingarms.ee\/wp-content\/uploads\/2023\/11\/71cTP-YcQL._AC_SL1500_.jpeg\" alt=\"\" width=\"1432\" height=\"1281\" srcset=\"https:\/\/kingarms.ee\/wp-content\/uploads\/2023\/11\/71cTP-YcQL._AC_SL1500_.jpeg 1432w, https:\/\/kingarms.ee\/wp-content\/uploads\/2023\/11\/71cTP-YcQL._AC_SL1500_-300x268.jpeg 300w, https:\/\/kingarms.ee\/wp-content\/uploads\/2023\/11\/71cTP-YcQL._AC_SL1500_-1024x916.jpeg 1024w, https:\/\/kingarms.ee\/wp-content\/uploads\/2023\/11\/71cTP-YcQL._AC_SL1500_-768x687.jpeg 768w, https:\/\/kingarms.ee\/wp-content\/uploads\/2023\/11\/71cTP-YcQL._AC_SL1500_-500x447.jpeg 500w, https:\/\/kingarms.ee\/wp-content\/uploads\/2023\/11\/71cTP-YcQL._AC_SL1500_-150x134.jpeg 150w\" sizes=\"auto, (max-width: 1432px) 100vw, 1432px\" \/><\/p>\n","protected":false},"excerpt":{"rendered":"<p><span style=\"font-weight: 400;\">Stil\u012bgs 6-in-1 daudzfunkcion\u0101ls izdz\u012bvo\u0161anas aproces pulkstenis, kas apvieno rokasspr\u0101dzes pulksteni, kompasu, svilpi, termometru, uguns startu un parakordu. Izgatavots no iztur\u012bga 7 virsmas 550 m\u0101rci\u0146u izplet\u0146u auklas, kas var p\u0101rv\u0113rsties par 3 metru garu \u0101rk\u0101rtas situ\u0101ciju gl\u0101b\u0161anas apjomu. <\/span><\/p>\n<p><span style=\"font-weight: 400;\">\u0160is pulkstenis ir ne tikai praktisks, bet ar\u012b stil\u012bgs, ar unik\u0101lu dizainu un daudzfunkcion\u0101lu izmanto\u0161anu. Ide\u0101la d\u0101vana draugiem vai radiem un ir lieliski piem\u0113rota, lai piestiprin\u0101tu, kempingu, pirm\u0101s pal\u012bdz\u012bbas, k\u0101p\u0161anas, laivu brauciens, k\u0101p\u0161ana kalnos, p\u0101rg\u0101jieni, p\u0101rg\u0101jieni, piedz\u012bvojumi un milit\u0101risti. <\/span><\/p>\n<p><span style=\"font-weight: 400;\">Aproces lielums ir pagarin\u0101ts 26 cm, un platums ir 2,5 cm. K\u0101 piez\u012bme, j\u0101atz\u012bm\u0113, ka rokasspr\u0101dze nav \u0101rst\u0113ta, bet ir ide\u0101li piem\u0113rota 7-9 coll\u0101m plaukstas loc\u012btavai. Papildus n\u0113s\u0101\u0161anai uz plaukstas loc\u012btavas to var \u0113rti pak\u0101rt uz mugursomas. <\/span><\/p>\n","protected":false},"featured_media":131261,"template":"","meta":{"_acf_changed":false},"product_brand":[],"product_cat":[1119,1076],"product_tag":[],"class_list":{"0":"post-149913","1":"product","2":"type-product","3":"status-publish","4":"has-post-thumbnail","6":"product_cat-celojumu-preces","7":"product_cat-rokas-pulkstenis","9":"first","10":"instock","11":"taxable","12":"shipping-taxable","13":"purchasable","14":"product-type-simple"},"acf":[],"_links":{"self":[{"href":"https:\/\/kingarms.ee\/lv\/wp-json\/wp\/v2\/product\/149913","targetHints":{"allow":["GET"]}}],"collection":[{"href":"https:\/\/kingarms.ee\/lv\/wp-json\/wp\/v2\/product"}],"about":[{"href":"https:\/\/kingarms.ee\/lv\/wp-json\/wp\/v2\/types\/product"}],"wp:featuredmedia":[{"embeddable":true,"href":"https:\/\/kingarms.ee\/lv\/wp-json\/wp\/v2\/media\/131261"}],"wp:attachment":[{"href":"https:\/\/kingarms.ee\/lv\/wp-json\/wp\/v2\/media?parent=149913"}],"wp:term":[{"taxonomy":"product_brand","embeddable":true,"href":"https:\/\/kingarms.ee\/lv\/wp-json\/wp\/v2\/product_brand?post=149913"},{"taxonomy":"product_cat","embeddable":true,"href":"https:\/\/kingarms.ee\/lv\/wp-json\/wp\/v2\/product_cat?post=149913"},{"taxonomy":"product_tag","embeddable":true,"href":"https:\/\/kingarms.ee\/lv\/wp-json\/wp\/v2\/product_tag?post=149913"}],"curies":[{"name":"wp","href":"https:\/\/api.w.org\/{rel}","templated":true}]}}