{"id":149915,"date":"2023-11-22T19:00:24","date_gmt":"2025-05-25T12:53:20","guid":{"rendered":"https:\/\/kingarms.ee\/product\/remington-apavu-ledus-satverejs-200g\/"},"modified":"2025-08-03T14:25:08","modified_gmt":"2025-08-03T11:25:08","slug":"remington-apavu-ledus-satverejs-200g","status":"publish","type":"product","link":"https:\/\/kingarms.ee\/lv\/product\/remington-apavu-ledus-satverejs-200g\/","title":{"rendered":"Remington apavu ledus satv\u0113r\u0113js 200g"},"content":{"rendered":"<p><img loading=\"lazy\" decoding=\"async\" class=\"alignnone size-full wp-image-84410\" src=\"https:\/\/kingarms.ee\/wp-content\/uploads\/2023\/11\/00581998_501015_LARGE.jpg\" alt=\"\" width=\"645\" height=\"860\" srcset=\"https:\/\/kingarms.ee\/wp-content\/uploads\/2023\/11\/00581998_501015_LARGE.jpg 645w, https:\/\/kingarms.ee\/wp-content\/uploads\/2023\/11\/00581998_501015_LARGE-225x300.jpg 225w, https:\/\/kingarms.ee\/wp-content\/uploads\/2023\/11\/00581998_501015_LARGE-500x667.jpg 500w, https:\/\/kingarms.ee\/wp-content\/uploads\/2023\/11\/00581998_501015_LARGE-150x200.jpg 150w\" sizes=\"auto, (max-width: 645px) 100vw, 645px\" \/><\/p>\n","protected":false},"excerpt":{"rendered":"<p>Z\u0101baki bezce\u013ca apst\u0101k\u013cos, ar komfortu un uzticam\u012bbu, labu vien\u012bgo sa\u0137eri, bet taj\u0101 pa\u0161\u0101 laik\u0101 diezgan \u0113rti, braucot vai sare\u017e\u0123\u012btos apst\u0101k\u013cos garos g\u0101jienos. Aug\u0161\u0113jais materi\u0101ls tiek apstr\u0101d\u0101ts ar \u016bdeni atgr\u016bdo\u0161u impregn\u0113\u0161anu. 3M Thinsulate 200 gramu izol\u0101cija nodro\u0161ina efekt\u012bvu saliztur\u012bbu. TPU zole ir nodilumiztur\u012bga pret meh\u0101nisko spriegumu, berzi un labu karstumiztur\u012bbu. Ekskluz\u012bva pretsl\u012bdes zole ar unik\u0101lu ICE GRIP tehnolo\u0123iju.<\/p>\n<p>Materi\u0101li: sint\u0113tisk\u0101 \u0101da + poliesteris<br \/>\nOderes materi\u0101ls: \u016adensnecaurlaid\u012bgs oder\u0113jums + 200g Thinsulate<br \/>\nIzol\u0101cija: 200g Thinsulate<br \/>\nTemperat\u016bras diapazons: l\u012bdz &#8211; 25adg C<\/p>\n","protected":false},"featured_media":130982,"template":"","meta":{"_acf_changed":false},"product_brand":[],"product_cat":[1072],"product_tag":[],"class_list":{"0":"post-149915","1":"product","2":"type-product","3":"status-publish","4":"has-post-thumbnail","6":"product_cat-zabaki","8":"first","9":"instock","10":"taxable","11":"shipping-taxable","12":"purchasable","13":"product-type-simple"},"acf":[],"_links":{"self":[{"href":"https:\/\/kingarms.ee\/lv\/wp-json\/wp\/v2\/product\/149915","targetHints":{"allow":["GET"]}}],"collection":[{"href":"https:\/\/kingarms.ee\/lv\/wp-json\/wp\/v2\/product"}],"about":[{"href":"https:\/\/kingarms.ee\/lv\/wp-json\/wp\/v2\/types\/product"}],"wp:featuredmedia":[{"embeddable":true,"href":"https:\/\/kingarms.ee\/lv\/wp-json\/wp\/v2\/media\/130982"}],"wp:attachment":[{"href":"https:\/\/kingarms.ee\/lv\/wp-json\/wp\/v2\/media?parent=149915"}],"wp:term":[{"taxonomy":"product_brand","embeddable":true,"href":"https:\/\/kingarms.ee\/lv\/wp-json\/wp\/v2\/product_brand?post=149915"},{"taxonomy":"product_cat","embeddable":true,"href":"https:\/\/kingarms.ee\/lv\/wp-json\/wp\/v2\/product_cat?post=149915"},{"taxonomy":"product_tag","embeddable":true,"href":"https:\/\/kingarms.ee\/lv\/wp-json\/wp\/v2\/product_tag?post=149915"}],"curies":[{"name":"wp","href":"https:\/\/api.w.org\/{rel}","templated":true}]}}