{"id":149916,"date":"2023-11-20T13:21:10","date_gmt":"2025-05-25T12:53:36","guid":{"rendered":"https:\/\/kingarms.ee\/product\/armijas-aerosols-rusas-nonemejs-400-ml\/"},"modified":"2025-08-03T14:26:00","modified_gmt":"2025-08-03T11:26:00","slug":"armijas-aerosols-rusas-nonemejs-400-ml","status":"publish","type":"product","link":"https:\/\/kingarms.ee\/lv\/product\/armijas-aerosols-rusas-nonemejs-400-ml\/","title":{"rendered":"Armijas aerosols, r\u016bsas no\u0146\u0113m\u0113js, 400 ml"},"content":{"rendered":"<p><img loading=\"lazy\" decoding=\"async\" class=\"alignnone size-full wp-image-84145\" src=\"https:\/\/kingarms.ee\/wp-content\/uploads\/2023\/11\/27376A.jpeg\" alt=\"\" width=\"1200\" height=\"1200\" srcset=\"https:\/\/kingarms.ee\/wp-content\/uploads\/2023\/11\/27376A.jpeg 1200w, https:\/\/kingarms.ee\/wp-content\/uploads\/2023\/11\/27376A-300x300.jpeg 300w, https:\/\/kingarms.ee\/wp-content\/uploads\/2023\/11\/27376A-1024x1024.jpeg 1024w, https:\/\/kingarms.ee\/wp-content\/uploads\/2023\/11\/27376A-150x150.jpeg 150w, https:\/\/kingarms.ee\/wp-content\/uploads\/2023\/11\/27376A-768x768.jpeg 768w, https:\/\/kingarms.ee\/wp-content\/uploads\/2023\/11\/27376A-500x500.jpeg 500w\" sizes=\"auto, (max-width: 1200px) 100vw, 1200px\" \/><\/p>\n","protected":false},"excerpt":{"rendered":"<p>r\u016bsas p\u0101rveidot\u0101js un epoks\u012bda grunts vien\u0101<br \/>\nr\u016bsa tiek \u0137\u012bmiski p\u0101rveidota par<br \/>\nmelni pel\u0113ks aizsargp\u0101rkl\u0101jums, kas var<br \/>\np\u0101rkl\u0101j ar 1k virsk\u0101rtu<br \/>\nvisu met\u0101la pl\u0101k\u0161\u0146u r\u016bsas remonts,<br \/>\nmelnie met\u0101li, t\u0113rauds utt.<br \/>\npal\u0113nina r\u016bsas veido\u0161anos<br \/>\niek\u0161telpu un \u0101ra lieto\u0161anai<br \/>\npiln\u012bgi sausa p\u0113c ca. 12-24 h<br \/>\nvar p\u0101rkl\u0101t ar 1k virsk\u0101rtu p\u0113c 24 h<\/p>\n","protected":false},"featured_media":130819,"template":"","meta":{"_acf_changed":false},"product_brand":[],"product_cat":[1064],"product_tag":[],"class_list":{"0":"post-149916","1":"product","2":"type-product","3":"status-publish","4":"has-post-thumbnail","6":"product_cat-krasas-un-maskesana","8":"first","9":"instock","10":"taxable","11":"shipping-taxable","12":"purchasable","13":"product-type-simple"},"acf":[],"_links":{"self":[{"href":"https:\/\/kingarms.ee\/lv\/wp-json\/wp\/v2\/product\/149916","targetHints":{"allow":["GET"]}}],"collection":[{"href":"https:\/\/kingarms.ee\/lv\/wp-json\/wp\/v2\/product"}],"about":[{"href":"https:\/\/kingarms.ee\/lv\/wp-json\/wp\/v2\/types\/product"}],"wp:featuredmedia":[{"embeddable":true,"href":"https:\/\/kingarms.ee\/lv\/wp-json\/wp\/v2\/media\/130819"}],"wp:attachment":[{"href":"https:\/\/kingarms.ee\/lv\/wp-json\/wp\/v2\/media?parent=149916"}],"wp:term":[{"taxonomy":"product_brand","embeddable":true,"href":"https:\/\/kingarms.ee\/lv\/wp-json\/wp\/v2\/product_brand?post=149916"},{"taxonomy":"product_cat","embeddable":true,"href":"https:\/\/kingarms.ee\/lv\/wp-json\/wp\/v2\/product_cat?post=149916"},{"taxonomy":"product_tag","embeddable":true,"href":"https:\/\/kingarms.ee\/lv\/wp-json\/wp\/v2\/product_tag?post=149916"}],"curies":[{"name":"wp","href":"https:\/\/api.w.org\/{rel}","templated":true}]}}