{"id":149917,"date":"2023-11-20T12:33:15","date_gmt":"2025-05-25T12:53:52","guid":{"rendered":"https:\/\/kingarms.ee\/product\/3-krasu-maskesanas-krasu-komplekts-ar-spoguli\/"},"modified":"2025-08-03T14:37:21","modified_gmt":"2025-08-03T11:37:21","slug":"3-krasu-maskesanas-krasu-komplekts-ar-spoguli","status":"publish","type":"product","link":"https:\/\/kingarms.ee\/lv\/product\/3-krasu-maskesanas-krasu-komplekts-ar-spoguli\/","title":{"rendered":"3 kr\u0101su mask\u0113\u0161anas kr\u0101su komplekts ar spoguli"},"content":{"rendered":"<p><img loading=\"lazy\" decoding=\"async\" class=\"alignnone size-full wp-image-83995\" src=\"https:\/\/kingarms.ee\/wp-content\/uploads\/2023\/11\/27365A.jpeg\" alt=\"\" width=\"1200\" height=\"1200\" srcset=\"https:\/\/kingarms.ee\/wp-content\/uploads\/2023\/11\/27365A.jpeg 1200w, https:\/\/kingarms.ee\/wp-content\/uploads\/2023\/11\/27365A-300x300.jpeg 300w, https:\/\/kingarms.ee\/wp-content\/uploads\/2023\/11\/27365A-1024x1024.jpeg 1024w, https:\/\/kingarms.ee\/wp-content\/uploads\/2023\/11\/27365A-150x150.jpeg 150w, https:\/\/kingarms.ee\/wp-content\/uploads\/2023\/11\/27365A-768x768.jpeg 768w, https:\/\/kingarms.ee\/wp-content\/uploads\/2023\/11\/27365A-500x500.jpeg 500w\" sizes=\"auto, (max-width: 1200px) 100vw, 1200px\" \/><\/p>\n","protected":false},"excerpt":{"rendered":"<p>uzkl\u0101jiet uz sejas, rok\u0101m un kakla<br \/>\nno\u0146emiet ar siltu ziepj\u016bdeni<br \/>\nsviedru necaurlaid\u012bgs<br \/>\ninfrasarkan\u0101 neatstarojo\u0161\u0101 formula<br \/>\naugsts saules aizsardz\u012bbas faktors<br \/>\nTikai \u0101r\u0113jai lieto\u0161anai<br \/>\nkr\u0101sas: melna, za\u013ca, br\u016bna<br \/>\nstabila plastmasas kaste ar spoguli<br \/>\nIzm\u0113ri: apm. 8.5 x 7 x 2 cm<\/p>\n","protected":false},"featured_media":130934,"template":"","meta":{"_acf_changed":false},"product_brand":[],"product_cat":[1064],"product_tag":[],"class_list":{"0":"post-149917","1":"product","2":"type-product","3":"status-publish","4":"has-post-thumbnail","6":"product_cat-krasas-un-maskesana","8":"first","9":"instock","10":"taxable","11":"shipping-taxable","12":"purchasable","13":"product-type-simple"},"acf":[],"_links":{"self":[{"href":"https:\/\/kingarms.ee\/lv\/wp-json\/wp\/v2\/product\/149917","targetHints":{"allow":["GET"]}}],"collection":[{"href":"https:\/\/kingarms.ee\/lv\/wp-json\/wp\/v2\/product"}],"about":[{"href":"https:\/\/kingarms.ee\/lv\/wp-json\/wp\/v2\/types\/product"}],"wp:featuredmedia":[{"embeddable":true,"href":"https:\/\/kingarms.ee\/lv\/wp-json\/wp\/v2\/media\/130934"}],"wp:attachment":[{"href":"https:\/\/kingarms.ee\/lv\/wp-json\/wp\/v2\/media?parent=149917"}],"wp:term":[{"taxonomy":"product_brand","embeddable":true,"href":"https:\/\/kingarms.ee\/lv\/wp-json\/wp\/v2\/product_brand?post=149917"},{"taxonomy":"product_cat","embeddable":true,"href":"https:\/\/kingarms.ee\/lv\/wp-json\/wp\/v2\/product_cat?post=149917"},{"taxonomy":"product_tag","embeddable":true,"href":"https:\/\/kingarms.ee\/lv\/wp-json\/wp\/v2\/product_tag?post=149917"}],"curies":[{"name":"wp","href":"https:\/\/api.w.org\/{rel}","templated":true}]}}