{"id":149918,"date":"2022-03-28T15:36:09","date_gmt":"2025-05-25T12:53:57","guid":{"rendered":"https:\/\/kingarms.ee\/product\/bow-cb75-man-kung\/"},"modified":"2025-05-25T15:53:57","modified_gmt":"2025-05-25T12:53:57","slug":"bow-cb75-man-kung","status":"publish","type":"product","link":"https:\/\/kingarms.ee\/lv\/product\/bow-cb75-man-kung\/","title":{"rendered":"Bow CB75 (Man kung)"},"content":{"rendered":"<p>CB75 (Man Kung)<\/p>\n<p>Man kung loka \u0161au\u0161ana professional regul\u0113jams priek\u0161gala, camo kr\u0101sa, regul\u0113jams lidin\u0101ties 40 l\u012bdz 70 lbs, pull garums regul\u0113jams 25 l\u012bdz 31 collas, ass garums no telts uz telti: 31.5&#8243; &#8211; 80 cm, \u0161aut 70%, \u0101trums 270 fps, svars 1995 gr, alum\u012bnija st\u0101vvada, stikla \u0161\u0137iedra ekstremit\u0101tes.<\/p>\n<p>tostarp:<\/p>\n<p>1x Professional 3 pin fiber optic uzgalis.<\/p>\n<p>1x sprung bultu atbalsts<\/p>\n<p>dioptrija virvei un izpl\u016bdes cilpai (jau uzst\u0101d\u012bta)<\/p>\n<p>2x alum\u012bnija bulti\u0146as<\/p>\n<p>virves hronometrs<\/p>\n<p>Meh\u0101nisk\u0101 atbr\u012bvo\u0161ana<\/p>\n<p>paraf\u012bns<\/p>\n","protected":false},"excerpt":{"rendered":"<p>CB75 (Man Kung)<\/p>\n<p>Man kung loka \u0161au\u0161anas professional regul\u0113jams priek\u0161gala, camo krasa, regul\u0113jams lidinaties 40 lidz 70 lbs, pull garum regul\u0113jamos 25 lidz 31 collas, ass garum no telts uz telti: 31.5&#8243; &#8211; 80 cm, \u0161au 70%, \u0101rums 270 fps, svars 1995 gr, alum\u012bnija st\u0101vvada, stikla \u0161\u0137iedra ekstremit\u0113tas.<\/p>\n<p>tostarp:<\/p>\n<p>1x Professional 3 pin fiber optic uzgalis.<\/p>\n<p>1x sprung bultu balsts<\/p>\n<p>dioptrija virvei un izpluggdes cilpai (Jau uzstavatpadgta)<\/p>\n<p>2x alumignija bultiermas<\/p>\n<p>virves honometrs<\/p>\n<p>Mehaaniline vabastamine<\/p>\n<p>parafiin<\/p>\n","protected":false},"featured_media":115879,"template":"","meta":{"_acf_changed":false},"product_brand":[],"product_cat":[1018,1013],"product_tag":[],"class_list":{"0":"post-149918","1":"product","2":"type-product","3":"status-publish","4":"has-post-thumbnail","6":"product_cat-loki","7":"product_cat-loki-un-sen","9":"first","10":"instock","11":"sale","12":"taxable","13":"shipping-taxable","14":"purchasable","15":"product-type-simple"},"acf":[],"_links":{"self":[{"href":"https:\/\/kingarms.ee\/lv\/wp-json\/wp\/v2\/product\/149918","targetHints":{"allow":["GET"]}}],"collection":[{"href":"https:\/\/kingarms.ee\/lv\/wp-json\/wp\/v2\/product"}],"about":[{"href":"https:\/\/kingarms.ee\/lv\/wp-json\/wp\/v2\/types\/product"}],"wp:featuredmedia":[{"embeddable":true,"href":"https:\/\/kingarms.ee\/lv\/wp-json\/wp\/v2\/media\/115879"}],"wp:attachment":[{"href":"https:\/\/kingarms.ee\/lv\/wp-json\/wp\/v2\/media?parent=149918"}],"wp:term":[{"taxonomy":"product_brand","embeddable":true,"href":"https:\/\/kingarms.ee\/lv\/wp-json\/wp\/v2\/product_brand?post=149918"},{"taxonomy":"product_cat","embeddable":true,"href":"https:\/\/kingarms.ee\/lv\/wp-json\/wp\/v2\/product_cat?post=149918"},{"taxonomy":"product_tag","embeddable":true,"href":"https:\/\/kingarms.ee\/lv\/wp-json\/wp\/v2\/product_tag?post=149918"}],"curies":[{"name":"wp","href":"https:\/\/api.w.org\/{rel}","templated":true}]}}