{"id":149919,"date":"2023-11-20T12:24:20","date_gmt":"2025-05-25T12:54:06","guid":{"rendered":"https:\/\/kingarms.ee\/product\/liela-maskesanas-nuja\/"},"modified":"2025-08-03T14:39:29","modified_gmt":"2025-08-03T11:39:29","slug":"liela-maskesanas-nuja","status":"publish","type":"product","link":"https:\/\/kingarms.ee\/lv\/product\/liela-maskesanas-nuja\/","title":{"rendered":"Liela mask\u0113\u0161anas n\u016bja"},"content":{"rendered":"<p><img loading=\"lazy\" decoding=\"async\" class=\"alignnone size-full wp-image-83978\" src=\"https:\/\/kingarms.ee\/wp-content\/uploads\/2023\/11\/27350A.jpeg\" alt=\"\" width=\"1200\" height=\"1200\" srcset=\"https:\/\/kingarms.ee\/wp-content\/uploads\/2023\/11\/27350A.jpeg 1200w, https:\/\/kingarms.ee\/wp-content\/uploads\/2023\/11\/27350A-300x300.jpeg 300w, https:\/\/kingarms.ee\/wp-content\/uploads\/2023\/11\/27350A-1024x1024.jpeg 1024w, https:\/\/kingarms.ee\/wp-content\/uploads\/2023\/11\/27350A-150x150.jpeg 150w, https:\/\/kingarms.ee\/wp-content\/uploads\/2023\/11\/27350A-768x768.jpeg 768w, https:\/\/kingarms.ee\/wp-content\/uploads\/2023\/11\/27350A-500x500.jpeg 500w\" sizes=\"auto, (max-width: 1200px) 100vw, 1200px\" \/><\/p>\n","protected":false},"excerpt":{"rendered":"<p>Liela mask\u0113\u0161anas n\u016bja<\/p>\n<p>uzkl\u0101jiet uz sejas, rok\u0101m un kakla<br \/>\nno\u0146emiet ar siltu ziepj\u016bdeni<br \/>\nsviedru necaurlaid\u012bgs<br \/>\ninfrasarkan\u0101 neatstarojo\u0161\u0101 formula<br \/>\nsaules aizsardz\u012bbas faktors: 68<br \/>\nTikai \u0101r\u0113jai lieto\u0161anai<br \/>\nIzm\u0113ri: apm. 9.5 x 3.2 cm<\/p>\n","protected":false},"featured_media":130725,"template":"","meta":{"_acf_changed":false},"product_brand":[],"product_cat":[1064],"product_tag":[],"class_list":{"0":"post-149919","1":"product","2":"type-product","3":"status-publish","4":"has-post-thumbnail","6":"product_cat-krasas-un-maskesana","8":"first","9":"instock","10":"taxable","11":"shipping-taxable","12":"purchasable","13":"product-type-simple"},"acf":[],"_links":{"self":[{"href":"https:\/\/kingarms.ee\/lv\/wp-json\/wp\/v2\/product\/149919","targetHints":{"allow":["GET"]}}],"collection":[{"href":"https:\/\/kingarms.ee\/lv\/wp-json\/wp\/v2\/product"}],"about":[{"href":"https:\/\/kingarms.ee\/lv\/wp-json\/wp\/v2\/types\/product"}],"wp:featuredmedia":[{"embeddable":true,"href":"https:\/\/kingarms.ee\/lv\/wp-json\/wp\/v2\/media\/130725"}],"wp:attachment":[{"href":"https:\/\/kingarms.ee\/lv\/wp-json\/wp\/v2\/media?parent=149919"}],"wp:term":[{"taxonomy":"product_brand","embeddable":true,"href":"https:\/\/kingarms.ee\/lv\/wp-json\/wp\/v2\/product_brand?post=149919"},{"taxonomy":"product_cat","embeddable":true,"href":"https:\/\/kingarms.ee\/lv\/wp-json\/wp\/v2\/product_cat?post=149919"},{"taxonomy":"product_tag","embeddable":true,"href":"https:\/\/kingarms.ee\/lv\/wp-json\/wp\/v2\/product_tag?post=149919"}],"curies":[{"name":"wp","href":"https:\/\/api.w.org\/{rel}","templated":true}]}}