{"id":149921,"date":"2023-11-20T12:18:06","date_gmt":"2023-11-20T09:18:06","guid":{"rendered":"https:\/\/kingarms.ee\/product\/piparu-izsmidzinasanas-zeleja-50ml\/"},"modified":"2025-08-03T14:40:27","modified_gmt":"2025-08-03T11:40:27","slug":"piparu-izsmidzinasanas-zeleja-50ml","status":"publish","type":"product","link":"https:\/\/kingarms.ee\/lv\/product\/piparu-izsmidzinasanas-zeleja-50ml\/","title":{"rendered":"Piparu izsmidzin\u0101\u0161anas \u017eeleja-50ml"},"content":{"rendered":"<p><img loading=\"lazy\" decoding=\"async\" class=\"alignnone size-full wp-image-83970\" src=\"https:\/\/kingarms.ee\/wp-content\/uploads\/2023\/11\/27311.jpeg\" alt=\"\" width=\"1200\" height=\"1200\" srcset=\"https:\/\/kingarms.ee\/wp-content\/uploads\/2023\/11\/27311.jpeg 1200w, https:\/\/kingarms.ee\/wp-content\/uploads\/2023\/11\/27311-300x300.jpeg 300w, https:\/\/kingarms.ee\/wp-content\/uploads\/2023\/11\/27311-1024x1024.jpeg 1024w, https:\/\/kingarms.ee\/wp-content\/uploads\/2023\/11\/27311-150x150.jpeg 150w, https:\/\/kingarms.ee\/wp-content\/uploads\/2023\/11\/27311-768x768.jpeg 768w, https:\/\/kingarms.ee\/wp-content\/uploads\/2023\/11\/27311-500x500.jpeg 500w\" sizes=\"auto, (max-width: 1200px) 100vw, 1200px\" \/><\/p>\n","protected":false},"excerpt":{"rendered":"<p>Piparu izsmidzin\u0101\u0161anas \u017eeleja-50ml<\/p>\n<p>atgriezenisks v\u0101ks piespiedu aktiviz\u0113\u0161anai<br \/>\ndarb\u012bbas joma: 4-6 m<br \/>\ng\u0113ls, ide\u0101li piem\u0113rots sl\u0113gt\u0101m telp\u0101m<br \/>\ntie\u0161raides<br \/>\n2 miljoni Scoville siltuma vien\u012bbu<br \/>\n13,2% dab\u012bgs oleosve\u0137u Capsicum<br \/>\nIzm\u0113ri: apm. 11,5 x 4 cm<\/p>\n","protected":false},"featured_media":130989,"template":"","meta":{"_acf_changed":false},"product_brand":[],"product_cat":[1111],"product_tag":[],"class_list":{"0":"post-149921","1":"product","2":"type-product","3":"status-publish","4":"has-post-thumbnail","6":"product_cat-piparu-aerosols","8":"first","9":"outofstock","10":"taxable","11":"shipping-taxable","12":"purchasable","13":"product-type-simple"},"acf":[],"_links":{"self":[{"href":"https:\/\/kingarms.ee\/lv\/wp-json\/wp\/v2\/product\/149921","targetHints":{"allow":["GET"]}}],"collection":[{"href":"https:\/\/kingarms.ee\/lv\/wp-json\/wp\/v2\/product"}],"about":[{"href":"https:\/\/kingarms.ee\/lv\/wp-json\/wp\/v2\/types\/product"}],"wp:featuredmedia":[{"embeddable":true,"href":"https:\/\/kingarms.ee\/lv\/wp-json\/wp\/v2\/media\/130989"}],"wp:attachment":[{"href":"https:\/\/kingarms.ee\/lv\/wp-json\/wp\/v2\/media?parent=149921"}],"wp:term":[{"taxonomy":"product_brand","embeddable":true,"href":"https:\/\/kingarms.ee\/lv\/wp-json\/wp\/v2\/product_brand?post=149921"},{"taxonomy":"product_cat","embeddable":true,"href":"https:\/\/kingarms.ee\/lv\/wp-json\/wp\/v2\/product_cat?post=149921"},{"taxonomy":"product_tag","embeddable":true,"href":"https:\/\/kingarms.ee\/lv\/wp-json\/wp\/v2\/product_tag?post=149921"}],"curies":[{"name":"wp","href":"https:\/\/api.w.org\/{rel}","templated":true}]}}