{"id":149928,"date":"2023-11-18T19:40:07","date_gmt":"2025-05-25T12:56:10","guid":{"rendered":"https:\/\/kingarms.ee\/product\/bumbinas-gamma-4-5-mm-0-70-g-kvintors-2\/"},"modified":"2025-08-03T14:57:20","modified_gmt":"2025-08-03T11:57:20","slug":"bumbinas-gamma-4-5-mm-0-70-g-kvintors-2","status":"publish","type":"product","link":"https:\/\/kingarms.ee\/lv\/product\/bumbinas-gamma-4-5-mm-0-70-g-kvintors-2\/","title":{"rendered":"Bumbi\u0146as Gamma 4.5 mm 0.70 g (Kvintors)"},"content":{"rendered":"<p><img loading=\"lazy\" decoding=\"async\" class=\"alignnone size-full wp-image-83708\" src=\"https:\/\/kingarms.ee\/wp-content\/uploads\/2023\/11\/1bbb8bf8976720c7e29ad64d2cc7822f.jpg\" alt=\"\" width=\"660\" height=\"550\" srcset=\"https:\/\/kingarms.ee\/wp-content\/uploads\/2023\/11\/1bbb8bf8976720c7e29ad64d2cc7822f.jpg 660w, https:\/\/kingarms.ee\/wp-content\/uploads\/2023\/11\/1bbb8bf8976720c7e29ad64d2cc7822f-300x250.jpg 300w, https:\/\/kingarms.ee\/wp-content\/uploads\/2023\/11\/1bbb8bf8976720c7e29ad64d2cc7822f-500x417.jpg 500w, https:\/\/kingarms.ee\/wp-content\/uploads\/2023\/11\/1bbb8bf8976720c7e29ad64d2cc7822f-150x125.jpg 150w\" sizes=\"auto, (max-width: 660px) 100vw, 660px\" \/><\/p>\n","protected":false},"excerpt":{"rendered":"<h2>Bumbi\u0146as Gamma 4.5 mm 0.70 g (Kvintors)<\/h2>\n<p>Galven\u0101s da\u013cas noapa\u013cot\u0101 forma un visa lodes s\u0101kotn\u0113j\u0101 strukt\u016bra nodro\u0161ina izcilu aerodinamisko kvalit\u0101ti un augstu precizit\u0101ti, \u0161aujot lielos att\u0101lumos. Lode ir paredz\u0113ta izmanto\u0161anai jaud\u012bgos pneimatiskajos iero\u010dos (virs 7,5 J).<\/p>\n","protected":false},"featured_media":130615,"template":"","meta":{"_acf_changed":false},"product_brand":[],"product_cat":[1047],"product_tag":[],"class_list":{"0":"post-149928","1":"product","2":"type-product","3":"status-publish","4":"has-post-thumbnail","6":"product_cat-airuna-4-5-mm","8":"first","9":"instock","10":"sale","11":"taxable","12":"shipping-taxable","13":"purchasable","14":"product-type-simple"},"acf":[],"_links":{"self":[{"href":"https:\/\/kingarms.ee\/lv\/wp-json\/wp\/v2\/product\/149928","targetHints":{"allow":["GET"]}}],"collection":[{"href":"https:\/\/kingarms.ee\/lv\/wp-json\/wp\/v2\/product"}],"about":[{"href":"https:\/\/kingarms.ee\/lv\/wp-json\/wp\/v2\/types\/product"}],"wp:featuredmedia":[{"embeddable":true,"href":"https:\/\/kingarms.ee\/lv\/wp-json\/wp\/v2\/media\/130615"}],"wp:attachment":[{"href":"https:\/\/kingarms.ee\/lv\/wp-json\/wp\/v2\/media?parent=149928"}],"wp:term":[{"taxonomy":"product_brand","embeddable":true,"href":"https:\/\/kingarms.ee\/lv\/wp-json\/wp\/v2\/product_brand?post=149928"},{"taxonomy":"product_cat","embeddable":true,"href":"https:\/\/kingarms.ee\/lv\/wp-json\/wp\/v2\/product_cat?post=149928"},{"taxonomy":"product_tag","embeddable":true,"href":"https:\/\/kingarms.ee\/lv\/wp-json\/wp\/v2\/product_tag?post=149928"}],"curies":[{"name":"wp","href":"https:\/\/api.w.org\/{rel}","templated":true}]}}