{"id":149930,"date":"2023-11-18T19:07:37","date_gmt":"2025-05-25T12:56:29","guid":{"rendered":"https:\/\/kingarms.ee\/product\/lodes-luman-sharp-4-5-mm-0-68-g-300-gab\/"},"modified":"2025-08-03T14:59:52","modified_gmt":"2025-08-03T11:59:52","slug":"lodes-luman-sharp-4-5-mm-0-68-g-300-gab","status":"publish","type":"product","link":"https:\/\/kingarms.ee\/lv\/product\/lodes-luman-sharp-4-5-mm-0-68-g-300-gab\/","title":{"rendered":"Lodes Luman sharp 4.5 mm 0.68 g (300 gab.)"},"content":{"rendered":"<p><img loading=\"lazy\" decoding=\"async\" class=\"alignnone size-full wp-image-83672\" src=\"https:\/\/kingarms.ee\/wp-content\/uploads\/2023\/11\/puli-lyuman-pointed-pellets-4-5-mm-0-68-g-300-shtuk-3.jpg\" alt=\"\" width=\"1320\" height=\"1100\" srcset=\"https:\/\/kingarms.ee\/wp-content\/uploads\/2023\/11\/puli-lyuman-pointed-pellets-4-5-mm-0-68-g-300-shtuk-3.jpg 1320w, https:\/\/kingarms.ee\/wp-content\/uploads\/2023\/11\/puli-lyuman-pointed-pellets-4-5-mm-0-68-g-300-shtuk-3-300x250.jpg 300w, https:\/\/kingarms.ee\/wp-content\/uploads\/2023\/11\/puli-lyuman-pointed-pellets-4-5-mm-0-68-g-300-shtuk-3-1024x853.jpg 1024w, https:\/\/kingarms.ee\/wp-content\/uploads\/2023\/11\/puli-lyuman-pointed-pellets-4-5-mm-0-68-g-300-shtuk-3-768x640.jpg 768w, https:\/\/kingarms.ee\/wp-content\/uploads\/2023\/11\/puli-lyuman-pointed-pellets-4-5-mm-0-68-g-300-shtuk-3-500x417.jpg 500w, https:\/\/kingarms.ee\/wp-content\/uploads\/2023\/11\/puli-lyuman-pointed-pellets-4-5-mm-0-68-g-300-shtuk-3-150x125.jpg 150w\" sizes=\"auto, (max-width: 1320px) 100vw, 1320px\" \/><\/p>\n","protected":false},"excerpt":{"rendered":"<p>Lodes Luman sharp 4.5 mm 0.68 g (300 gab.)<\/p>\n<p>Ra\u017eot\u0101js: TM &#8220;Luman&#8221; (Ukraina)<br \/>\nKalibrs: 4.5 mm (.177)<br \/>\nSvars: 0,68 grami (10,49 graudi)<br \/>\nGalva: koniska (smaila)<br \/>\nPielietojums: plinking, izklaid\u0113jo\u0161a \u0161au\u0161ana<br \/>\nDaudzums: 300 PCs<\/p>\n","protected":false},"featured_media":130598,"template":"","meta":{"_acf_changed":false},"product_brand":[],"product_cat":[1047],"product_tag":[],"class_list":{"0":"post-149930","1":"product","2":"type-product","3":"status-publish","4":"has-post-thumbnail","6":"product_cat-airuna-4-5-mm","8":"first","9":"instock","10":"taxable","11":"shipping-taxable","12":"purchasable","13":"product-type-simple"},"acf":[],"_links":{"self":[{"href":"https:\/\/kingarms.ee\/lv\/wp-json\/wp\/v2\/product\/149930","targetHints":{"allow":["GET"]}}],"collection":[{"href":"https:\/\/kingarms.ee\/lv\/wp-json\/wp\/v2\/product"}],"about":[{"href":"https:\/\/kingarms.ee\/lv\/wp-json\/wp\/v2\/types\/product"}],"wp:featuredmedia":[{"embeddable":true,"href":"https:\/\/kingarms.ee\/lv\/wp-json\/wp\/v2\/media\/130598"}],"wp:attachment":[{"href":"https:\/\/kingarms.ee\/lv\/wp-json\/wp\/v2\/media?parent=149930"}],"wp:term":[{"taxonomy":"product_brand","embeddable":true,"href":"https:\/\/kingarms.ee\/lv\/wp-json\/wp\/v2\/product_brand?post=149930"},{"taxonomy":"product_cat","embeddable":true,"href":"https:\/\/kingarms.ee\/lv\/wp-json\/wp\/v2\/product_cat?post=149930"},{"taxonomy":"product_tag","embeddable":true,"href":"https:\/\/kingarms.ee\/lv\/wp-json\/wp\/v2\/product_tag?post=149930"}],"curies":[{"name":"wp","href":"https:\/\/api.w.org\/{rel}","templated":true}]}}