{"id":149934,"date":"2023-11-18T18:57:53","date_gmt":"2025-05-25T12:58:28","guid":{"rendered":"https:\/\/kingarms.ee\/product\/luman-bumbinas-4-5-mm-0-57-g-300-gab\/"},"modified":"2025-08-03T15:01:31","modified_gmt":"2025-08-03T12:01:31","slug":"luman-bumbinas-4-5-mm-0-57-g-300-gab","status":"publish","type":"product","link":"https:\/\/kingarms.ee\/lv\/product\/luman-bumbinas-4-5-mm-0-57-g-300-gab\/","title":{"rendered":"Luman bumbi\u0146as 4.5 mm 0.57 g (300 gab.)"},"content":{"rendered":"<p><img loading=\"lazy\" decoding=\"async\" class=\"alignnone size-full wp-image-83646\" src=\"https:\/\/kingarms.ee\/wp-content\/uploads\/2023\/11\/puli-lyuman-domed-pellets-4-5-mm-0-57-g-300-shtuk-3.jpg\" alt=\"\" width=\"1100\" height=\"920\" srcset=\"https:\/\/kingarms.ee\/wp-content\/uploads\/2023\/11\/puli-lyuman-domed-pellets-4-5-mm-0-57-g-300-shtuk-3.jpg 1100w, https:\/\/kingarms.ee\/wp-content\/uploads\/2023\/11\/puli-lyuman-domed-pellets-4-5-mm-0-57-g-300-shtuk-3-300x251.jpg 300w, https:\/\/kingarms.ee\/wp-content\/uploads\/2023\/11\/puli-lyuman-domed-pellets-4-5-mm-0-57-g-300-shtuk-3-1024x856.jpg 1024w, https:\/\/kingarms.ee\/wp-content\/uploads\/2023\/11\/puli-lyuman-domed-pellets-4-5-mm-0-57-g-300-shtuk-3-768x642.jpg 768w, https:\/\/kingarms.ee\/wp-content\/uploads\/2023\/11\/puli-lyuman-domed-pellets-4-5-mm-0-57-g-300-shtuk-3-500x418.jpg 500w, https:\/\/kingarms.ee\/wp-content\/uploads\/2023\/11\/puli-lyuman-domed-pellets-4-5-mm-0-57-g-300-shtuk-3-150x125.jpg 150w\" sizes=\"auto, (max-width: 1100px) 100vw, 1100px\" \/><\/p>\n","protected":false},"excerpt":{"rendered":"<p>Luman bumbi\u0146as 4.5 mm 0.57 g (300 gab.)<\/p>\n<p>Ra\u017eot\u0101js: TM &#8220;Lyuman&#8221; (Ukraina)<br \/>\nKalibrs: 4.5 mm (.177)<br \/>\nSvars: 0,57 grami (8,80 graudi)<br \/>\nGalven\u0101 da\u013ca: puslodes (kupols)<br \/>\nPielietojums: plinking, izklaid\u0113jo\u0161a \u0161au\u0161ana<br \/>\nDaudzums: 300 PCs<\/p>\n","protected":false},"featured_media":130591,"template":"","meta":{"_acf_changed":false},"product_brand":[],"product_cat":[1047],"product_tag":[],"class_list":{"0":"post-149934","1":"product","2":"type-product","3":"status-publish","4":"has-post-thumbnail","6":"product_cat-airuna-4-5-mm","8":"first","9":"instock","10":"taxable","11":"shipping-taxable","12":"purchasable","13":"product-type-simple"},"acf":[],"_links":{"self":[{"href":"https:\/\/kingarms.ee\/lv\/wp-json\/wp\/v2\/product\/149934","targetHints":{"allow":["GET"]}}],"collection":[{"href":"https:\/\/kingarms.ee\/lv\/wp-json\/wp\/v2\/product"}],"about":[{"href":"https:\/\/kingarms.ee\/lv\/wp-json\/wp\/v2\/types\/product"}],"wp:featuredmedia":[{"embeddable":true,"href":"https:\/\/kingarms.ee\/lv\/wp-json\/wp\/v2\/media\/130591"}],"wp:attachment":[{"href":"https:\/\/kingarms.ee\/lv\/wp-json\/wp\/v2\/media?parent=149934"}],"wp:term":[{"taxonomy":"product_brand","embeddable":true,"href":"https:\/\/kingarms.ee\/lv\/wp-json\/wp\/v2\/product_brand?post=149934"},{"taxonomy":"product_cat","embeddable":true,"href":"https:\/\/kingarms.ee\/lv\/wp-json\/wp\/v2\/product_cat?post=149934"},{"taxonomy":"product_tag","embeddable":true,"href":"https:\/\/kingarms.ee\/lv\/wp-json\/wp\/v2\/product_tag?post=149934"}],"curies":[{"name":"wp","href":"https:\/\/api.w.org\/{rel}","templated":true}]}}