{"id":149937,"date":"2023-11-18T16:40:48","date_gmt":"2025-05-25T12:59:01","guid":{"rendered":"https:\/\/kingarms.ee\/product\/vairaku-kalibra-ierocu-tirisanas-komplekts\/"},"modified":"2025-08-03T15:10:03","modified_gmt":"2025-08-03T12:10:03","slug":"vairaku-kalibra-ierocu-tirisanas-komplekts","status":"publish","type":"product","link":"https:\/\/kingarms.ee\/lv\/product\/vairaku-kalibra-ierocu-tirisanas-komplekts\/","title":{"rendered":"Vair\u0101ku kalibra iero\u010du t\u012br\u012b\u0161anas komplekts"},"content":{"rendered":"<p><img loading=\"lazy\" decoding=\"async\" class=\"alignnone size-full wp-image-83453\" src=\"https:\/\/kingarms.ee\/wp-content\/uploads\/2023\/11\/27387.jpg\" alt=\"\" width=\"1200\" height=\"1200\" srcset=\"https:\/\/kingarms.ee\/wp-content\/uploads\/2023\/11\/27387.jpg 1200w, https:\/\/kingarms.ee\/wp-content\/uploads\/2023\/11\/27387-300x300.jpg 300w, https:\/\/kingarms.ee\/wp-content\/uploads\/2023\/11\/27387-1024x1024.jpg 1024w, https:\/\/kingarms.ee\/wp-content\/uploads\/2023\/11\/27387-150x150.jpg 150w, https:\/\/kingarms.ee\/wp-content\/uploads\/2023\/11\/27387-768x768.jpg 768w, https:\/\/kingarms.ee\/wp-content\/uploads\/2023\/11\/27387-500x500.jpg 500w\" sizes=\"auto, (max-width: 1200px) 100vw, 1200px\" \/><\/p>\n","protected":false},"excerpt":{"rendered":"<p>Vair\u0101ku kalibra iero\u010du t\u012br\u012b\u0161anas komplekts<\/p>\n<p>Komplekt\u0101 ietilpst:<br \/>\n&#8211; misi\u0146a sukas (.22, .270, .30.9 mm, .40, .45 un .410, 20 un 12)<br \/>\n&#8211; kokvilnas mopi (.22.9 mm, .410, 20, 12)<\/p>\n<p>MFH int. comp. T\u012br\u012b\u0161anas komplekts BULLET<br \/>\n1 misi\u0146a t\u012br\u012b\u0161anas stienis ar 3 gabalu rokturi<br \/>\n10 misi\u0146a stiep\u013cu sukas<br \/>\n5 t\u012br\u012b\u0161anas mopi<br \/>\n2 misi\u0146a adapteri<br \/>\n2 plastmasas dakts tur\u0113t\u0101ji<br \/>\nT\u012br\u012b\u0161anas lupati\u0146as (apm\u0113ram 25 gab.)<br \/>\n1 t\u012br\u012b\u0161anas birste<br \/>\n1 t\u012br\u012b\u0161anas v\u0101ci\u0146\u0161<br \/>\n1 pudele e\u013c\u013cas<br \/>\nBall izm\u0113ri: augstums: apm. 33 cm, diametrs: apm. 9.5 cm<\/p>\n","protected":false},"featured_media":130513,"template":"","meta":{"_acf_changed":false},"product_brand":[],"product_cat":[1012],"product_tag":[],"class_list":{"0":"post-149937","1":"product","2":"type-product","3":"status-publish","4":"has-post-thumbnail","6":"product_cat-ierocu-uzturesana","8":"first","9":"instock","10":"taxable","11":"shipping-taxable","12":"purchasable","13":"product-type-simple"},"acf":[],"_links":{"self":[{"href":"https:\/\/kingarms.ee\/lv\/wp-json\/wp\/v2\/product\/149937","targetHints":{"allow":["GET"]}}],"collection":[{"href":"https:\/\/kingarms.ee\/lv\/wp-json\/wp\/v2\/product"}],"about":[{"href":"https:\/\/kingarms.ee\/lv\/wp-json\/wp\/v2\/types\/product"}],"wp:featuredmedia":[{"embeddable":true,"href":"https:\/\/kingarms.ee\/lv\/wp-json\/wp\/v2\/media\/130513"}],"wp:attachment":[{"href":"https:\/\/kingarms.ee\/lv\/wp-json\/wp\/v2\/media?parent=149937"}],"wp:term":[{"taxonomy":"product_brand","embeddable":true,"href":"https:\/\/kingarms.ee\/lv\/wp-json\/wp\/v2\/product_brand?post=149937"},{"taxonomy":"product_cat","embeddable":true,"href":"https:\/\/kingarms.ee\/lv\/wp-json\/wp\/v2\/product_cat?post=149937"},{"taxonomy":"product_tag","embeddable":true,"href":"https:\/\/kingarms.ee\/lv\/wp-json\/wp\/v2\/product_tag?post=149937"}],"curies":[{"name":"wp","href":"https:\/\/api.w.org\/{rel}","templated":true}]}}