{"id":149938,"date":"2022-03-24T02:22:53","date_gmt":"2025-05-25T12:59:05","guid":{"rendered":"https:\/\/kingarms.ee\/product\/taktiskie-cimdi-mechanix-m-pact-3-coyote\/"},"modified":"2025-05-25T15:59:05","modified_gmt":"2025-05-25T12:59:05","slug":"taktiskie-cimdi-mechanix-m-pact-3-coyote","status":"publish","type":"product","link":"https:\/\/kingarms.ee\/lv\/product\/taktiskie-cimdi-mechanix-m-pact-3-coyote\/","title":{"rendered":"Taktiskie cimdi Mechanix M-Pact 3 Coyote"},"content":{"rendered":"<p>Anatomiski veidoti TPR Cam protector Taktiskie cimdi Mechanix M-Pact 3 Coyote.<\/p>\n<p>Viengabala anatomiski veidota termoplastisk\u0101 gumija (TPR) ir m\u012bksta, \u013coti iztur\u012bga un nodro\u0161ina aizsardz\u012bbu pret triecieniem rokas aizmugur\u0113, vienlaikus \u013caujot rokai un pirkstiem br\u012bvi p\u0101rvietoties.<\/p>\n<p>Neskatoties uz lielo izci\u013c\u0146u aizsargu, cimdi ir \u013coti \u0113rti rok\u0101.<\/p>\n<p>Pirkstu da\u013cas ir p\u0101rkl\u0101tas ar 3 mm EVA polster\u0113jumu.<\/p>\n<p>Pirkstu gali ir pastiprin\u0101ti un reljefi, kas nodro\u0161ina stingr\u0101ku sa\u0137eri.<\/p>\n<p>Divda\u013c\u012bg\u0101 Palma pie\u0161\u0137ir cimdiem iztur\u012bbu.<\/p>\n<p>TPR pane\u013ca Velcro stiprin\u0101jums gl\u012bti aizver cimdus rok\u0101s.<\/p>\n<p>Cilpi\u0146a cimdu pakarin\u0101\u0161anai, izmantojot karab\u012bni.<\/p>\n<p>Cimdi ir mazg\u0101jami ma\u0161\u012bn\u0101.<\/p>\n<p>Galven\u0101s piem\u0113ro\u0161anas jomas:<\/p>\n<p>&#8211; taktiskie uzdevumi<\/p>\n<p>&#8211; milit\u0101r\u0101 un ties\u012bbaizsardz\u012bbas<\/p>\n<p>&#8211; smago ma\u0161\u012bnu operatori<\/p>\n<p>CE EN388-3131<\/p>\n","protected":false},"excerpt":{"rendered":"<p>Anatomiski veidoti TPR Cam protector Taktiskie cimdi Mechanix M-Pact 3 koijots.<\/p>\n<p>Viengabala anatomiz\u0113 veido termoplastisko gumiju (TPR) ir m\u012bksta, loti iztur\u012bga un nodro\u0161ina aizsardz\u012bbu pret trieciemiem rokas aizgur\u0113, vienlaikus \u013caujot rokai un pirksti nek\u0101 br\u0101\u013ci p\u0101rvietoti.<\/p>\n<p>Neskatoties uz lielo izviiatru aizsargu, cimdi iralcotiatri rokaeval.<\/p>\n<p>Pirkstu daertas ir pirkrklalattas ar 3 mm EVA polsteralatjumu.<\/p>\n<p>Pirkstu gali ir pastiprin publickti un reljefi, vai nodroshina stingrrakku saareteri.<\/p>\n<p>Kaheosaline peopesa lisab kinnastele vastupidavust.<\/p>\n<p>TPR panealka Velcro stiprinalikjums glaragti aizveres cimdus rokaums.<\/p>\n<p>Aas kinnaste riputamiseks karabiini abil.<\/p>\n<p>Cimdi IR mazgalagjami mashauladnaad.<\/p>\n<p>Peamised rakendusvaldkonnad:<\/p>\n<p>&#8211; taktiskie uzdumi<\/p>\n<p>&#8211; militaastralgate ANO tiesalatbaizsardzalatbas<\/p>\n<p>smago mashalistnu operators<\/p>\n<p>CE EN388-3131<\/p>\n","protected":false},"featured_media":115813,"template":"","meta":{"_acf_changed":false},"product_brand":[],"product_cat":[1092],"product_tag":[],"class_list":{"0":"post-149938","1":"product","2":"type-product","3":"status-publish","4":"has-post-thumbnail","6":"product_cat-cimdi","8":"first","9":"onbackorder","10":"sale","11":"taxable","12":"shipping-taxable","13":"product-type-variable","14":"has-default-attributes"},"acf":[],"_links":{"self":[{"href":"https:\/\/kingarms.ee\/lv\/wp-json\/wp\/v2\/product\/149938","targetHints":{"allow":["GET"]}}],"collection":[{"href":"https:\/\/kingarms.ee\/lv\/wp-json\/wp\/v2\/product"}],"about":[{"href":"https:\/\/kingarms.ee\/lv\/wp-json\/wp\/v2\/types\/product"}],"wp:featuredmedia":[{"embeddable":true,"href":"https:\/\/kingarms.ee\/lv\/wp-json\/wp\/v2\/media\/115813"}],"wp:attachment":[{"href":"https:\/\/kingarms.ee\/lv\/wp-json\/wp\/v2\/media?parent=149938"}],"wp:term":[{"taxonomy":"product_brand","embeddable":true,"href":"https:\/\/kingarms.ee\/lv\/wp-json\/wp\/v2\/product_brand?post=149938"},{"taxonomy":"product_cat","embeddable":true,"href":"https:\/\/kingarms.ee\/lv\/wp-json\/wp\/v2\/product_cat?post=149938"},{"taxonomy":"product_tag","embeddable":true,"href":"https:\/\/kingarms.ee\/lv\/wp-json\/wp\/v2\/product_tag?post=149938"}],"curies":[{"name":"wp","href":"https:\/\/api.w.org\/{rel}","templated":true}]}}