{"id":149944,"date":"2023-11-18T13:54:35","date_gmt":"2025-05-25T12:59:22","guid":{"rendered":"https:\/\/kingarms.ee\/product\/borner-tt-x\/"},"modified":"2025-08-03T15:10:51","modified_gmt":"2025-08-03T12:10:51","slug":"borner-tt-x","status":"publish","type":"product","link":"https:\/\/kingarms.ee\/lv\/product\/borner-tt-x\/","title":{"rendered":"Borner TT-X"},"content":{"rendered":"<p><img loading=\"lazy\" decoding=\"async\" class=\"alignnone size-full wp-image-148262\" src=\"https:\/\/kingarms.ee\/wp-content\/uploads\/2023\/11\/0e2b977eb85593a46b09a28850db9a1b.jpeg\" alt=\"\" width=\"1000\" height=\"750\" srcset=\"https:\/\/kingarms.ee\/wp-content\/uploads\/2023\/11\/0e2b977eb85593a46b09a28850db9a1b.jpeg 1000w, https:\/\/kingarms.ee\/wp-content\/uploads\/2023\/11\/0e2b977eb85593a46b09a28850db9a1b-300x225.jpeg 300w, https:\/\/kingarms.ee\/wp-content\/uploads\/2023\/11\/0e2b977eb85593a46b09a28850db9a1b-768x576.jpeg 768w, https:\/\/kingarms.ee\/wp-content\/uploads\/2023\/11\/0e2b977eb85593a46b09a28850db9a1b-500x375.jpeg 500w, https:\/\/kingarms.ee\/wp-content\/uploads\/2023\/11\/0e2b977eb85593a46b09a28850db9a1b-150x113.jpeg 150w\" sizes=\"auto, (max-width: 1000px) 100vw, 1000px\" \/><\/p>\n","protected":false},"excerpt":{"rendered":"<p>Pneimatiskais pistole tt-X kop\u0113 pasaul\u0113 paz\u012bstamo Tikarev TT-33.<br \/>\n\u0160\u012bs pistoles svars ir 389 grami no Aun. Fancy izklaides laiku vai izmantot.<\/p>\n<p>Ra\u017eot\u0101js BORNER<br \/>\nTips CO2 kapsula<br \/>\nPneumatics<br \/>\nKalibrs 4.5.<br \/>\n\u0160au\u0161anas \u0101trums 120 m \/ s<br \/>\nPurna ener\u0123ija CO2<br \/>\nCauru\u013cu tipa t\u0113rauds, gluds<br \/>\nPapl\u0101tes tilpums 15<br \/>\nMun\u012bcijas Tips Kulid, BB<\/p>\n","protected":false},"featured_media":148265,"template":"","meta":{"_acf_changed":false},"product_brand":[],"product_cat":[1005],"product_tag":[],"class_list":{"0":"post-149944","1":"product","2":"type-product","3":"status-publish","4":"has-post-thumbnail","6":"product_cat-rokas-pistoles-lv","8":"first","9":"instock","10":"taxable","11":"shipping-taxable","12":"purchasable","13":"product-type-simple"},"acf":[],"_links":{"self":[{"href":"https:\/\/kingarms.ee\/lv\/wp-json\/wp\/v2\/product\/149944","targetHints":{"allow":["GET"]}}],"collection":[{"href":"https:\/\/kingarms.ee\/lv\/wp-json\/wp\/v2\/product"}],"about":[{"href":"https:\/\/kingarms.ee\/lv\/wp-json\/wp\/v2\/types\/product"}],"wp:featuredmedia":[{"embeddable":true,"href":"https:\/\/kingarms.ee\/lv\/wp-json\/wp\/v2\/media\/148265"}],"wp:attachment":[{"href":"https:\/\/kingarms.ee\/lv\/wp-json\/wp\/v2\/media?parent=149944"}],"wp:term":[{"taxonomy":"product_brand","embeddable":true,"href":"https:\/\/kingarms.ee\/lv\/wp-json\/wp\/v2\/product_brand?post=149944"},{"taxonomy":"product_cat","embeddable":true,"href":"https:\/\/kingarms.ee\/lv\/wp-json\/wp\/v2\/product_cat?post=149944"},{"taxonomy":"product_tag","embeddable":true,"href":"https:\/\/kingarms.ee\/lv\/wp-json\/wp\/v2\/product_tag?post=149944"}],"curies":[{"name":"wp","href":"https:\/\/api.w.org\/{rel}","templated":true}]}}