{"id":149945,"date":"2022-07-18T12:51:40","date_gmt":"2025-05-25T12:59:51","guid":{"rendered":"https:\/\/kingarms.ee\/product\/dekorativa-katana-bianco\/"},"modified":"2025-05-25T15:59:51","modified_gmt":"2025-05-25T12:59:51","slug":"dekorativa-katana-bianco","status":"publish","type":"product","link":"https:\/\/kingarms.ee\/lv\/product\/dekorativa-katana-bianco\/","title":{"rendered":"DEKORAT\u012aV\u0100 KATANA BIANCO"},"content":{"rendered":"","protected":false},"excerpt":{"rendered":"<p>Dekorat\u012bv\u0101 katana<br \/>\nOglek\u013ca t\u0113rauda asmens<br \/>\nKoka ka\u0161\u0137is un tsuba<br \/>\nMet\u0101la tsuka<br \/>\nKop\u0113jais garums 1000mm<br \/>\nAsmens garums 690mm<br \/>\nBalta kr\u0101sa<\/p>\n","protected":false},"featured_media":123016,"template":"","meta":{"_acf_changed":false},"product_brand":[],"product_cat":[1127],"product_tag":[],"class_list":{"0":"post-149945","1":"product","2":"type-product","3":"status-publish","4":"has-post-thumbnail","6":"product_cat-katana-tanto","8":"first","9":"instock","10":"taxable","11":"shipping-taxable","12":"purchasable","13":"product-type-simple"},"acf":[],"_links":{"self":[{"href":"https:\/\/kingarms.ee\/lv\/wp-json\/wp\/v2\/product\/149945","targetHints":{"allow":["GET"]}}],"collection":[{"href":"https:\/\/kingarms.ee\/lv\/wp-json\/wp\/v2\/product"}],"about":[{"href":"https:\/\/kingarms.ee\/lv\/wp-json\/wp\/v2\/types\/product"}],"wp:featuredmedia":[{"embeddable":true,"href":"https:\/\/kingarms.ee\/lv\/wp-json\/wp\/v2\/media\/123016"}],"wp:attachment":[{"href":"https:\/\/kingarms.ee\/lv\/wp-json\/wp\/v2\/media?parent=149945"}],"wp:term":[{"taxonomy":"product_brand","embeddable":true,"href":"https:\/\/kingarms.ee\/lv\/wp-json\/wp\/v2\/product_brand?post=149945"},{"taxonomy":"product_cat","embeddable":true,"href":"https:\/\/kingarms.ee\/lv\/wp-json\/wp\/v2\/product_cat?post=149945"},{"taxonomy":"product_tag","embeddable":true,"href":"https:\/\/kingarms.ee\/lv\/wp-json\/wp\/v2\/product_tag?post=149945"}],"curies":[{"name":"wp","href":"https:\/\/api.w.org\/{rel}","templated":true}]}}