{"id":149946,"date":"2023-11-18T13:44:08","date_gmt":"2025-05-25T12:59:52","guid":{"rendered":"https:\/\/kingarms.ee\/product\/gaisa-pistoles-iedzilinatais-92m\/"},"modified":"2025-08-03T15:11:40","modified_gmt":"2025-08-03T12:11:40","slug":"gaisa-pistoles-iedzilinatais-92m","status":"publish","type":"product","link":"https:\/\/kingarms.ee\/lv\/product\/gaisa-pistoles-iedzilinatais-92m\/","title":{"rendered":"Gaisa pistoles iedzi\u013cin\u0101tais 92m"},"content":{"rendered":"<p><img loading=\"lazy\" decoding=\"async\" class=\"alignnone size-full wp-image-83391\" src=\"https:\/\/kingarms.ee\/wp-content\/uploads\/2023\/11\/4b7b418f-7ac9-11ed-b776-00155d8ed203_705e9c12-d2be-11ed-b779-00155d65b408-2.webp\" alt=\"\" width=\"1027\" height=\"1029\" srcset=\"https:\/\/kingarms.ee\/wp-content\/uploads\/2023\/11\/4b7b418f-7ac9-11ed-b776-00155d8ed203_705e9c12-d2be-11ed-b779-00155d65b408-2.webp 1027w, https:\/\/kingarms.ee\/wp-content\/uploads\/2023\/11\/4b7b418f-7ac9-11ed-b776-00155d8ed203_705e9c12-d2be-11ed-b779-00155d65b408-2-300x300.webp 300w, https:\/\/kingarms.ee\/wp-content\/uploads\/2023\/11\/4b7b418f-7ac9-11ed-b776-00155d8ed203_705e9c12-d2be-11ed-b779-00155d65b408-2-1022x1024.webp 1022w, https:\/\/kingarms.ee\/wp-content\/uploads\/2023\/11\/4b7b418f-7ac9-11ed-b776-00155d8ed203_705e9c12-d2be-11ed-b779-00155d65b408-2-150x150.webp 150w, https:\/\/kingarms.ee\/wp-content\/uploads\/2023\/11\/4b7b418f-7ac9-11ed-b776-00155d8ed203_705e9c12-d2be-11ed-b779-00155d65b408-2-768x769.webp 768w, https:\/\/kingarms.ee\/wp-content\/uploads\/2023\/11\/4b7b418f-7ac9-11ed-b776-00155d8ed203_705e9c12-d2be-11ed-b779-00155d65b408-2-500x501.webp 500w\" sizes=\"auto, (max-width: 1027px) 100vw, 1027px\" \/><img loading=\"lazy\" decoding=\"async\" class=\"alignnone size-full wp-image-148318\" src=\"https:\/\/kingarms.ee\/wp-content\/uploads\/2023\/11\/3add4b8d4b4c1c4c22c01caf46733d01.jpeg\" alt=\"\" width=\"1000\" height=\"750\" srcset=\"https:\/\/kingarms.ee\/wp-content\/uploads\/2023\/11\/3add4b8d4b4c1c4c22c01caf46733d01.jpeg 1000w, https:\/\/kingarms.ee\/wp-content\/uploads\/2023\/11\/3add4b8d4b4c1c4c22c01caf46733d01-300x225.jpeg 300w, https:\/\/kingarms.ee\/wp-content\/uploads\/2023\/11\/3add4b8d4b4c1c4c22c01caf46733d01-768x576.jpeg 768w, https:\/\/kingarms.ee\/wp-content\/uploads\/2023\/11\/3add4b8d4b4c1c4c22c01caf46733d01-500x375.jpeg 500w, https:\/\/kingarms.ee\/wp-content\/uploads\/2023\/11\/3add4b8d4b4c1c4c22c01caf46733d01-150x113.jpeg 150w\" sizes=\"auto, (max-width: 1000px) 100vw, 1000px\" \/><\/p>\n","protected":false},"excerpt":{"rendered":"<p>\u0160\u012b pistole ir it\u0101\u013cu Beretta 92 met\u0101la pneimatisk\u0101 kopija.<br \/>\nGaisa lielgabals, kas darbojas ar 12 gramu CO2 balonu un kura kalibrs ir 4,5 mm (.177). Pistoles s\u0101kotn\u0113jais \u0101trums ir 120 m\/s.<\/p>\n<p>Pistolei ir aizmugures skats un priek\u0161\u0113jais skats (blusu un iecirtums), kas \u013cauj m\u0113r\u0137\u0113t uz att\u0101lumu l\u012bdz 30m. pistolei ir 22 mm Picatinny pl\u0101ksne. Pistoles sl\u0113dzene (Ragavas) nep\u0101rvietojas.<\/p>\n<p>Stils: gaisa pistole<br \/>\nTips: G\u0101zes balonu pneimatika<br \/>\nEner\u0123ijas avots: CO2 cilindrs, 12g<br \/>\nMun\u012bcijas Tips: t\u0113rauda lod\u012btes (BB)<br \/>\nKalibrs: 4.5 mm<br \/>\nCaurules Tips: gluds<br \/>\nPretreakcija: n\u0113<br \/>\nMateri\u0101li: Plastmasas rokturis, met\u0101la muca<br \/>\nSvars: 0.92 kg<br \/>\nGarums: 213 mm<\/p>\n","protected":false},"featured_media":148321,"template":"","meta":{"_acf_changed":false},"product_brand":[],"product_cat":[1005],"product_tag":[],"class_list":{"0":"post-149946","1":"product","2":"type-product","3":"status-publish","4":"has-post-thumbnail","6":"product_cat-rokas-pistoles-lv","8":"first","9":"instock","10":"taxable","11":"shipping-taxable","12":"purchasable","13":"product-type-simple"},"acf":[],"_links":{"self":[{"href":"https:\/\/kingarms.ee\/lv\/wp-json\/wp\/v2\/product\/149946","targetHints":{"allow":["GET"]}}],"collection":[{"href":"https:\/\/kingarms.ee\/lv\/wp-json\/wp\/v2\/product"}],"about":[{"href":"https:\/\/kingarms.ee\/lv\/wp-json\/wp\/v2\/types\/product"}],"wp:featuredmedia":[{"embeddable":true,"href":"https:\/\/kingarms.ee\/lv\/wp-json\/wp\/v2\/media\/148321"}],"wp:attachment":[{"href":"https:\/\/kingarms.ee\/lv\/wp-json\/wp\/v2\/media?parent=149946"}],"wp:term":[{"taxonomy":"product_brand","embeddable":true,"href":"https:\/\/kingarms.ee\/lv\/wp-json\/wp\/v2\/product_brand?post=149946"},{"taxonomy":"product_cat","embeddable":true,"href":"https:\/\/kingarms.ee\/lv\/wp-json\/wp\/v2\/product_cat?post=149946"},{"taxonomy":"product_tag","embeddable":true,"href":"https:\/\/kingarms.ee\/lv\/wp-json\/wp\/v2\/product_tag?post=149946"}],"curies":[{"name":"wp","href":"https:\/\/api.w.org\/{rel}","templated":true}]}}