{"id":149947,"date":"2023-11-18T13:23:48","date_gmt":"2023-11-18T10:23:48","guid":{"rendered":"https:\/\/kingarms.ee\/product\/glock-17-borner\/"},"modified":"2025-08-03T15:13:14","modified_gmt":"2025-08-03T12:13:14","slug":"glock-17-borner","status":"publish","type":"product","link":"https:\/\/kingarms.ee\/lv\/product\/glock-17-borner\/","title":{"rendered":"Glock 17-Borner"},"content":{"rendered":"<p><img loading=\"lazy\" decoding=\"async\" class=\"alignnone size-full wp-image-83359\" src=\"https:\/\/kingarms.ee\/wp-content\/uploads\/2023\/11\/b8a119e4-ced8-11ed-b779-00155d65b408_7af8d2a0-d206-11ed-b779-00155d65b408-2.webp\" alt=\"\" width=\"931\" height=\"931\" srcset=\"https:\/\/kingarms.ee\/wp-content\/uploads\/2023\/11\/b8a119e4-ced8-11ed-b779-00155d65b408_7af8d2a0-d206-11ed-b779-00155d65b408-2.webp 931w, https:\/\/kingarms.ee\/wp-content\/uploads\/2023\/11\/b8a119e4-ced8-11ed-b779-00155d65b408_7af8d2a0-d206-11ed-b779-00155d65b408-2-300x300.webp 300w, https:\/\/kingarms.ee\/wp-content\/uploads\/2023\/11\/b8a119e4-ced8-11ed-b779-00155d65b408_7af8d2a0-d206-11ed-b779-00155d65b408-2-150x150.webp 150w, https:\/\/kingarms.ee\/wp-content\/uploads\/2023\/11\/b8a119e4-ced8-11ed-b779-00155d65b408_7af8d2a0-d206-11ed-b779-00155d65b408-2-768x768.webp 768w, https:\/\/kingarms.ee\/wp-content\/uploads\/2023\/11\/b8a119e4-ced8-11ed-b779-00155d65b408_7af8d2a0-d206-11ed-b779-00155d65b408-2-500x500.webp 500w\" sizes=\"auto, (max-width: 931px) 100vw, 931px\" \/><\/p>\n","protected":false},"excerpt":{"rendered":"<p>Glock 17-Borner<\/p>\n<p>Kalibrs: 4.5 mm (.177)<br \/>\nEner\u0123ijas avots: 12G CO2 g\u0101zes baloni<br \/>\nPurna ener\u0123ija: l\u012bdz 3 J<br \/>\nMun\u012bcija: 4,5 mm BB lodes<br \/>\nPapl\u0101tes ietilp\u012bba: 20<br \/>\nRagavas: fiks\u0113ts<br \/>\nPretreakcija: n\u0113<br \/>\nS\u0101kotn\u0113jais \u0101trums: 120 m \/ s<br \/>\nMateri\u0101ls: Korpuss-Plastmasa, caurule-met\u0101ls<br \/>\nPistoles mucas Tips: gluds<br \/>\nT\u0113m\u0113k\u013ci: neregul\u0113jams aizmugures skats un priek\u0161\u0113jais skats<br \/>\nAud\u0113ja \/ Picatinny b\u0101rs: J\u0101, zem ragav\u0101m<\/p>\n","protected":false},"featured_media":130483,"template":"","meta":{"_acf_changed":false},"product_brand":[],"product_cat":[1005],"product_tag":[],"class_list":{"0":"post-149947","1":"product","2":"type-product","3":"status-publish","4":"has-post-thumbnail","6":"product_cat-rokas-pistoles-lv","8":"first","9":"instock","10":"taxable","11":"shipping-taxable","12":"purchasable","13":"product-type-simple"},"acf":[],"_links":{"self":[{"href":"https:\/\/kingarms.ee\/lv\/wp-json\/wp\/v2\/product\/149947","targetHints":{"allow":["GET"]}}],"collection":[{"href":"https:\/\/kingarms.ee\/lv\/wp-json\/wp\/v2\/product"}],"about":[{"href":"https:\/\/kingarms.ee\/lv\/wp-json\/wp\/v2\/types\/product"}],"wp:featuredmedia":[{"embeddable":true,"href":"https:\/\/kingarms.ee\/lv\/wp-json\/wp\/v2\/media\/130483"}],"wp:attachment":[{"href":"https:\/\/kingarms.ee\/lv\/wp-json\/wp\/v2\/media?parent=149947"}],"wp:term":[{"taxonomy":"product_brand","embeddable":true,"href":"https:\/\/kingarms.ee\/lv\/wp-json\/wp\/v2\/product_brand?post=149947"},{"taxonomy":"product_cat","embeddable":true,"href":"https:\/\/kingarms.ee\/lv\/wp-json\/wp\/v2\/product_cat?post=149947"},{"taxonomy":"product_tag","embeddable":true,"href":"https:\/\/kingarms.ee\/lv\/wp-json\/wp\/v2\/product_tag?post=149947"}],"curies":[{"name":"wp","href":"https:\/\/api.w.org\/{rel}","templated":true}]}}