{"id":149952,"date":"2023-10-04T13:40:15","date_gmt":"2025-05-25T13:01:40","guid":{"rendered":"https:\/\/kingarms.ee\/product\/borner-pm-x\/"},"modified":"2025-08-03T15:53:40","modified_gmt":"2025-08-03T12:53:40","slug":"borner-pm-x","status":"publish","type":"product","link":"https:\/\/kingarms.ee\/lv\/product\/borner-pm-x\/","title":{"rendered":"Borner PM-X"},"content":{"rendered":"<p><img loading=\"lazy\" decoding=\"async\" class=\"alignnone size-medium wp-image-81312\" src=\"https:\/\/kingarms.ee\/wp-content\/uploads\/2023\/10\/pnevmaticheskiy-pistolet-borner-pm-x-3-300x250.jpg\" alt=\"\" width=\"300\" height=\"250\" srcset=\"https:\/\/kingarms.ee\/wp-content\/uploads\/2023\/10\/pnevmaticheskiy-pistolet-borner-pm-x-3-300x250.jpg 300w, https:\/\/kingarms.ee\/wp-content\/uploads\/2023\/10\/pnevmaticheskiy-pistolet-borner-pm-x-3-1024x853.jpg 1024w, https:\/\/kingarms.ee\/wp-content\/uploads\/2023\/10\/pnevmaticheskiy-pistolet-borner-pm-x-3-768x640.jpg 768w, https:\/\/kingarms.ee\/wp-content\/uploads\/2023\/10\/pnevmaticheskiy-pistolet-borner-pm-x-3-1536x1280.jpg 1536w, https:\/\/kingarms.ee\/wp-content\/uploads\/2023\/10\/pnevmaticheskiy-pistolet-borner-pm-x-3-500x417.jpg 500w, https:\/\/kingarms.ee\/wp-content\/uploads\/2023\/10\/pnevmaticheskiy-pistolet-borner-pm-x-3-150x125.jpg 150w, https:\/\/kingarms.ee\/wp-content\/uploads\/2023\/10\/pnevmaticheskiy-pistolet-borner-pm-x-3.jpg 1920w\" sizes=\"auto, (max-width: 300px) 100vw, 300px\" \/><\/p>\n","protected":false},"excerpt":{"rendered":"<p>Borner PM-X<\/p>\n<p>Borner PM-X ir slaven\u0101 Makarova kopija. Pateicoties polim\u0113ra r\u0101mim, gaisa pistole ir patiesi viegla. Iek\u0161\u0113j\u0101s da\u013cas ir izgatavotas no met\u0101la, lai palielin\u0101tu iztur\u012bbu. Gludstobra caurule ir paredz\u0113ta 0,177 kalibra (4,5 mm) t\u0113rauda BBs \u0161au\u0161anai. Magazin satur 16 kadrus. \u0160o modeli darbina viena 12G CO2 kapsula, kas tiek glab\u0101ta roktura iek\u0161pus\u0113. Manu\u0101lais buferis atrodas net\u0101lu no \u0101mura.<\/p>\n","protected":false},"featured_media":129959,"template":"","meta":{"_acf_changed":false},"product_brand":[],"product_cat":[1005],"product_tag":[],"class_list":{"0":"post-149952","1":"product","2":"type-product","3":"status-publish","4":"has-post-thumbnail","6":"product_cat-rokas-pistoles-lv","8":"first","9":"instock","10":"taxable","11":"shipping-taxable","12":"purchasable","13":"product-type-simple"},"acf":[],"_links":{"self":[{"href":"https:\/\/kingarms.ee\/lv\/wp-json\/wp\/v2\/product\/149952","targetHints":{"allow":["GET"]}}],"collection":[{"href":"https:\/\/kingarms.ee\/lv\/wp-json\/wp\/v2\/product"}],"about":[{"href":"https:\/\/kingarms.ee\/lv\/wp-json\/wp\/v2\/types\/product"}],"wp:featuredmedia":[{"embeddable":true,"href":"https:\/\/kingarms.ee\/lv\/wp-json\/wp\/v2\/media\/129959"}],"wp:attachment":[{"href":"https:\/\/kingarms.ee\/lv\/wp-json\/wp\/v2\/media?parent=149952"}],"wp:term":[{"taxonomy":"product_brand","embeddable":true,"href":"https:\/\/kingarms.ee\/lv\/wp-json\/wp\/v2\/product_brand?post=149952"},{"taxonomy":"product_cat","embeddable":true,"href":"https:\/\/kingarms.ee\/lv\/wp-json\/wp\/v2\/product_cat?post=149952"},{"taxonomy":"product_tag","embeddable":true,"href":"https:\/\/kingarms.ee\/lv\/wp-json\/wp\/v2\/product_tag?post=149952"}],"curies":[{"name":"wp","href":"https:\/\/api.w.org\/{rel}","templated":true}]}}