{"id":149953,"date":"2023-10-04T12:57:13","date_gmt":"2025-05-25T13:02:07","guid":{"rendered":"https:\/\/kingarms.ee\/product\/js-tactical-3x-lupa\/"},"modified":"2025-08-03T15:54:27","modified_gmt":"2025-08-03T12:54:27","slug":"js-tactical-3x-lupa","status":"publish","type":"product","link":"https:\/\/kingarms.ee\/lv\/product\/js-tactical-3x-lupa\/","title":{"rendered":"Js-Tactical 3x lupa"},"content":{"rendered":"<p><img loading=\"lazy\" decoding=\"async\" class=\"alignnone size-medium wp-image-81297\" src=\"https:\/\/kingarms.ee\/wp-content\/uploads\/2023\/10\/js-tactical-3x-magnifier-for-red-dot-js-zb3x-300x300.jpg\" alt=\"\" width=\"300\" height=\"300\" srcset=\"https:\/\/kingarms.ee\/wp-content\/uploads\/2023\/10\/js-tactical-3x-magnifier-for-red-dot-js-zb3x-300x300.jpg 300w, https:\/\/kingarms.ee\/wp-content\/uploads\/2023\/10\/js-tactical-3x-magnifier-for-red-dot-js-zb3x-150x150.jpg 150w, https:\/\/kingarms.ee\/wp-content\/uploads\/2023\/10\/js-tactical-3x-magnifier-for-red-dot-js-zb3x-768x768.jpg 768w, https:\/\/kingarms.ee\/wp-content\/uploads\/2023\/10\/js-tactical-3x-magnifier-for-red-dot-js-zb3x-500x500.jpg 500w, https:\/\/kingarms.ee\/wp-content\/uploads\/2023\/10\/js-tactical-3x-magnifier-for-red-dot-js-zb3x.jpg 1000w\" sizes=\"auto, (max-width: 300px) 100vw, 300px\" \/><\/p>\n","protected":false},"excerpt":{"rendered":"<p>Js-Tactical 3x lupa<br \/>\nfiks\u0113ts palielin\u0101jums 3X<br \/>\n30 mm uz objekt\u012bva<br \/>\nVisu met\u0101lu korpuss<br \/>\nUzst\u0101d\u012b\u0161ana uz standarta 20 mm sliedes, \u0101tra sa\u0137ere un atgr\u016b\u0161anas funkcija<br \/>\nSaliekamie l\u0113cu aizsargi<br \/>\nGarums 135mm<br \/>\nSvars370g<br \/>\nVAR IZMANTOT AR\u012a K\u0100 P\u0100RN\u0112S\u0100JAMU MONOKUL\u0100RU<\/p>\n","protected":false},"featured_media":129951,"template":"","meta":{"_acf_changed":false},"product_brand":[],"product_cat":[1044,1067],"product_tag":[],"class_list":{"0":"post-149953","1":"product","2":"type-product","3":"status-publish","4":"has-post-thumbnail","6":"product_cat-lastoltar-ir-narstants","7":"product_cat-skats","9":"first","10":"instock","11":"taxable","12":"shipping-taxable","13":"purchasable","14":"product-type-simple"},"acf":[],"_links":{"self":[{"href":"https:\/\/kingarms.ee\/lv\/wp-json\/wp\/v2\/product\/149953","targetHints":{"allow":["GET"]}}],"collection":[{"href":"https:\/\/kingarms.ee\/lv\/wp-json\/wp\/v2\/product"}],"about":[{"href":"https:\/\/kingarms.ee\/lv\/wp-json\/wp\/v2\/types\/product"}],"wp:featuredmedia":[{"embeddable":true,"href":"https:\/\/kingarms.ee\/lv\/wp-json\/wp\/v2\/media\/129951"}],"wp:attachment":[{"href":"https:\/\/kingarms.ee\/lv\/wp-json\/wp\/v2\/media?parent=149953"}],"wp:term":[{"taxonomy":"product_brand","embeddable":true,"href":"https:\/\/kingarms.ee\/lv\/wp-json\/wp\/v2\/product_brand?post=149953"},{"taxonomy":"product_cat","embeddable":true,"href":"https:\/\/kingarms.ee\/lv\/wp-json\/wp\/v2\/product_cat?post=149953"},{"taxonomy":"product_tag","embeddable":true,"href":"https:\/\/kingarms.ee\/lv\/wp-json\/wp\/v2\/product_tag?post=149953"}],"curies":[{"name":"wp","href":"https:\/\/api.w.org\/{rel}","templated":true}]}}