{"id":149955,"date":"2022-03-24T01:48:27","date_gmt":"2025-05-25T13:02:57","guid":{"rendered":"https:\/\/kingarms.ee\/product\/taktiskie-cimdi-mechanix-m-pact-coyote\/"},"modified":"2025-05-25T16:02:57","modified_gmt":"2025-05-25T13:02:57","slug":"taktiskie-cimdi-mechanix-m-pact-coyote","status":"publish","type":"product","link":"https:\/\/kingarms.ee\/lv\/product\/taktiskie-cimdi-mechanix-m-pact-coyote\/","title":{"rendered":"Taktiskie cimdi Mechanix M-PACT Coyote"},"content":{"rendered":"<p>Ide\u0101li piem\u0113rots milit\u0101rajiem un ties\u012bbaizsardz\u012bbas lauka taktiskajiem cimdiem Mechanix M-PACT Coyote.<\/p>\n<p>Augsta bl\u012bvuma EVA putas aizsarg\u0101 r\u0101d\u012bt\u0101jpirkstu no triecieniem.<\/p>\n<p>Cimdu polster\u0113jums un TPR pane\u013ci nodro\u0161ina aizsardz\u012bbu pret triecieniem un skr\u0101p\u0113jumiem.<\/p>\n<p>Trekdry-materi\u0101la aug\u0161da\u013ca uztur rokas sausas un \u0113rtas.<\/p>\n<p>Armortexaily stiegrojuma panelis plaukst\u0101.<\/p>\n<p>D3O polster\u0113jums plaukst\u0101 absorb\u0113 triecienus un vibr\u0101cijas.<\/p>\n<p>Pastiprin\u0101ti brezenti.<\/p>\n<p>Cimdi ir mazg\u0101jami ma\u0161\u012bn\u0101.<\/p>\n<p>Galven\u0101s piem\u0113ro\u0161anas jomas:<\/p>\n<p>&#8211; taktiskie uzdevumi<\/p>\n<p>&#8211; ties\u012bbaizsardz\u012bba<\/p>\n<p>&#8211; \u0160au\u0161anas Sports<\/p>\n<p>&#8211; R\u016bpniecisk\u0101 Apkope<\/p>\n","protected":false},"excerpt":{"rendered":"<p>Ideaalne s\u00f5jav\u00e4e ja \u00f5iguskaitse valdkonnas taktikalised kindad Mechanix M-PACT Coyote.<\/p>\n<p>Augsta blalkvuma EVA putas aizsargave ralkdulktalkjpirkstu no trieciem.<\/p>\n<p>Cimdu polsterrakjums un TPR panealgi nodroshina aizsardzalkbu Pret trieciem un skrrakparekjumiem.<\/p>\n<p>Trekdry-materjali \u00fclaosa hoiab k\u00e4ed kuivad ja mugavad.<\/p>\n<p>Armortexaily stiegrojuma panelis plaukstalk.<\/p>\n<p>D3O padsteralgjums plaukstalk absorb\u0113jams triecienus un vibr\u0101cijas.<\/p>\n<p>Tugevdatud tent.<\/p>\n<p>Cimdi ir mazg\u0101jami ma\u0161\u012bn\u0101.<\/p>\n<p>Galven\u0101s piem\u0113ro\u0161anas jomas:<\/p>\n<p>&#8211; taktiskie uzdevumi<\/p>\n<p>&#8211; tiesalkbaizsardzergba<\/p>\n<p>Shaushanas Sports<\/p>\n<p>&#8211; Noteikumu Projekts<\/p>\n","protected":false},"featured_media":115767,"template":"","meta":{"_acf_changed":false},"product_brand":[],"product_cat":[1092],"product_tag":[],"class_list":{"0":"post-149955","1":"product","2":"type-product","3":"status-publish","4":"has-post-thumbnail","6":"product_cat-cimdi","8":"first","9":"onbackorder","10":"sale","11":"taxable","12":"shipping-taxable","13":"product-type-variable","14":"has-default-attributes"},"acf":[],"_links":{"self":[{"href":"https:\/\/kingarms.ee\/lv\/wp-json\/wp\/v2\/product\/149955","targetHints":{"allow":["GET"]}}],"collection":[{"href":"https:\/\/kingarms.ee\/lv\/wp-json\/wp\/v2\/product"}],"about":[{"href":"https:\/\/kingarms.ee\/lv\/wp-json\/wp\/v2\/types\/product"}],"wp:featuredmedia":[{"embeddable":true,"href":"https:\/\/kingarms.ee\/lv\/wp-json\/wp\/v2\/media\/115767"}],"wp:attachment":[{"href":"https:\/\/kingarms.ee\/lv\/wp-json\/wp\/v2\/media?parent=149955"}],"wp:term":[{"taxonomy":"product_brand","embeddable":true,"href":"https:\/\/kingarms.ee\/lv\/wp-json\/wp\/v2\/product_brand?post=149955"},{"taxonomy":"product_cat","embeddable":true,"href":"https:\/\/kingarms.ee\/lv\/wp-json\/wp\/v2\/product_cat?post=149955"},{"taxonomy":"product_tag","embeddable":true,"href":"https:\/\/kingarms.ee\/lv\/wp-json\/wp\/v2\/product_tag?post=149955"}],"curies":[{"name":"wp","href":"https:\/\/api.w.org\/{rel}","templated":true}]}}