{"id":149963,"date":"2023-09-20T15:15:27","date_gmt":"2025-05-25T13:03:52","guid":{"rendered":"https:\/\/kingarms.ee\/product\/fn2000fn-herstal\/"},"modified":"2025-08-03T16:01:16","modified_gmt":"2025-08-03T13:01:16","slug":"fn2000fn-herstal","status":"publish","type":"product","link":"https:\/\/kingarms.ee\/lv\/product\/fn2000fn-herstal\/","title":{"rendered":"FN2000(FN herstal)"},"content":{"rendered":"<p><img loading=\"lazy\" decoding=\"async\" class=\"alignnone size-medium wp-image-80810\" src=\"https:\/\/kingarms.ee\/wp-content\/uploads\/2023\/09\/fn2000-herstal-aeg-300x300.jpg\" alt=\"\" width=\"300\" height=\"300\" srcset=\"https:\/\/kingarms.ee\/wp-content\/uploads\/2023\/09\/fn2000-herstal-aeg-300x300.jpg 300w, https:\/\/kingarms.ee\/wp-content\/uploads\/2023\/09\/fn2000-herstal-aeg-150x150.jpg 150w, https:\/\/kingarms.ee\/wp-content\/uploads\/2023\/09\/fn2000-herstal-aeg.jpg 452w\" sizes=\"auto, (max-width: 300px) 100vw, 300px\" \/><\/p>\n","protected":false},"excerpt":{"rendered":"<p>FN2000 (FN herstal)<br \/>\nIzgatavots no augstas stipr\u012bbas neilona polim\u0113ra korpusa<br \/>\nAutentiskas FN Herstal licenc\u0113tas pre\u010du z\u012bmes un logotipi<br \/>\nVisu met\u0101lu pastiprin\u0101ta p\u0101rnesumk\u0101rba ar augstas stipr\u012bbas t\u0113rauda p\u0101rnesumiem<br \/>\nMet\u0101la dz\u012bvoklis autobusu redzes vieglai uzst\u0101d\u012b\u0161anai<br \/>\nRegul\u0113jami priek\u0161\u0113jie un aizmugur\u0113jie t\u0113m\u0113k\u013ci<br \/>\nPiln\u012bb\u0101 divu roku dizains<br \/>\nIntegr\u0113ta aizmugur\u0113j\u0101 cilpa pistoles jostas stiprin\u0101\u0161anai<\/p>\n","protected":false},"featured_media":129847,"template":"","meta":{"_acf_changed":false},"product_brand":[],"product_cat":[1001],"product_tag":[],"class_list":{"0":"post-149963","1":"product","2":"type-product","3":"status-publish","4":"has-post-thumbnail","6":"product_cat-tirdzniecibas-automati","8":"first","9":"onbackorder","10":"taxable","11":"shipping-taxable","12":"product-type-simple"},"acf":[],"_links":{"self":[{"href":"https:\/\/kingarms.ee\/lv\/wp-json\/wp\/v2\/product\/149963","targetHints":{"allow":["GET"]}}],"collection":[{"href":"https:\/\/kingarms.ee\/lv\/wp-json\/wp\/v2\/product"}],"about":[{"href":"https:\/\/kingarms.ee\/lv\/wp-json\/wp\/v2\/types\/product"}],"wp:featuredmedia":[{"embeddable":true,"href":"https:\/\/kingarms.ee\/lv\/wp-json\/wp\/v2\/media\/129847"}],"wp:attachment":[{"href":"https:\/\/kingarms.ee\/lv\/wp-json\/wp\/v2\/media?parent=149963"}],"wp:term":[{"taxonomy":"product_brand","embeddable":true,"href":"https:\/\/kingarms.ee\/lv\/wp-json\/wp\/v2\/product_brand?post=149963"},{"taxonomy":"product_cat","embeddable":true,"href":"https:\/\/kingarms.ee\/lv\/wp-json\/wp\/v2\/product_cat?post=149963"},{"taxonomy":"product_tag","embeddable":true,"href":"https:\/\/kingarms.ee\/lv\/wp-json\/wp\/v2\/product_tag?post=149963"}],"curies":[{"name":"wp","href":"https:\/\/api.w.org\/{rel}","templated":true}]}}