{"id":149966,"date":"2023-09-16T10:19:00","date_gmt":"2023-09-16T07:19:00","guid":{"rendered":"https:\/\/kingarms.ee\/product\/atkartot-84fs\/"},"modified":"2025-08-03T16:05:34","modified_gmt":"2025-08-03T13:05:34","slug":"atkartot-84fs","status":"publish","type":"product","link":"https:\/\/kingarms.ee\/lv\/product\/atkartot-84fs\/","title":{"rendered":"Atk\u0101rtot 84fs"},"content":{"rendered":"<p><img loading=\"lazy\" decoding=\"async\" class=\"alignnone size-full wp-image-80712\" src=\"https:\/\/kingarms.ee\/wp-content\/uploads\/2023\/09\/retay_84-fs_Black_P630100B.png\" alt=\"\" width=\"1500\" height=\"979\" srcset=\"https:\/\/kingarms.ee\/wp-content\/uploads\/2023\/09\/retay_84-fs_Black_P630100B.png 1500w, https:\/\/kingarms.ee\/wp-content\/uploads\/2023\/09\/retay_84-fs_Black_P630100B-300x196.png 300w, https:\/\/kingarms.ee\/wp-content\/uploads\/2023\/09\/retay_84-fs_Black_P630100B-1024x668.png 1024w, https:\/\/kingarms.ee\/wp-content\/uploads\/2023\/09\/retay_84-fs_Black_P630100B-768x501.png 768w, https:\/\/kingarms.ee\/wp-content\/uploads\/2023\/09\/retay_84-fs_Black_P630100B-500x326.png 500w, https:\/\/kingarms.ee\/wp-content\/uploads\/2023\/09\/retay_84-fs_Black_P630100B-150x98.png 150w\" sizes=\"auto, (max-width: 1500px) 100vw, 1500px\" \/><\/p>\n","protected":false},"excerpt":{"rendered":"<p>Atk\u0101rtot 84fs<\/p>\n<p>\u0160is starta lielgabals ir lieliski piem\u0113rots dro\u0161ai apm\u0101c\u012bbai, atp\u016btai, film\u0113\u0161anai un su\u0146u apm\u0101c\u012bbai. Daudzas milit\u0101r\u0101s un policijas organiz\u0101cijas to izmanto, lai apm\u0101c\u012btu re\u0101lus m\u0101c\u012bbu scen\u0101rijus. 84FS rada t\u0101du pa\u0161u ska\u0146u, d\u016bmus un liesmu k\u0101 ori\u0123in\u0101ls.<\/p>\n<p>Kalibrs 9mm P. A. K<br \/>\nUzglab\u0101\u0161anas jauda 9+1<br \/>\nTrigger: dubult\u0101 darb\u012bba<\/p>\n","protected":false},"featured_media":152639,"template":"","meta":{"_acf_changed":false},"product_brand":[],"product_cat":[1010],"product_tag":[],"class_list":{"0":"post-149966","1":"product","2":"type-product","3":"status-publish","4":"has-post-thumbnail","6":"product_cat-starta-pistoles","8":"first","9":"instock","10":"taxable","11":"shipping-taxable","12":"purchasable","13":"product-type-simple"},"acf":[],"_links":{"self":[{"href":"https:\/\/kingarms.ee\/lv\/wp-json\/wp\/v2\/product\/149966","targetHints":{"allow":["GET"]}}],"collection":[{"href":"https:\/\/kingarms.ee\/lv\/wp-json\/wp\/v2\/product"}],"about":[{"href":"https:\/\/kingarms.ee\/lv\/wp-json\/wp\/v2\/types\/product"}],"wp:featuredmedia":[{"embeddable":true,"href":"https:\/\/kingarms.ee\/lv\/wp-json\/wp\/v2\/media\/152639"}],"wp:attachment":[{"href":"https:\/\/kingarms.ee\/lv\/wp-json\/wp\/v2\/media?parent=149966"}],"wp:term":[{"taxonomy":"product_brand","embeddable":true,"href":"https:\/\/kingarms.ee\/lv\/wp-json\/wp\/v2\/product_brand?post=149966"},{"taxonomy":"product_cat","embeddable":true,"href":"https:\/\/kingarms.ee\/lv\/wp-json\/wp\/v2\/product_cat?post=149966"},{"taxonomy":"product_tag","embeddable":true,"href":"https:\/\/kingarms.ee\/lv\/wp-json\/wp\/v2\/product_tag?post=149966"}],"curies":[{"name":"wp","href":"https:\/\/api.w.org\/{rel}","templated":true}]}}