{"id":149967,"date":"2023-09-16T10:12:18","date_gmt":"2023-09-16T07:12:18","guid":{"rendered":"https:\/\/kingarms.ee\/product\/trieciens-f92\/"},"modified":"2025-08-03T16:06:26","modified_gmt":"2025-08-03T13:06:26","slug":"trieciens-f92","status":"publish","type":"product","link":"https:\/\/kingarms.ee\/lv\/product\/trieciens-f92\/","title":{"rendered":"Trieciens F92"},"content":{"rendered":"<p><img loading=\"lazy\" decoding=\"async\" class=\"alignnone size-full wp-image-80699\" src=\"https:\/\/kingarms.ee\/wp-content\/uploads\/2023\/09\/siyahsiyahdesensiz4-1e1648673647187.jpeg\" alt=\"\" width=\"768\" height=\"768\" srcset=\"https:\/\/kingarms.ee\/wp-content\/uploads\/2023\/09\/siyahsiyahdesensiz4-1e1648673647187.jpeg 768w, https:\/\/kingarms.ee\/wp-content\/uploads\/2023\/09\/siyahsiyahdesensiz4-1e1648673647187-300x300.jpeg 300w, https:\/\/kingarms.ee\/wp-content\/uploads\/2023\/09\/siyahsiyahdesensiz4-1e1648673647187-150x150.jpeg 150w, https:\/\/kingarms.ee\/wp-content\/uploads\/2023\/09\/siyahsiyahdesensiz4-1e1648673647187-500x500.jpeg 500w\" sizes=\"auto, (max-width: 768px) 100vw, 768px\" \/><\/p>\n","protected":false},"excerpt":{"rendered":"<p>Trieciens F92<\/p>\n<p>Trieciens F92 ir it\u0101\u013cu Beretta 92 kopija. Met\u0101la r\u0101mis ir apr\u012bkots ar r\u016btainiem polim\u0113ru rokturiem dro\u0161\u0101kai apstr\u0101dei. \u0160is modelis izmanto dubult\u0101s darb\u012bbas spr\u016bda meh\u0101nismu. Lielas ietilp\u012bbas papl\u0101te var tur\u0113t l\u012bdz septi\u0146padsmit 9 mm P. A. K. bumba. Manu\u0101lais buferis atrodas kreisaj\u0101 pus\u0113, net\u0101lu no \u0101mura.<\/p>\n","protected":false},"featured_media":152687,"template":"","meta":{"_acf_changed":false},"product_brand":[],"product_cat":[1010],"product_tag":[],"class_list":{"0":"post-149967","1":"product","2":"type-product","3":"status-publish","4":"has-post-thumbnail","6":"product_cat-starta-pistoles","8":"first","9":"instock","10":"taxable","11":"shipping-taxable","12":"purchasable","13":"product-type-simple"},"acf":[],"_links":{"self":[{"href":"https:\/\/kingarms.ee\/lv\/wp-json\/wp\/v2\/product\/149967","targetHints":{"allow":["GET"]}}],"collection":[{"href":"https:\/\/kingarms.ee\/lv\/wp-json\/wp\/v2\/product"}],"about":[{"href":"https:\/\/kingarms.ee\/lv\/wp-json\/wp\/v2\/types\/product"}],"wp:featuredmedia":[{"embeddable":true,"href":"https:\/\/kingarms.ee\/lv\/wp-json\/wp\/v2\/media\/152687"}],"wp:attachment":[{"href":"https:\/\/kingarms.ee\/lv\/wp-json\/wp\/v2\/media?parent=149967"}],"wp:term":[{"taxonomy":"product_brand","embeddable":true,"href":"https:\/\/kingarms.ee\/lv\/wp-json\/wp\/v2\/product_brand?post=149967"},{"taxonomy":"product_cat","embeddable":true,"href":"https:\/\/kingarms.ee\/lv\/wp-json\/wp\/v2\/product_cat?post=149967"},{"taxonomy":"product_tag","embeddable":true,"href":"https:\/\/kingarms.ee\/lv\/wp-json\/wp\/v2\/product_tag?post=149967"}],"curies":[{"name":"wp","href":"https:\/\/api.w.org\/{rel}","templated":true}]}}