{"id":149969,"date":"2023-09-12T17:22:48","date_gmt":"2025-05-25T13:05:09","guid":{"rendered":"https:\/\/kingarms.ee\/product\/ask204p-taktiska-begums\/"},"modified":"2025-08-03T16:10:43","modified_gmt":"2025-08-03T13:10:43","slug":"ask204p-taktiska-begums","status":"publish","type":"product","link":"https:\/\/kingarms.ee\/lv\/product\/ask204p-taktiska-begums\/","title":{"rendered":"ASK204P TAKTISK\u0100 B\u0112GUMS"},"content":{"rendered":"<p><img loading=\"lazy\" decoding=\"async\" class=\"alignnone size-medium wp-image-80581\" src=\"https:\/\/kingarms.ee\/wp-content\/uploads\/2023\/09\/EL-A107S-AKS74MN-3-1-300x173.jpg\" alt=\"\" width=\"300\" height=\"173\" srcset=\"https:\/\/kingarms.ee\/wp-content\/uploads\/2023\/09\/EL-A107S-AKS74MN-3-1-300x173.jpg 300w, https:\/\/kingarms.ee\/wp-content\/uploads\/2023\/09\/EL-A107S-AKS74MN-3-1-1024x591.jpg 1024w, https:\/\/kingarms.ee\/wp-content\/uploads\/2023\/09\/EL-A107S-AKS74MN-3-1-768x443.jpg 768w, https:\/\/kingarms.ee\/wp-content\/uploads\/2023\/09\/EL-A107S-AKS74MN-3-1-500x288.jpg 500w, https:\/\/kingarms.ee\/wp-content\/uploads\/2023\/09\/EL-A107S-AKS74MN-3-1-150x87.jpg 150w, https:\/\/kingarms.ee\/wp-content\/uploads\/2023\/09\/EL-A107S-AKS74MN-3-1.jpg 1300w\" sizes=\"auto, (max-width: 300px) 100vw, 300px\" \/><\/p>\n","protected":false},"excerpt":{"rendered":"<p>ASK204P TACTICAL EBB no ra\u017eot\u0101ja APS<br \/>\nP\u0101rnesumk\u0101rba v. 3 Hibr\u012bds sudrabs ar \u0101tras mai\u0146as atsperu sist\u0113mu (100% savietojams ar TM deta\u013c\u0101m)<br \/>\npavasaris 120 m \/ s<br \/>\np\u0101rnesumk\u0101rba ar aizsardz\u012bbu pret koroziju, pul\u0113ta un pul\u0113ta virsma<br \/>\nt\u0113rauda Zobrati<br \/>\n8mm t\u0113rauda vienk\u0101r\u0161ais gultnis<br \/>\ngult\u0146u virzu\u013ca galva<br \/>\ncilindra tips ar 1 caurumu<br \/>\nnosl\u0113gta alum\u012bnija sprausla<br \/>\natsperes vadotnei ir 2 blo\u0137\u0113\u0161anas k\u0101jas, nevis 4, kas ir \u012bpa\u0161i dro\u0161as \u0161au\u0161anas laik\u0101<br \/>\nelektrisk\u0101 atsitiens<\/p>\n","protected":false},"featured_media":132097,"template":"","meta":{"_acf_changed":false},"product_brand":[],"product_cat":[1001],"product_tag":[],"class_list":{"0":"post-149969","1":"product","2":"type-product","3":"status-publish","4":"has-post-thumbnail","6":"product_cat-tirdzniecibas-automati","8":"first","9":"onbackorder","10":"sale","11":"taxable","12":"shipping-taxable","13":"product-type-simple"},"acf":[],"_links":{"self":[{"href":"https:\/\/kingarms.ee\/lv\/wp-json\/wp\/v2\/product\/149969","targetHints":{"allow":["GET"]}}],"collection":[{"href":"https:\/\/kingarms.ee\/lv\/wp-json\/wp\/v2\/product"}],"about":[{"href":"https:\/\/kingarms.ee\/lv\/wp-json\/wp\/v2\/types\/product"}],"wp:featuredmedia":[{"embeddable":true,"href":"https:\/\/kingarms.ee\/lv\/wp-json\/wp\/v2\/media\/132097"}],"wp:attachment":[{"href":"https:\/\/kingarms.ee\/lv\/wp-json\/wp\/v2\/media?parent=149969"}],"wp:term":[{"taxonomy":"product_brand","embeddable":true,"href":"https:\/\/kingarms.ee\/lv\/wp-json\/wp\/v2\/product_brand?post=149969"},{"taxonomy":"product_cat","embeddable":true,"href":"https:\/\/kingarms.ee\/lv\/wp-json\/wp\/v2\/product_cat?post=149969"},{"taxonomy":"product_tag","embeddable":true,"href":"https:\/\/kingarms.ee\/lv\/wp-json\/wp\/v2\/product_tag?post=149969"}],"curies":[{"name":"wp","href":"https:\/\/api.w.org\/{rel}","templated":true}]}}