{"id":149971,"date":"2023-09-12T15:33:30","date_gmt":"2025-05-25T13:07:02","guid":{"rendered":"https:\/\/kingarms.ee\/product\/zelta-erglis-6832c-ak-m\/"},"modified":"2025-08-03T16:12:19","modified_gmt":"2025-08-03T13:12:19","slug":"zelta-erglis-6832c-ak-m","status":"publish","type":"product","link":"https:\/\/kingarms.ee\/lv\/product\/zelta-erglis-6832c-ak-m\/","title":{"rendered":"Zelta \u0113rglis 6832c ak M"},"content":{"rendered":"<p><img loading=\"lazy\" decoding=\"async\" class=\"alignnone size-medium wp-image-80532\" src=\"https:\/\/kingarms.ee\/wp-content\/uploads\/2023\/09\/6832c-300x132.jpg\" alt=\"\" width=\"300\" height=\"132\" srcset=\"https:\/\/kingarms.ee\/wp-content\/uploads\/2023\/09\/6832c-300x132.jpg 300w, https:\/\/kingarms.ee\/wp-content\/uploads\/2023\/09\/6832c-500x220.jpg 500w, https:\/\/kingarms.ee\/wp-content\/uploads\/2023\/09\/6832c-150x66.jpg 150w, https:\/\/kingarms.ee\/wp-content\/uploads\/2023\/09\/6832c.jpg 700w\" sizes=\"auto, (max-width: 300px) 100vw, 300px\" \/><\/p>\n","protected":false},"excerpt":{"rendered":"<p>Zelta \u0113rglis 6832c ak M<\/p>\n<p>Taktiskais dizains AK74 ar lielu pikatinniz\u012bnas da\u017e\u0101du piederumu, piem\u0113ram, t\u0113m\u0113k\u013cu un lampu, uzst\u0101d\u012b\u0161anai. Korpuss ir piln\u012bb\u0101 izgatavots no met\u0101la un pie\u0161\u0137ir patie\u0161\u0101m jauku svaru un stingru saj\u016btu.<\/p>\n<p>Modelis ir \u0101rk\u0101rt\u012bgi efekt\u012bvs k\u0101 CQB \u0161autene, ta\u010du to var efekt\u012bvi izmantot ar\u012b liel\u0101kos att\u0101lumos. Magasin ir liela ietilp\u012bba, taj\u0101 ir l\u012bdz 500 lodes.<\/p>\n<p>Apr\u012bkots ar salok\u0101mu Le plecu atbalstu, t\u0101ds pats stils k\u0101 klasiskajam M4.<br \/>\nErgonomisks M249 stila pistoles rokturis.<br \/>\nPiem\u0113rots gan lab\u0101s, gan kreis\u0101s puses.<br \/>\nRegul\u0113jams priek\u0161\u0113jais un aizmugur\u0113jais gr\u0101matu skapis.<br \/>\nIek\u013cauts akumulators un L\u0101d\u0113t\u0101js (Ni-MH 9.6 V 1100 mAh)<\/p>\n","protected":false},"featured_media":131986,"template":"","meta":{"_acf_changed":false},"product_brand":[],"product_cat":[1001],"product_tag":[],"class_list":{"0":"post-149971","1":"product","2":"type-product","3":"status-publish","4":"has-post-thumbnail","6":"product_cat-tirdzniecibas-automati","8":"first","9":"onbackorder","10":"sale","11":"taxable","12":"shipping-taxable","13":"product-type-simple"},"acf":[],"_links":{"self":[{"href":"https:\/\/kingarms.ee\/lv\/wp-json\/wp\/v2\/product\/149971","targetHints":{"allow":["GET"]}}],"collection":[{"href":"https:\/\/kingarms.ee\/lv\/wp-json\/wp\/v2\/product"}],"about":[{"href":"https:\/\/kingarms.ee\/lv\/wp-json\/wp\/v2\/types\/product"}],"wp:featuredmedia":[{"embeddable":true,"href":"https:\/\/kingarms.ee\/lv\/wp-json\/wp\/v2\/media\/131986"}],"wp:attachment":[{"href":"https:\/\/kingarms.ee\/lv\/wp-json\/wp\/v2\/media?parent=149971"}],"wp:term":[{"taxonomy":"product_brand","embeddable":true,"href":"https:\/\/kingarms.ee\/lv\/wp-json\/wp\/v2\/product_brand?post=149971"},{"taxonomy":"product_cat","embeddable":true,"href":"https:\/\/kingarms.ee\/lv\/wp-json\/wp\/v2\/product_cat?post=149971"},{"taxonomy":"product_tag","embeddable":true,"href":"https:\/\/kingarms.ee\/lv\/wp-json\/wp\/v2\/product_tag?post=149971"}],"curies":[{"name":"wp","href":"https:\/\/api.w.org\/{rel}","templated":true}]}}