{"id":149982,"date":"2022-07-18T12:31:46","date_gmt":"2022-07-18T09:31:46","guid":{"rendered":"https:\/\/kingarms.ee\/product\/cobra-sistema-savienojums-stops-150-lbs-ek-loka-sausana\/"},"modified":"2025-05-25T16:08:50","modified_gmt":"2025-05-25T13:08:50","slug":"cobra-sistema-savienojums-stops-150-lbs-ek-loka-sausana","status":"publish","type":"product","link":"https:\/\/kingarms.ee\/lv\/product\/cobra-sistema-savienojums-stops-150-lbs-ek-loka-sausana\/","title":{"rendered":"COBRA SIST\u0112MA SAVIENOJUMS STOPS 150 LBS [EK LOKA \u0160AU\u0160ANA]"},"content":{"rendered":"","protected":false},"excerpt":{"rendered":"<p>Cobra sist\u0113ma savienojums stops 150 lbs [ek loka \u0161au\u0161ana]<\/p>\n<p>Compound stops ar sevis v\u0113r\u0161anos underlever v\u0113r\u0161anos sist\u0113ma<br \/>\nZ\u012bm\u0113\u0161anas svars: 150 lbs<br \/>\n\u0100trums: 300fps<br \/>\nJauda g\u0101jiens: 8,25&#8243;<br \/>\nAss uz asi 6,875&#8243; cocked &#8211; 10.5 &#8221; uncocked<br \/>\nStikla \u0161\u0137iedras locek\u013ci<br \/>\nStandarta 20mm aug\u0161\u0113j\u0101 sliede<br \/>\nIevelkams kr\u0101jums AR15 \/ m16 stils<br \/>\nAlum\u012bnija red dot zoom 4x objekt\u012bvs 32mm izgaismots sarkan\u0101 vai zil\u0101 kr\u0101s\u0101<br \/>\nSaliekams Priek\u0161\u0113jais bipods<br \/>\nErgonomisks vertik\u0101ls rokturis<br \/>\n1 punktu siksna ar \u0101tru atvieno\u0161anu<br \/>\n3x 15.5 &#8221; oglek\u013ca Skr\u016bves<br \/>\n\u0100tri atdal\u012bt tr\u012bsas<br \/>\nBrilles, st\u012bgu vasks<br \/>\nGarums 820mm-925mm<br \/>\nSvars 3400g<br \/>\nMelna kr\u0101sa<\/p>\n","protected":false},"featured_media":122975,"template":"","meta":{"_acf_changed":false},"product_brand":[],"product_cat":[1013,1014],"product_tag":[],"class_list":{"0":"post-149982","1":"product","2":"type-product","3":"status-publish","4":"has-post-thumbnail","6":"product_cat-loki-un-sen","7":"product_cat-sens","9":"first","10":"instock","11":"taxable","12":"shipping-taxable","13":"purchasable","14":"product-type-simple"},"acf":[],"_links":{"self":[{"href":"https:\/\/kingarms.ee\/lv\/wp-json\/wp\/v2\/product\/149982","targetHints":{"allow":["GET"]}}],"collection":[{"href":"https:\/\/kingarms.ee\/lv\/wp-json\/wp\/v2\/product"}],"about":[{"href":"https:\/\/kingarms.ee\/lv\/wp-json\/wp\/v2\/types\/product"}],"wp:featuredmedia":[{"embeddable":true,"href":"https:\/\/kingarms.ee\/lv\/wp-json\/wp\/v2\/media\/122975"}],"wp:attachment":[{"href":"https:\/\/kingarms.ee\/lv\/wp-json\/wp\/v2\/media?parent=149982"}],"wp:term":[{"taxonomy":"product_brand","embeddable":true,"href":"https:\/\/kingarms.ee\/lv\/wp-json\/wp\/v2\/product_brand?post=149982"},{"taxonomy":"product_cat","embeddable":true,"href":"https:\/\/kingarms.ee\/lv\/wp-json\/wp\/v2\/product_cat?post=149982"},{"taxonomy":"product_tag","embeddable":true,"href":"https:\/\/kingarms.ee\/lv\/wp-json\/wp\/v2\/product_tag?post=149982"}],"curies":[{"name":"wp","href":"https:\/\/api.w.org\/{rel}","templated":true}]}}