{"id":149988,"date":"2023-04-17T18:29:58","date_gmt":"2025-05-25T13:20:16","guid":{"rendered":"https:\/\/kingarms.ee\/product\/p84-sveices-ieroci\/"},"modified":"2025-05-25T16:20:16","modified_gmt":"2025-05-25T13:20:16","slug":"p84-sveices-ieroci","status":"publish","type":"product","link":"https:\/\/kingarms.ee\/lv\/product\/p84-sveices-ieroci\/","title":{"rendered":"P84 (\u0160veices iero\u010di)"},"content":{"rendered":"","protected":false},"excerpt":{"rendered":"<p><b>Pamata dati<\/b><\/p>\n<ul>\n<li>P84 (\u0160veices iero\u010di)<\/li>\n<li><span style=\"font-weight: 400;\">Kalibrs: 4.5 mm\n<p><\/span><\/li>\n<li><span style=\"font-weight: 400;\">Jauda: 2J<\/span><\/li>\n<li><span style=\"font-weight: 400;\">Kalibrs: 4,5 mm<\/span><\/li>\n<li><span style=\"font-weight: 400;\">Pretreakcija: N\u0113<\/span><\/li>\n<li><span style=\"font-weight: 400;\">Materi\u0101ls: Met\u0101ls<\/span><\/li>\n<li><span style=\"font-weight: 400;\">Baro\u0161anas avots: 12G CO2<\/span><\/li>\n<li><span style=\"font-weight: 400;\">\u0160au\u0161anas \u0101trums: 107m\/s<\/span><\/li>\n<\/ul>\n<p><span style=\"font-weight: 400;\">\u2014\u2014\u2014\u2014\u2014\u2014\u2014\u2014\u2014\u2014\u2014\u2014\u2014\u2014\u2014\u2014\u2014\u2014\u2014\u2014\u2014\u2014\u2014\u2014\u2014\u2014\u2014\u2014\u2014\u2014\u2014\u2014\u2014\u2014\u2014\u2014\u2014\u2014\u2014<\/span><\/p>\n<p><b>M\u00d5\u00d5TMED<\/b><\/p>\n<ul>\n<li><span style=\"font-weight: 400;\">Kaal: 740g<\/span><\/li>\n<\/ul>\n","protected":false},"featured_media":128389,"template":"","meta":{"_acf_changed":false},"product_brand":[],"product_cat":[1004,1005],"product_tag":[],"class_list":{"0":"post-149988","1":"product","2":"type-product","3":"status-publish","4":"has-post-thumbnail","6":"product_cat-lidmasinas","7":"product_cat-rokas-pistoles-lv","9":"first","10":"instock","11":"taxable","12":"shipping-taxable","13":"purchasable","14":"product-type-simple"},"acf":[],"_links":{"self":[{"href":"https:\/\/kingarms.ee\/lv\/wp-json\/wp\/v2\/product\/149988","targetHints":{"allow":["GET"]}}],"collection":[{"href":"https:\/\/kingarms.ee\/lv\/wp-json\/wp\/v2\/product"}],"about":[{"href":"https:\/\/kingarms.ee\/lv\/wp-json\/wp\/v2\/types\/product"}],"wp:featuredmedia":[{"embeddable":true,"href":"https:\/\/kingarms.ee\/lv\/wp-json\/wp\/v2\/media\/128389"}],"wp:attachment":[{"href":"https:\/\/kingarms.ee\/lv\/wp-json\/wp\/v2\/media?parent=149988"}],"wp:term":[{"taxonomy":"product_brand","embeddable":true,"href":"https:\/\/kingarms.ee\/lv\/wp-json\/wp\/v2\/product_brand?post=149988"},{"taxonomy":"product_cat","embeddable":true,"href":"https:\/\/kingarms.ee\/lv\/wp-json\/wp\/v2\/product_cat?post=149988"},{"taxonomy":"product_tag","embeddable":true,"href":"https:\/\/kingarms.ee\/lv\/wp-json\/wp\/v2\/product_tag?post=149988"}],"curies":[{"name":"wp","href":"https:\/\/api.w.org\/{rel}","templated":true}]}}