{"id":149998,"date":"2022-10-17T15:47:21","date_gmt":"2025-05-25T13:33:59","guid":{"rendered":"https:\/\/kingarms.ee\/product\/siksnas-siksnas-virpulis\/"},"modified":"2025-05-25T16:33:59","modified_gmt":"2025-05-25T13:33:59","slug":"siksnas-siksnas-virpulis","status":"publish","type":"product","link":"https:\/\/kingarms.ee\/lv\/product\/siksnas-siksnas-virpulis\/","title":{"rendered":"Siksnas Siksnas Virpulis"},"content":{"rendered":"","protected":false},"excerpt":{"rendered":"<p>Siksnas Siksnas Virpulis<\/p>\n<p>Atvadieties no kakla celma un turiet Binokli no atl\u0113ciena pret jums, dodoties p\u0101rg\u0101jien\u0101 pa taku ar virpu\u013cveida binokul\u0101ro zirglietu Siksnu. \u0160\u012b siksna izklied\u0113 j\u016bsu binok\u013ca svaru p\u0101ri pleciem, lai atvieglotu apskati, un saglab\u0101 j\u016bsu binok\u013cus un t\u0101lm\u0113rus vai pat kameras no jostling apk\u0101rt, kad j\u016bs staig\u0101jat, atbr\u012bvojot roku izmanto\u0161anu. <\/p>\n","protected":false},"featured_media":124575,"template":"","meta":{"_acf_changed":false},"product_brand":[],"product_cat":[1043,1093],"product_tag":[],"class_list":{"0":"post-149998","1":"product","2":"type-product","3":"status-publish","4":"has-post-thumbnail","6":"product_cat-biloklalis","7":"product_cat-vestes-un-zirglietas","9":"first","10":"instock","11":"purchasable","12":"product-type-simple"},"acf":[],"_links":{"self":[{"href":"https:\/\/kingarms.ee\/lv\/wp-json\/wp\/v2\/product\/149998","targetHints":{"allow":["GET"]}}],"collection":[{"href":"https:\/\/kingarms.ee\/lv\/wp-json\/wp\/v2\/product"}],"about":[{"href":"https:\/\/kingarms.ee\/lv\/wp-json\/wp\/v2\/types\/product"}],"wp:featuredmedia":[{"embeddable":true,"href":"https:\/\/kingarms.ee\/lv\/wp-json\/wp\/v2\/media\/124575"}],"wp:attachment":[{"href":"https:\/\/kingarms.ee\/lv\/wp-json\/wp\/v2\/media?parent=149998"}],"wp:term":[{"taxonomy":"product_brand","embeddable":true,"href":"https:\/\/kingarms.ee\/lv\/wp-json\/wp\/v2\/product_brand?post=149998"},{"taxonomy":"product_cat","embeddable":true,"href":"https:\/\/kingarms.ee\/lv\/wp-json\/wp\/v2\/product_cat?post=149998"},{"taxonomy":"product_tag","embeddable":true,"href":"https:\/\/kingarms.ee\/lv\/wp-json\/wp\/v2\/product_tag?post=149998"}],"curies":[{"name":"wp","href":"https:\/\/api.w.org\/{rel}","templated":true}]}}