{"id":150002,"date":"2022-10-17T15:47:21","date_gmt":"2025-05-25T13:36:18","guid":{"rendered":"https:\/\/kingarms.ee\/product\/ipasas-hardtacks-90-g\/"},"modified":"2025-05-25T16:36:18","modified_gmt":"2025-05-25T13:36:18","slug":"ipasas-hardtacks-90-g","status":"publish","type":"product","link":"https:\/\/kingarms.ee\/lv\/product\/ipasas-hardtacks-90-g\/","title":{"rendered":"\u012apa\u0161as Hardtacks-90 g"},"content":{"rendered":"","protected":false},"excerpt":{"rendered":"<p>\u012apa\u0161as Hardtacks-90 g<\/p>\n<p>Milit\u0101r\u0101s Special Hardtacks SU &#8211; 2-ikonu elements Polijas armijas dev\u0101m. Neatdal\u0101ms karav\u012bru, skautu un t\u016bristu pavadonis. \u016adensnecaurlaid\u012bgs iepakojums, izcila iztur\u012bba. Tie nav pel\u0113juma, nek\u013c\u016bst novecoju\u0161i, nesadrumsto.   <\/p>\n","protected":false},"featured_media":124577,"template":"","meta":{"_acf_changed":false},"product_brand":[],"product_cat":[1119,1128],"product_tag":[],"class_list":{"0":"post-150002","1":"product","2":"type-product","3":"status-publish","4":"has-post-thumbnail","6":"product_cat-celojumu-preces","7":"product_cat-taktiska-partikas","9":"first","10":"instock","11":"purchasable","12":"product-type-simple"},"acf":[],"_links":{"self":[{"href":"https:\/\/kingarms.ee\/lv\/wp-json\/wp\/v2\/product\/150002","targetHints":{"allow":["GET"]}}],"collection":[{"href":"https:\/\/kingarms.ee\/lv\/wp-json\/wp\/v2\/product"}],"about":[{"href":"https:\/\/kingarms.ee\/lv\/wp-json\/wp\/v2\/types\/product"}],"wp:featuredmedia":[{"embeddable":true,"href":"https:\/\/kingarms.ee\/lv\/wp-json\/wp\/v2\/media\/124577"}],"wp:attachment":[{"href":"https:\/\/kingarms.ee\/lv\/wp-json\/wp\/v2\/media?parent=150002"}],"wp:term":[{"taxonomy":"product_brand","embeddable":true,"href":"https:\/\/kingarms.ee\/lv\/wp-json\/wp\/v2\/product_brand?post=150002"},{"taxonomy":"product_cat","embeddable":true,"href":"https:\/\/kingarms.ee\/lv\/wp-json\/wp\/v2\/product_cat?post=150002"},{"taxonomy":"product_tag","embeddable":true,"href":"https:\/\/kingarms.ee\/lv\/wp-json\/wp\/v2\/product_tag?post=150002"}],"curies":[{"name":"wp","href":"https:\/\/api.w.org\/{rel}","templated":true}]}}