{"id":150003,"date":"2022-05-07T09:56:40","date_gmt":"2025-05-25T13:36:50","guid":{"rendered":"https:\/\/kingarms.ee\/product\/30-mm-videja-gredzena-komplekts\/"},"modified":"2025-05-25T16:36:50","modified_gmt":"2025-05-25T13:36:50","slug":"30-mm-videja-gredzena-komplekts","status":"publish","type":"product","link":"https:\/\/kingarms.ee\/lv\/product\/30-mm-videja-gredzena-komplekts\/","title":{"rendered":"30 mm vid\u0113ja gredzena komplekts"},"content":{"rendered":"","protected":false},"excerpt":{"rendered":"<p>1 &#8220;gredzeni V2 (vid\u0113js) tiek apstr\u0101d\u0101ti no gaisa ku\u0123a alum\u012bnija sakaus\u0113juma ar t\u0113rauda blo\u0137\u0113\u0161anas pl\u0101ksn\u0113m, lai ieg\u016btu cietu mont\u0101\u017eas \u0161\u0137\u012bdumu. Tie b\u016bs jebkur\u0161 optisks ar vienu collas caurules diametru. \u013cauj \u0113rti uzst\u0101d\u012bt un dro\u0161i piem\u0113rot.<br \/>\nGredzeni ir veidoti ar lielizm\u0113ra anti-recoil \u0161\u0137\u0113rs\u0101m skr\u016bv\u0113m, lai optim\u0101lai nulles aiztur\u0113\u0161anai un \u0101trai uzst\u0101d\u012b\u0161anai uz jebkuras MIL-STD 1913 sliedes.  <\/p>\n","protected":false},"featured_media":118606,"template":"","meta":{"_acf_changed":false},"product_brand":[],"product_cat":[1035],"product_tag":[],"class_list":{"0":"post-150003","1":"product","2":"type-product","3":"status-publish","4":"has-post-thumbnail","6":"product_cat-saujamierocu-gredzeni","8":"first","9":"instock","10":"taxable","11":"shipping-taxable","12":"purchasable","13":"product-type-simple"},"acf":[],"_links":{"self":[{"href":"https:\/\/kingarms.ee\/lv\/wp-json\/wp\/v2\/product\/150003","targetHints":{"allow":["GET"]}}],"collection":[{"href":"https:\/\/kingarms.ee\/lv\/wp-json\/wp\/v2\/product"}],"about":[{"href":"https:\/\/kingarms.ee\/lv\/wp-json\/wp\/v2\/types\/product"}],"wp:featuredmedia":[{"embeddable":true,"href":"https:\/\/kingarms.ee\/lv\/wp-json\/wp\/v2\/media\/118606"}],"wp:attachment":[{"href":"https:\/\/kingarms.ee\/lv\/wp-json\/wp\/v2\/media?parent=150003"}],"wp:term":[{"taxonomy":"product_brand","embeddable":true,"href":"https:\/\/kingarms.ee\/lv\/wp-json\/wp\/v2\/product_brand?post=150003"},{"taxonomy":"product_cat","embeddable":true,"href":"https:\/\/kingarms.ee\/lv\/wp-json\/wp\/v2\/product_cat?post=150003"},{"taxonomy":"product_tag","embeddable":true,"href":"https:\/\/kingarms.ee\/lv\/wp-json\/wp\/v2\/product_tag?post=150003"}],"curies":[{"name":"wp","href":"https:\/\/api.w.org\/{rel}","templated":true}]}}