{"id":150006,"date":"2022-10-17T15:47:21","date_gmt":"2025-05-25T13:38:38","guid":{"rendered":"https:\/\/kingarms.ee\/product\/gadijums-sautene-joma-xl-vortex\/"},"modified":"2025-05-25T16:38:38","modified_gmt":"2025-05-25T13:38:38","slug":"gadijums-sautene-joma-xl-vortex","status":"publish","type":"product","link":"https:\/\/kingarms.ee\/lv\/product\/gadijums-sautene-joma-xl-vortex\/","title":{"rendered":"Gad\u012bjums \u0161autene joma XL Vortex"},"content":{"rendered":"","protected":false},"excerpt":{"rendered":"<p>Gad\u012bjums \u0161autene joma XL Vortex<\/p>\n<p>Aizsarg\u0101jiet savu darb\u012bbas jomu no elementiem ar iztur\u012bgu \u016bdens un laika apst\u0101k\u013cu iztur\u012bgu SURE FIT v\u0101ku. \u0160is stiepuma p\u0101rsegs ir viegli uzvelkams un saglab\u0101 j\u016bsu darb\u012bbas jomu t\u012bru no net\u012brumiem, putek\u013ciem un gru\u017eiem. <\/p>\n","protected":false},"featured_media":124579,"template":"","meta":{"_acf_changed":false},"product_brand":[],"product_cat":[1034],"product_tag":[],"class_list":{"0":"post-150006","1":"product","2":"type-product","3":"status-publish","4":"has-post-thumbnail","6":"product_cat-saujamierocu-piederumi","8":"first","9":"instock","10":"purchasable","11":"product-type-simple"},"acf":[],"_links":{"self":[{"href":"https:\/\/kingarms.ee\/lv\/wp-json\/wp\/v2\/product\/150006","targetHints":{"allow":["GET"]}}],"collection":[{"href":"https:\/\/kingarms.ee\/lv\/wp-json\/wp\/v2\/product"}],"about":[{"href":"https:\/\/kingarms.ee\/lv\/wp-json\/wp\/v2\/types\/product"}],"wp:featuredmedia":[{"embeddable":true,"href":"https:\/\/kingarms.ee\/lv\/wp-json\/wp\/v2\/media\/124579"}],"wp:attachment":[{"href":"https:\/\/kingarms.ee\/lv\/wp-json\/wp\/v2\/media?parent=150006"}],"wp:term":[{"taxonomy":"product_brand","embeddable":true,"href":"https:\/\/kingarms.ee\/lv\/wp-json\/wp\/v2\/product_brand?post=150006"},{"taxonomy":"product_cat","embeddable":true,"href":"https:\/\/kingarms.ee\/lv\/wp-json\/wp\/v2\/product_cat?post=150006"},{"taxonomy":"product_tag","embeddable":true,"href":"https:\/\/kingarms.ee\/lv\/wp-json\/wp\/v2\/product_tag?post=150006"}],"curies":[{"name":"wp","href":"https:\/\/api.w.org\/{rel}","templated":true}]}}