{"id":150031,"date":"2022-02-03T14:33:12","date_gmt":"2025-05-25T14:09:37","guid":{"rendered":"https:\/\/kingarms.ee\/product\/meksikanu-kastrolis-ar-liellopa-galu-115g\/"},"modified":"2025-05-25T17:09:37","modified_gmt":"2025-05-25T14:09:37","slug":"meksikanu-kastrolis-ar-liellopa-galu-115g","status":"publish","type":"product","link":"https:\/\/kingarms.ee\/lv\/product\/meksikanu-kastrolis-ar-liellopa-galu-115g\/","title":{"rendered":"Meksik\u0101\u0146u kastrolis ar liellopa ga\u013cu 115g"},"content":{"rendered":"<p><img loading=\"lazy\" decoding=\"async\" class=\"alignnone size-medium wp-image-36434\" src=\"https:\/\/kingarms.ee\/wp-content\/uploads\/2022\/02\/Mexican_hot_pot-300x239.png\" alt=\"\" width=\"300\" height=\"239\" srcset=\"https:\/\/kingarms.ee\/wp-content\/uploads\/2022\/02\/Mexican_hot_pot-300x239.png 300w, https:\/\/kingarms.ee\/wp-content\/uploads\/2022\/02\/Mexican_hot_pot-150x120.png 150w, https:\/\/kingarms.ee\/wp-content\/uploads\/2022\/02\/Mexican_hot_pot-500x399.png 500w, https:\/\/kingarms.ee\/wp-content\/uploads\/2022\/02\/Mexican_hot_pot-1024x817.png 1024w, https:\/\/kingarms.ee\/wp-content\/uploads\/2022\/02\/Mexican_hot_pot-768x613.png 768w, https:\/\/kingarms.ee\/wp-content\/uploads\/2022\/02\/Mexican_hot_pot.png 1354w\" sizes=\"auto, (max-width: 300px) 100vw, 300px\" \/><\/p>\n","protected":false},"excerpt":{"rendered":"<ul>\n<li>Ugun\u012bgs Meksik\u0101\u0146u kastrolis ar liellopa ga\u013cu<\/li>\n<li>Gar\u0161\u012bgi pikants un gar\u0161\u012bgs<\/li>\n<li><span lang=\"ET\">Dabiski un ra\u017eoti Igaunij\u0101 <\/span><\/li>\n<li><span lang=\"ET\">Nesatur saglab\u0101\u0161ana UNPIEDEVA<\/span><\/li>\n<li><span lang=\"ET\">Ener\u0123\u0113tisk\u0101 v\u0113rt\u012bba uz porciju ir 508 kcal<\/span><\/li>\n<\/ul>\n<p><strong>Sast\u0101vda\u013ca: <\/strong><\/p>\n<p><strong>R\u012bsi, malta liellopa ga\u013ca (15%), sasmalcin\u0101ti tom\u0101ti, konserv\u0113tas sarkan\u0101s pupi\u0146as, burk\u0101ni, s\u012bpoli, rap\u0161u e\u013c\u013ca, \u0137iploki, p\u0113ters\u012b\u013ci, cukurs, s\u0101ls, gar\u0161vielas. Var satur\u0113t nelielu daudzumu selerijas, piena, sinepju. <\/strong><\/p>\n<p>Der\u012bguma termi\u0146\u0161: 8 gadi<\/p>\n","protected":false},"featured_media":115246,"template":"","meta":{"_acf_changed":false},"product_brand":[],"product_cat":[1128],"product_tag":[],"class_list":{"0":"post-150031","1":"product","2":"type-product","3":"status-publish","4":"has-post-thumbnail","6":"product_cat-taktiska-partikas","8":"first","9":"instock","10":"taxable","11":"shipping-taxable","12":"purchasable","13":"product-type-simple"},"acf":[],"_links":{"self":[{"href":"https:\/\/kingarms.ee\/lv\/wp-json\/wp\/v2\/product\/150031","targetHints":{"allow":["GET"]}}],"collection":[{"href":"https:\/\/kingarms.ee\/lv\/wp-json\/wp\/v2\/product"}],"about":[{"href":"https:\/\/kingarms.ee\/lv\/wp-json\/wp\/v2\/types\/product"}],"wp:featuredmedia":[{"embeddable":true,"href":"https:\/\/kingarms.ee\/lv\/wp-json\/wp\/v2\/media\/115246"}],"wp:attachment":[{"href":"https:\/\/kingarms.ee\/lv\/wp-json\/wp\/v2\/media?parent=150031"}],"wp:term":[{"taxonomy":"product_brand","embeddable":true,"href":"https:\/\/kingarms.ee\/lv\/wp-json\/wp\/v2\/product_brand?post=150031"},{"taxonomy":"product_cat","embeddable":true,"href":"https:\/\/kingarms.ee\/lv\/wp-json\/wp\/v2\/product_cat?post=150031"},{"taxonomy":"product_tag","embeddable":true,"href":"https:\/\/kingarms.ee\/lv\/wp-json\/wp\/v2\/product_tag?post=150031"}],"curies":[{"name":"wp","href":"https:\/\/api.w.org\/{rel}","templated":true}]}}