{"id":150059,"date":"2022-02-03T14:14:55","date_gmt":"2025-05-25T14:21:29","guid":{"rendered":"https:\/\/kingarms.ee\/product\/darzenu-wok-ar-nudelem-100g\/"},"modified":"2025-05-25T17:21:29","modified_gmt":"2025-05-25T14:21:29","slug":"darzenu-wok-ar-nudelem-100g","status":"publish","type":"product","link":"https:\/\/kingarms.ee\/lv\/product\/darzenu-wok-ar-nudelem-100g\/","title":{"rendered":"D\u0101rze\u0146u wok ar n\u016bdel\u0113m 100g"},"content":{"rendered":"<p><img loading=\"lazy\" decoding=\"async\" class=\"alignnone size-medium wp-image-36369\" src=\"https:\/\/kingarms.ee\/wp-content\/uploads\/2022\/02\/Veggie_wok_and_noodles-300x239.png\" alt=\"\" width=\"300\" height=\"239\" srcset=\"https:\/\/kingarms.ee\/wp-content\/uploads\/2022\/02\/Veggie_wok_and_noodles-300x239.png 300w, https:\/\/kingarms.ee\/wp-content\/uploads\/2022\/02\/Veggie_wok_and_noodles-150x120.png 150w, https:\/\/kingarms.ee\/wp-content\/uploads\/2022\/02\/Veggie_wok_and_noodles-500x399.png 500w, https:\/\/kingarms.ee\/wp-content\/uploads\/2022\/02\/Veggie_wok_and_noodles-1024x817.png 1024w, https:\/\/kingarms.ee\/wp-content\/uploads\/2022\/02\/Veggie_wok_and_noodles-768x613.png 768w, https:\/\/kingarms.ee\/wp-content\/uploads\/2022\/02\/Veggie_wok_and_noodles-1536x1225.png 1536w, https:\/\/kingarms.ee\/wp-content\/uploads\/2022\/02\/Veggie_wok_and_noodles.png 1798w\" sizes=\"auto, (max-width: 300px) 100vw, 300px\" \/><\/p>\n","protected":false},"excerpt":{"rendered":"<ul>\n<li>Lielisks veg\u0101nu \u0113diens<\/li>\n<li>Izstr\u0101d\u0101ts \u012bpa\u0161i veg\u0101niem<\/li>\n<li>Noteikti gar\u0161o ar\u012b ga\u013cas cien\u012bt\u0101jam<\/li>\n<li><span lang=\"ET\">Dabiski un ra\u017eoti Igaunij\u0101 <\/span><\/li>\n<li><span lang=\"ET\">Nesatur saglab\u0101\u0161ana UNPIEDEVA<\/span><\/li>\n<li><span lang=\"ET\">Ener\u0123\u0113tisk\u0101 v\u0113rt\u012bba uz porciju ir 503 kcal<\/span><\/li>\n<\/ul>\n<p><strong>Sast\u0101vda\u013ca: <\/strong><\/p>\n<p>\u0160paga (42%) (<strong>kvie<\/strong> redz\u0113ti milti, \u016bdri\u0146i, kurkuma), d\u0101rzi\u0146u buljone, rap\u0161u Ella, pipari (11,3%), burk\u0101ni (11,3%), pupi\u0146as (7,5%), s\u012bpoli (7,5%), tom\u0101ti (7,5%), ol\u012bvas, \u0137iploki, gar\u0161velas, gar\u0161augi, s\u0101ls. <strong>Razhoshanas lalgnijas datums produkts var saturalkt four life daudzumu selerija, sinepju UN piena.<\/strong><\/p>\n","protected":false},"featured_media":115216,"template":"","meta":{"_acf_changed":false},"product_brand":[],"product_cat":[1128],"product_tag":[],"class_list":{"0":"post-150059","1":"product","2":"type-product","3":"status-publish","4":"has-post-thumbnail","6":"product_cat-taktiska-partikas","8":"first","9":"instock","10":"taxable","11":"shipping-taxable","12":"purchasable","13":"product-type-simple"},"acf":[],"_links":{"self":[{"href":"https:\/\/kingarms.ee\/lv\/wp-json\/wp\/v2\/product\/150059","targetHints":{"allow":["GET"]}}],"collection":[{"href":"https:\/\/kingarms.ee\/lv\/wp-json\/wp\/v2\/product"}],"about":[{"href":"https:\/\/kingarms.ee\/lv\/wp-json\/wp\/v2\/types\/product"}],"wp:featuredmedia":[{"embeddable":true,"href":"https:\/\/kingarms.ee\/lv\/wp-json\/wp\/v2\/media\/115216"}],"wp:attachment":[{"href":"https:\/\/kingarms.ee\/lv\/wp-json\/wp\/v2\/media?parent=150059"}],"wp:term":[{"taxonomy":"product_brand","embeddable":true,"href":"https:\/\/kingarms.ee\/lv\/wp-json\/wp\/v2\/product_brand?post=150059"},{"taxonomy":"product_cat","embeddable":true,"href":"https:\/\/kingarms.ee\/lv\/wp-json\/wp\/v2\/product_cat?post=150059"},{"taxonomy":"product_tag","embeddable":true,"href":"https:\/\/kingarms.ee\/lv\/wp-json\/wp\/v2\/product_tag?post=150059"}],"curies":[{"name":"wp","href":"https:\/\/api.w.org\/{rel}","templated":true}]}}