{"id":150070,"date":"2023-07-07T19:28:55","date_gmt":"2025-05-25T14:45:55","guid":{"rendered":"https:\/\/kingarms.ee\/product\/termiskas-kameras-modulis-viedtalrunim-hikmicro\/"},"modified":"2025-08-03T16:19:17","modified_gmt":"2025-08-03T13:19:17","slug":"termiskas-kameras-modulis-viedtalrunim-hikmicro","status":"publish","type":"product","link":"https:\/\/kingarms.ee\/lv\/product\/termiskas-kameras-modulis-viedtalrunim-hikmicro\/","title":{"rendered":"Termisk\u0101s kameras modulis viedt\u0101lrunim, Hikmicro"},"content":{"rendered":"<p><img loading=\"lazy\" decoding=\"async\" class=\"alignnone size-full wp-image-80057\" src=\"https:\/\/kingarms.ee\/wp-content\/uploads\/2023\/07\/wid-W126148032.jpg\" alt=\"\" width=\"1400\" height=\"1400\" srcset=\"https:\/\/kingarms.ee\/wp-content\/uploads\/2023\/07\/wid-W126148032.jpg 1400w, https:\/\/kingarms.ee\/wp-content\/uploads\/2023\/07\/wid-W126148032-300x300.jpg 300w, https:\/\/kingarms.ee\/wp-content\/uploads\/2023\/07\/wid-W126148032-1024x1024.jpg 1024w, https:\/\/kingarms.ee\/wp-content\/uploads\/2023\/07\/wid-W126148032-150x150.jpg 150w, https:\/\/kingarms.ee\/wp-content\/uploads\/2023\/07\/wid-W126148032-768x768.jpg 768w, https:\/\/kingarms.ee\/wp-content\/uploads\/2023\/07\/wid-W126148032-500x500.jpg 500w\" sizes=\"auto, (max-width: 1400px) 100vw, 1400px\" \/><\/p>\n","protected":false},"excerpt":{"rendered":"<p>Termisk\u0101s kameras modulis viedt\u0101lrunim, Hikmicro<\/p>\n<ul>\n<li>160 \u00d7 120 iz\u0161\u0137irtsp\u0113ja<\/li>\n<li>&lt;NETD 40 mK (@25\u00b0C), F#=1.0<\/li>\n<li>Precizit\u0101te \u00b10,5 \u2103 (30 \u00b0C l\u012bdz 45 \u00b0C) ; \u00b12 \u00b0C (5 \u00b0C l\u012bdz 30 \u00b0C, 45 \u00b0C l\u012bdz 100 \u00b0C)<\/li>\n<li>C tipa USB saskarne (Android)<\/li>\n<li>Kaal 26g<\/li>\n<li>IP40<\/li>\n<\/ul>\n","protected":false},"featured_media":129662,"template":"","meta":{"_acf_changed":false},"product_brand":[],"product_cat":[1181],"product_tag":[],"class_list":{"0":"post-150070","1":"product","2":"type-product","3":"status-publish","4":"has-post-thumbnail","6":"product_cat-termiskas-kameras","8":"first","9":"instock","10":"taxable","11":"shipping-taxable","12":"purchasable","13":"product-type-simple"},"acf":[],"_links":{"self":[{"href":"https:\/\/kingarms.ee\/lv\/wp-json\/wp\/v2\/product\/150070","targetHints":{"allow":["GET"]}}],"collection":[{"href":"https:\/\/kingarms.ee\/lv\/wp-json\/wp\/v2\/product"}],"about":[{"href":"https:\/\/kingarms.ee\/lv\/wp-json\/wp\/v2\/types\/product"}],"wp:featuredmedia":[{"embeddable":true,"href":"https:\/\/kingarms.ee\/lv\/wp-json\/wp\/v2\/media\/129662"}],"wp:attachment":[{"href":"https:\/\/kingarms.ee\/lv\/wp-json\/wp\/v2\/media?parent=150070"}],"wp:term":[{"taxonomy":"product_brand","embeddable":true,"href":"https:\/\/kingarms.ee\/lv\/wp-json\/wp\/v2\/product_brand?post=150070"},{"taxonomy":"product_cat","embeddable":true,"href":"https:\/\/kingarms.ee\/lv\/wp-json\/wp\/v2\/product_cat?post=150070"},{"taxonomy":"product_tag","embeddable":true,"href":"https:\/\/kingarms.ee\/lv\/wp-json\/wp\/v2\/product_tag?post=150070"}],"curies":[{"name":"wp","href":"https:\/\/api.w.org\/{rel}","templated":true}]}}