{"id":150076,"date":"2023-07-07T13:37:12","date_gmt":"2025-05-25T14:47:42","guid":{"rendered":"https:\/\/kingarms.ee\/product\/tumsi-zils\/"},"modified":"2025-08-03T16:25:32","modified_gmt":"2025-08-03T13:25:32","slug":"tumsi-zils","status":"publish","type":"product","link":"https:\/\/kingarms.ee\/lv\/product\/tumsi-zils\/","title":{"rendered":"Tum\u0161i zils"},"content":{"rendered":"<p><img loading=\"lazy\" decoding=\"async\" class=\"alignnone size-full wp-image-79887\" src=\"https:\/\/kingarms.ee\/wp-content\/uploads\/2023\/07\/Combat-Shirt-Navy-Invader-Gear-az25535large3.png\" alt=\"\" width=\"1400\" height=\"980\" srcset=\"https:\/\/kingarms.ee\/wp-content\/uploads\/2023\/07\/Combat-Shirt-Navy-Invader-Gear-az25535large3.png 1400w, https:\/\/kingarms.ee\/wp-content\/uploads\/2023\/07\/Combat-Shirt-Navy-Invader-Gear-az25535large3-300x210.png 300w, https:\/\/kingarms.ee\/wp-content\/uploads\/2023\/07\/Combat-Shirt-Navy-Invader-Gear-az25535large3-1024x717.png 1024w, https:\/\/kingarms.ee\/wp-content\/uploads\/2023\/07\/Combat-Shirt-Navy-Invader-Gear-az25535large3-768x538.png 768w, https:\/\/kingarms.ee\/wp-content\/uploads\/2023\/07\/Combat-Shirt-Navy-Invader-Gear-az25535large3-500x350.png 500w, https:\/\/kingarms.ee\/wp-content\/uploads\/2023\/07\/Combat-Shirt-Navy-Invader-Gear-az25535large3-150x105.png 150w\" sizes=\"auto, (max-width: 1400px) 100vw, 1400px\" \/><\/p>\n","protected":false},"excerpt":{"rendered":"<p>Tum\u0161i zils ir \u013coti \u0113rts un popul\u0101rs vasaras ap\u0123\u0113rbu variants. Krekls ir izgatavots no kokvilnas un poliestera. Krekla korpuss ir saspringts. Tum\u0161i zils.<br \/>\nPieejamie izm\u0113ri:<br \/>\nM<br \/>\nL<br \/>\nXL<\/p>\n","protected":false},"featured_media":129576,"template":"","meta":{"_acf_changed":false},"product_brand":[],"product_cat":[1070],"product_tag":[],"class_list":{"0":"post-150076","1":"product","2":"type-product","3":"status-publish","4":"has-post-thumbnail","6":"product_cat-bluzes-krekli","8":"first","9":"instock","10":"taxable","11":"shipping-taxable","12":"purchasable","13":"product-type-simple"},"acf":[],"_links":{"self":[{"href":"https:\/\/kingarms.ee\/lv\/wp-json\/wp\/v2\/product\/150076","targetHints":{"allow":["GET"]}}],"collection":[{"href":"https:\/\/kingarms.ee\/lv\/wp-json\/wp\/v2\/product"}],"about":[{"href":"https:\/\/kingarms.ee\/lv\/wp-json\/wp\/v2\/types\/product"}],"wp:featuredmedia":[{"embeddable":true,"href":"https:\/\/kingarms.ee\/lv\/wp-json\/wp\/v2\/media\/129576"}],"wp:attachment":[{"href":"https:\/\/kingarms.ee\/lv\/wp-json\/wp\/v2\/media?parent=150076"}],"wp:term":[{"taxonomy":"product_brand","embeddable":true,"href":"https:\/\/kingarms.ee\/lv\/wp-json\/wp\/v2\/product_brand?post=150076"},{"taxonomy":"product_cat","embeddable":true,"href":"https:\/\/kingarms.ee\/lv\/wp-json\/wp\/v2\/product_cat?post=150076"},{"taxonomy":"product_tag","embeddable":true,"href":"https:\/\/kingarms.ee\/lv\/wp-json\/wp\/v2\/product_tag?post=150076"}],"curies":[{"name":"wp","href":"https:\/\/api.w.org\/{rel}","templated":true}]}}