{"id":150077,"date":"2023-07-07T12:43:49","date_gmt":"2025-05-25T14:48:00","guid":{"rendered":"https:\/\/kingarms.ee\/product\/colt-python\/"},"modified":"2025-08-03T16:26:32","modified_gmt":"2025-08-03T13:26:32","slug":"colt-python","status":"publish","type":"product","link":"https:\/\/kingarms.ee\/lv\/product\/colt-python\/","title":{"rendered":"Colt Python"},"content":{"rendered":"<p><img loading=\"lazy\" decoding=\"async\" class=\"alignnone size-full wp-image-79862\" src=\"https:\/\/kingarms.ee\/wp-content\/uploads\/2023\/07\/colt-python-4-5-mm-wind-revolver-6eeebc9ffb23428bb144eab886c3a30e-36fd21c2.jpg\" alt=\"\" width=\"900\" height=\"900\" srcset=\"https:\/\/kingarms.ee\/wp-content\/uploads\/2023\/07\/colt-python-4-5-mm-wind-revolver-6eeebc9ffb23428bb144eab886c3a30e-36fd21c2.jpg 900w, https:\/\/kingarms.ee\/wp-content\/uploads\/2023\/07\/colt-python-4-5-mm-wind-revolver-6eeebc9ffb23428bb144eab886c3a30e-36fd21c2-300x300.jpg 300w, https:\/\/kingarms.ee\/wp-content\/uploads\/2023\/07\/colt-python-4-5-mm-wind-revolver-6eeebc9ffb23428bb144eab886c3a30e-36fd21c2-150x150.jpg 150w, https:\/\/kingarms.ee\/wp-content\/uploads\/2023\/07\/colt-python-4-5-mm-wind-revolver-6eeebc9ffb23428bb144eab886c3a30e-36fd21c2-768x768.jpg 768w, https:\/\/kingarms.ee\/wp-content\/uploads\/2023\/07\/colt-python-4-5-mm-wind-revolver-6eeebc9ffb23428bb144eab886c3a30e-36fd21c2-500x500.jpg 500w\" sizes=\"auto, (max-width: 900px) 100vw, 900px\" \/><\/p>\n","protected":false},"excerpt":{"rendered":"<p>Colt Python 2, 5 collu 4, 5 mm BB CO2 ir ikonisks .Pneimatisk\u0101 kopija 357 Magnum revolveris, ko darbina CO2 kapsula un apdedzinot diabolo shot un BB &#8216; s.<\/p>\n<p>Kalibrs [mm] 4.5 mm<br \/>\nS\u0101kotn\u0113jais \u0101trums [m \/ s]. 115\/100<br \/>\nLodes kin\u0113tisk\u0101 ener\u0123ija [J]. maz\u0101k nek\u0101 3<br \/>\nPapl\u0101tes tilpums [gab.] 10<br \/>\nSpr\u016bda Tips DA \/ SA (div\u0113j\u0101da darb\u012bba \/ viena darb\u012bba)<br \/>\nBullet Tips:<br \/>\nBB,<br \/>\ndiabolo<\/p>\n","protected":false},"featured_media":129556,"template":"","meta":{"_acf_changed":false},"product_brand":[],"product_cat":[1005],"product_tag":[],"class_list":{"0":"post-150077","1":"product","2":"type-product","3":"status-publish","4":"has-post-thumbnail","6":"product_cat-rokas-pistoles-lv","8":"first","9":"onbackorder","10":"taxable","11":"shipping-taxable","12":"product-type-simple"},"acf":[],"_links":{"self":[{"href":"https:\/\/kingarms.ee\/lv\/wp-json\/wp\/v2\/product\/150077","targetHints":{"allow":["GET"]}}],"collection":[{"href":"https:\/\/kingarms.ee\/lv\/wp-json\/wp\/v2\/product"}],"about":[{"href":"https:\/\/kingarms.ee\/lv\/wp-json\/wp\/v2\/types\/product"}],"wp:featuredmedia":[{"embeddable":true,"href":"https:\/\/kingarms.ee\/lv\/wp-json\/wp\/v2\/media\/129556"}],"wp:attachment":[{"href":"https:\/\/kingarms.ee\/lv\/wp-json\/wp\/v2\/media?parent=150077"}],"wp:term":[{"taxonomy":"product_brand","embeddable":true,"href":"https:\/\/kingarms.ee\/lv\/wp-json\/wp\/v2\/product_brand?post=150077"},{"taxonomy":"product_cat","embeddable":true,"href":"https:\/\/kingarms.ee\/lv\/wp-json\/wp\/v2\/product_cat?post=150077"},{"taxonomy":"product_tag","embeddable":true,"href":"https:\/\/kingarms.ee\/lv\/wp-json\/wp\/v2\/product_tag?post=150077"}],"curies":[{"name":"wp","href":"https:\/\/api.w.org\/{rel}","templated":true}]}}